{"id":801,"date":"2019-06-20T21:08:54","date_gmt":"2019-06-20T21:08:54","guid":{"rendered":"http:\/\/ecoinnovationnetwork.org\/services-offerts-par-le-reseau\/"},"modified":"2019-07-24T18:31:07","modified_gmt":"2019-07-24T18:31:07","slug":"services-offerts-par-le-reseau","status":"publish","type":"page","link":"https:\/\/ecoinnovationnetwork.org\/fr\/services-offerts-par-le-reseau\/","title":{"rendered":"Services offerts par le R\u00e9seau"},"content":{"rendered":"\t\t<div data-elementor-type=\"wp-post\" data-elementor-id=\"801\" class=\"elementor elementor-801 elementor-517\">\n\t\t\t\t\t\t<section class=\"elementor-section elementor-top-section elementor-element elementor-element-da7e356 elementor-section-stretched elementor-section-full_width elementor-hidden-desktop elementor-hidden-tablet elementor-section-height-default elementor-section-height-default\" data-id=\"da7e356\" data-element_type=\"section\" data-e-type=\"section\" data-settings=\"{&quot;stretch_section&quot;:&quot;section-stretched&quot;}\">\n\t\t\t\t\t\t<div class=\"elementor-container elementor-column-gap-no\">\n\t\t\t\t\t<div class=\"elementor-column elementor-col-100 elementor-top-column elementor-element elementor-element-94467b6\" data-id=\"94467b6\" data-element_type=\"column\" data-e-type=\"column\">\n\t\t\t<div class=\"elementor-widget-wrap elementor-element-populated\">\n\t\t\t\t\t\t<div class=\"elementor-element elementor-element-f67c557 elementor-widget elementor-widget-html\" data-id=\"f67c557\" data-element_type=\"widget\" data-e-type=\"widget\" data-widget_type=\"html.default\">\n\t\t\t\t<div class=\"elementor-widget-container\">\n\t\t\t\t\t<!--This titles will display on mobile, to change this go to Edit Section->Advanced->Responsive-->\r\n<div class=\"green-ribbon-mobile\">\r\n\t\t<h2>Services Offerts par le R\u00e9seau<\/h2>\r\n<\/div>\r\n\t\t\t\t<\/div>\n\t\t\t\t<\/div>\n\t\t\t\t\t<\/div>\n\t\t<\/div>\n\t\t\t\t\t<\/div>\n\t\t<\/section>\n\t\t\t\t<section class=\"elementor-section elementor-top-section elementor-element elementor-element-7ec6960 elementor-hidden-phone elementor-section-boxed elementor-section-height-default elementor-section-height-default\" data-id=\"7ec6960\" data-element_type=\"section\" data-e-type=\"section\">\n\t\t\t\t\t\t<div class=\"elementor-container elementor-column-gap-default\">\n\t\t\t\t\t<div class=\"elementor-column elementor-col-100 elementor-top-column elementor-element elementor-element-82400e9\" data-id=\"82400e9\" data-element_type=\"column\" data-e-type=\"column\">\n\t\t\t<div class=\"elementor-widget-wrap elementor-element-populated\">\n\t\t\t\t\t\t<div class=\"elementor-element elementor-element-89ffd10 elementor-widget elementor-widget-html\" data-id=\"89ffd10\" data-element_type=\"widget\" data-e-type=\"widget\" data-widget_type=\"html.default\">\n\t\t\t\t<div class=\"elementor-widget-container\">\n\t\t\t\t\t<!--This titles will display on tablet and desktop, to change this go to Edit Section->Advanced->Responsive-->\r\n<div class=\"ribbon-wrapper\">\r\n\t<div class=\"ribbon-front\" style=\"width:500px;\">\r\n\t\t<h2>Services offerts par le R\u00e9seau<\/h2>\r\n\t<\/div>\r\n\t<div class=\"ribbon-edge-bottomleft\"><\/div>\r\n\t<div class=\"ribbon-edge-bottomright\"><\/div>\r\n\t<div class=\"ribbon-back-left\"><\/div>\r\n\t<div class=\"ribbon-back-right\"><\/div>\r\n<\/div>\r\n\t\t\t\t<\/div>\n\t\t\t\t<\/div>\n\t\t\t\t\t<\/div>\n\t\t<\/div>\n\t\t\t\t\t<\/div>\n\t\t<\/section>\n\t\t\t\t<section class=\"elementor-section elementor-top-section elementor-element elementor-element-0da6398 elementor-section-boxed elementor-section-height-default elementor-section-height-default\" data-id=\"0da6398\" data-element_type=\"section\" data-e-type=\"section\">\n\t\t\t\t\t\t<div class=\"elementor-container elementor-column-gap-default\">\n\t\t\t\t\t<div class=\"elementor-column elementor-col-100 elementor-top-column elementor-element elementor-element-a69578f\" data-id=\"a69578f\" data-element_type=\"column\" data-e-type=\"column\">\n\t\t\t<div class=\"elementor-widget-wrap elementor-element-populated\">\n\t\t\t\t\t\t<section class=\"elementor-section elementor-inner-section elementor-element elementor-element-af172e0 elementor-section-boxed elementor-section-height-default elementor-section-height-default\" data-id=\"af172e0\" data-element_type=\"section\" data-e-type=\"section\">\n\t\t\t\t\t\t<div class=\"elementor-container elementor-column-gap-default\">\n\t\t\t\t\t<div class=\"elementor-column elementor-col-100 elementor-inner-column elementor-element elementor-element-7aa02cf\" data-id=\"7aa02cf\" data-element_type=\"column\" data-e-type=\"column\">\n\t\t\t<div class=\"elementor-widget-wrap elementor-element-populated\">\n\t\t\t\t\t\t<div class=\"elementor-element elementor-element-6388c82 elementor-widget elementor-widget-text-editor\" data-id=\"6388c82\" data-element_type=\"widget\" data-e-type=\"widget\" data-widget_type=\"text-editor.default\">\n\t\t\t\t<div class=\"elementor-widget-container\">\n\t\t\t\t\t\t\t\t\t<p class=\"our-mission-text\">Le R\u00e9seau d\u2019\u00c9coInnovation est cens\u00e9 offrir les services \u00e9num\u00e9r\u00e9s ci-apr\u00e8s:<\/p>\n<ol class=\"our-mission-text\">\n<li><strong>Des ressources p\u00e9dagogiques : <\/strong>Le R\u00e9seau donne \u00e0 ses membres l&rsquo;acc\u00e8s \u00e0 des ressources dont les outils permettent \u00e0 leurs utilisateurs de perfectionner leurs comp\u00e9tences en mati\u00e8re de d\u00e9veloppement durable dans les domaines de l\u2019entrepreneuriat et de l\u2019innovation.<br class=\"\"><br class=\"\">\n<ul>\n<li>Un curriculum : Documents et formation destin\u00e9s au personnel et aux utilisateurs (dont les jeunes et les collectivit\u00e9s) afin de leur fournir les renseignements et les outils n\u00e9cessaires au lancement fructueux et \u00e0 l\u2019essor d\u2019une entreprise ax\u00e9e sur le d\u00e9veloppement durable. <\/li>\n<li>Une base de donn\u00e9es sur les personnes-ressources\u00a0: Il s\u2019agit d\u2019une base de donn\u00e9es contenant les coordonn\u00e9es des personnes avec lesquelles des relations sont d\u00e9j\u00e0 \u00e9tablies en vue de conclure des partenariats en mati\u00e8re de fabrication et de financement.<br class=\"\"><br class=\"\"><\/li>\n<\/ul>\n<\/li>\n<li><strong>L&rsquo;\u00e9tablissement de relations :<\/strong>Il s\u2019agit de services d\u2019\u00e9tablissement de relations entre les centres d\u2019innovation et leurs utilisateurs, ainsi qu\u2019avec les repr\u00e9sentants des milieux commercial, industriel et gouvernemental qui se vouent au d\u00e9veloppement durable. Ces services comprennent les suivants:<br class=\"\"><br class=\"\">\n<ul>\n<li>Des activit\u00e9s : Lorsque ces activit\u00e9s, dont des ateliers, des r\u00e9unions de sp\u00e9cialistes et des conf\u00e9rences sont r\u00e9currentes et ont lieu en personne ou en ligne, elles apportent de pr\u00e9cieux renseignements aux membres et facilitent l\u2019\u00e9tablissement de relations entre eux. <\/li>\n<li>Des projets communs : Les membres collaborent \u00e0 des projets qui leur sont mutuellement b\u00e9n\u00e9fiques et \u00e9changent des \u00e9tudes de cas.<br class=\"\"><br class=\"\"><\/li>\n<\/ul>\n<\/li>\n<li><strong>Des activit\u00e9s promotionnelles : <\/strong> Ces activit\u00e9s permettent au R\u00e9seau de gagner en visibilit\u00e9 aupr\u00e8s du public et d\u2019accro\u00eetre sa base de connaissances en publiant des rapports trimestriels ou annuels sur les pratiques exemplaires, mais aussi en organisant un d\u00e9fi d\u2019innovation tel que le D\u00e9fi Innovation jeunesse mis sur pied par la CCE. Les activit\u00e9s en question comprennent les suivantes:<br class=\"\"><br class=\"\">\n<ul>\n<li>L&rsquo;\u00e9tablissement de rapports et le transfert de connaissances\u00a0: Il s\u2019agit de publications r\u00e9guli\u00e8res portant sur les pratiques exemplaires dans les domaines de l\u2019innovation et de l\u2019entrepreneuriat ax\u00e9s sur le d\u00e9veloppement durable, y compris des rapports relatifs aux mesures, aux membres et aux faits saillants sur le R\u00e9seau, ainsi que sur les tendances de l\u2019industrie et les ressources disponibles.<\/li>\n<li>Des conf\u00e9rences et des concours : Il s\u2019agit d\u2019un programme annuel ou bisannuel destin\u00e9 \u00e0 promouvoir les activit\u00e9s li\u00e9es \u00e0 la croissance verte, et \u00e0 offrir des possibilit\u00e9s de r\u00e9seautage et de collaboration visant \u00e0 favoriser une telle croissance. Il est possible d\u2019ex\u00e9cuter ce programme conjointement \u00e0 des activit\u00e9s de r\u00e9seautage compl\u00e9mentaires.<\/li>\n<\/ul>\n<\/li>\n<\/ol>\n\t\t\t\t\t\t\t\t<\/div>\n\t\t\t\t<\/div>\n\t\t\t\t<div class=\"elementor-element elementor-element-f753097 elementor-widget elementor-widget-spacer\" data-id=\"f753097\" data-element_type=\"widget\" data-e-type=\"widget\" data-widget_type=\"spacer.default\">\n\t\t\t\t<div class=\"elementor-widget-container\">\n\t\t\t\t\t\t\t<div class=\"elementor-spacer\">\n\t\t\t<div class=\"elementor-spacer-inner\"><\/div>\n\t\t<\/div>\n\t\t\t\t\t\t<\/div>\n\t\t\t\t<\/div>\n\t\t\t\t\t<\/div>\n\t\t<\/div>\n\t\t\t\t\t<\/div>\n\t\t<\/section>\n\t\t\t\t\t<\/div>\n\t\t<\/div>\n\t\t\t\t\t<\/div>\n\t\t<\/section>\n\t\t\t\t<section class=\"elementor-section elementor-top-section elementor-element elementor-element-df83013 elementor-section-boxed elementor-section-height-default elementor-section-height-default\" data-id=\"df83013\" data-element_type=\"section\" data-e-type=\"section\">\n\t\t\t\t\t\t<div class=\"elementor-container elementor-column-gap-default\">\n\t\t\t\t\t<div class=\"elementor-column elementor-col-100 elementor-top-column elementor-element elementor-element-fae7935\" data-id=\"fae7935\" data-element_type=\"column\" data-e-type=\"column\">\n\t\t\t<div class=\"elementor-widget-wrap elementor-element-populated\">\n\t\t\t\t\t\t\t<\/div>\n\t\t<\/div>\n\t\t\t\t\t<\/div>\n\t\t<\/section>\n\t\t\t\t<\/div>\n\t\t","protected":false},"excerpt":{"rendered":"<p>Services Offerts par le R\u00e9seau Services offerts par le R\u00e9seau Le R\u00e9seau d\u2019\u00c9coInnovation est cens\u00e9 offrir les services \u00e9num\u00e9r\u00e9s ci-apr\u00e8s: Des ressources p\u00e9dagogiques : Le R\u00e9seau donne \u00e0 ses membres l&rsquo;acc\u00e8s \u00e0 des ressources dont les outils permettent \u00e0 leurs utilisateurs de perfectionner leurs comp\u00e9tences en mati\u00e8re de d\u00e9veloppement durable dans les domaines de l\u2019entrepreneuriat [&hellip;]<\/p>\n","protected":false},"author":1,"featured_media":0,"parent":0,"menu_order":0,"comment_status":"closed","ping_status":"closed","template":"elementor_header_footer","meta":{"_acf_changed":false,"footnotes":""},"class_list":["post-801","page","type-page","status-publish","hentry"],"yoast_head":"<!-- This site is optimized with the Yoast SEO plugin v27.0 - https:\/\/yoast.com\/product\/yoast-seo-wordpress\/ -->\n<title>Services offerts par le R\u00e9seau - EcoInnovation Network - Where sustainability and entrepreneurship connect<\/title>\n<meta name=\"robots\" content=\"index, follow, max-snippet:-1, max-image-preview:large, max-video-preview:-1\" \/>\n<link rel=\"canonical\" href=\"https:\/\/ecoinnovationnetwork.org\/network-services\/\" \/>\n<meta property=\"og:locale\" content=\"fr_FR\" \/>\n<meta property=\"og:type\" content=\"article\" \/>\n<meta property=\"og:title\" content=\"Services offerts par le R\u00e9seau - EcoInnovation Network - Where sustainability and entrepreneurship connect\" \/>\n<meta property=\"og:description\" content=\"Services Offerts par le R\u00e9seau Services offerts par le R\u00e9seau Le R\u00e9seau d\u2019\u00c9coInnovation est cens\u00e9 offrir les services \u00e9num\u00e9r\u00e9s ci-apr\u00e8s: Des ressources p\u00e9dagogiques : Le R\u00e9seau donne \u00e0 ses membres l&rsquo;acc\u00e8s \u00e0 des ressources dont les outils permettent \u00e0 leurs utilisateurs de perfectionner leurs comp\u00e9tences en mati\u00e8re de d\u00e9veloppement durable dans les domaines de l\u2019entrepreneuriat [&hellip;]\" \/>\n<meta property=\"og:url\" content=\"https:\/\/ecoinnovationnetwork.org\/network-services\/\" \/>\n<meta property=\"og:site_name\" content=\"EcoInnovation Network\" \/>\n<meta property=\"article:modified_time\" content=\"2019-07-24T18:31:07+00:00\" \/>\n<meta property=\"og:image\" content=\"https:\/\/ecoinnovationnetwork.org\/wp-content\/uploads\/2019\/04\/06-e1556726484459.jpg\" \/>\n\t<meta property=\"og:image:width\" content=\"1920\" \/>\n\t<meta property=\"og:image:height\" content=\"1118\" \/>\n\t<meta property=\"og:image:type\" content=\"image\/jpeg\" \/>\n<meta name=\"twitter:card\" content=\"summary_large_image\" \/>\n<meta name=\"twitter:label1\" content=\"Dur\u00e9e de lecture estim\u00e9e\" \/>\n\t<meta name=\"twitter:data1\" content=\"2 minutes\" \/>\n<script type=\"application\/ld+json\" class=\"yoast-schema-graph\">{\"@context\":\"https:\/\/schema.org\",\"@graph\":[{\"@type\":\"WebPage\",\"@id\":\"https:\/\/ecoinnovationnetwork.org\/network-services\/\",\"url\":\"https:\/\/ecoinnovationnetwork.org\/network-services\/\",\"name\":\"Services offerts par le R\u00e9seau - EcoInnovation Network - Where sustainability and entrepreneurship connect\",\"isPartOf\":{\"@id\":\"https:\/\/ecoinnovationnetwork.org\/#website\"},\"datePublished\":\"2019-06-20T21:08:54+00:00\",\"dateModified\":\"2019-07-24T18:31:07+00:00\",\"breadcrumb\":{\"@id\":\"https:\/\/ecoinnovationnetwork.org\/network-services\/#breadcrumb\"},\"inLanguage\":\"fr-FR\",\"potentialAction\":[{\"@type\":\"ReadAction\",\"target\":[\"https:\/\/ecoinnovationnetwork.org\/network-services\/\"]}]},{\"@type\":\"BreadcrumbList\",\"@id\":\"https:\/\/ecoinnovationnetwork.org\/network-services\/#breadcrumb\",\"itemListElement\":[{\"@type\":\"ListItem\",\"position\":1,\"name\":\"Home\",\"item\":\"https:\/\/ecoinnovationnetwork.org\/fr\/\"},{\"@type\":\"ListItem\",\"position\":2,\"name\":\"Services offerts par le R\u00e9seau\"}]},{\"@type\":\"WebSite\",\"@id\":\"https:\/\/ecoinnovationnetwork.org\/#website\",\"url\":\"https:\/\/ecoinnovationnetwork.org\/\",\"name\":\"EcoInnovation Network\",\"description\":\"Where sustainability and entrepreneurship connect\",\"publisher\":{\"@id\":\"https:\/\/ecoinnovationnetwork.org\/#organization\"},\"potentialAction\":[{\"@type\":\"SearchAction\",\"target\":{\"@type\":\"EntryPoint\",\"urlTemplate\":\"https:\/\/ecoinnovationnetwork.org\/?s={search_term_string}\"},\"query-input\":{\"@type\":\"PropertyValueSpecification\",\"valueRequired\":true,\"valueName\":\"search_term_string\"}}],\"inLanguage\":\"fr-FR\"},{\"@type\":\"Organization\",\"@id\":\"https:\/\/ecoinnovationnetwork.org\/#organization\",\"name\":\"EcoInnovation Network\",\"url\":\"https:\/\/ecoinnovationnetwork.org\/\",\"logo\":{\"@type\":\"ImageObject\",\"inLanguage\":\"fr-FR\",\"@id\":\"https:\/\/ecoinnovationnetwork.org\/#\/schema\/logo\/image\/\",\"url\":\"http:\/\/ecoinnovationnetwork.org\/wp-content\/uploads\/2019\/07\/CEC_EcoInnovation-Logo-Eng-RGB.png\",\"contentUrl\":\"http:\/\/ecoinnovationnetwork.org\/wp-content\/uploads\/2019\/07\/CEC_EcoInnovation-Logo-Eng-RGB.png\",\"width\":1462,\"height\":406,\"caption\":\"EcoInnovation Network\"},\"image\":{\"@id\":\"https:\/\/ecoinnovationnetwork.org\/#\/schema\/logo\/image\/\"}}]}<\/script>\n<!-- \/ Yoast SEO plugin. -->","yoast_head_json":{"title":"Services offerts par le R\u00e9seau - EcoInnovation Network - Where sustainability and entrepreneurship connect","robots":{"index":"index","follow":"follow","max-snippet":"max-snippet:-1","max-image-preview":"max-image-preview:large","max-video-preview":"max-video-preview:-1"},"canonical":"https:\/\/ecoinnovationnetwork.org\/network-services\/","og_locale":"fr_FR","og_type":"article","og_title":"Services offerts par le R\u00e9seau - EcoInnovation Network - Where sustainability and entrepreneurship connect","og_description":"Services Offerts par le R\u00e9seau Services offerts par le R\u00e9seau Le R\u00e9seau d\u2019\u00c9coInnovation est cens\u00e9 offrir les services \u00e9num\u00e9r\u00e9s ci-apr\u00e8s: Des ressources p\u00e9dagogiques : Le R\u00e9seau donne \u00e0 ses membres l&rsquo;acc\u00e8s \u00e0 des ressources dont les outils permettent \u00e0 leurs utilisateurs de perfectionner leurs comp\u00e9tences en mati\u00e8re de d\u00e9veloppement durable dans les domaines de l\u2019entrepreneuriat [&hellip;]","og_url":"https:\/\/ecoinnovationnetwork.org\/network-services\/","og_site_name":"EcoInnovation Network","article_modified_time":"2019-07-24T18:31:07+00:00","og_image":[{"width":1920,"height":1118,"url":"https:\/\/ecoinnovationnetwork.org\/wp-content\/uploads\/2019\/04\/06-e1556726484459.jpg","type":"image\/jpeg"}],"twitter_card":"summary_large_image","twitter_misc":{"Dur\u00e9e de lecture estim\u00e9e":"2 minutes"},"schema":{"@context":"https:\/\/schema.org","@graph":[{"@type":"WebPage","@id":"https:\/\/ecoinnovationnetwork.org\/network-services\/","url":"https:\/\/ecoinnovationnetwork.org\/network-services\/","name":"Services offerts par le R\u00e9seau - EcoInnovation Network - Where sustainability and entrepreneurship connect","isPartOf":{"@id":"https:\/\/ecoinnovationnetwork.org\/#website"},"datePublished":"2019-06-20T21:08:54+00:00","dateModified":"2019-07-24T18:31:07+00:00","breadcrumb":{"@id":"https:\/\/ecoinnovationnetwork.org\/network-services\/#breadcrumb"},"inLanguage":"fr-FR","potentialAction":[{"@type":"ReadAction","target":["https:\/\/ecoinnovationnetwork.org\/network-services\/"]}]},{"@type":"BreadcrumbList","@id":"https:\/\/ecoinnovationnetwork.org\/network-services\/#breadcrumb","itemListElement":[{"@type":"ListItem","position":1,"name":"Home","item":"https:\/\/ecoinnovationnetwork.org\/fr\/"},{"@type":"ListItem","position":2,"name":"Services offerts par le R\u00e9seau"}]},{"@type":"WebSite","@id":"https:\/\/ecoinnovationnetwork.org\/#website","url":"https:\/\/ecoinnovationnetwork.org\/","name":"EcoInnovation Network","description":"Where sustainability and entrepreneurship connect","publisher":{"@id":"https:\/\/ecoinnovationnetwork.org\/#organization"},"potentialAction":[{"@type":"SearchAction","target":{"@type":"EntryPoint","urlTemplate":"https:\/\/ecoinnovationnetwork.org\/?s={search_term_string}"},"query-input":{"@type":"PropertyValueSpecification","valueRequired":true,"valueName":"search_term_string"}}],"inLanguage":"fr-FR"},{"@type":"Organization","@id":"https:\/\/ecoinnovationnetwork.org\/#organization","name":"EcoInnovation Network","url":"https:\/\/ecoinnovationnetwork.org\/","logo":{"@type":"ImageObject","inLanguage":"fr-FR","@id":"https:\/\/ecoinnovationnetwork.org\/#\/schema\/logo\/image\/","url":"http:\/\/ecoinnovationnetwork.org\/wp-content\/uploads\/2019\/07\/CEC_EcoInnovation-Logo-Eng-RGB.png","contentUrl":"http:\/\/ecoinnovationnetwork.org\/wp-content\/uploads\/2019\/07\/CEC_EcoInnovation-Logo-Eng-RGB.png","width":1462,"height":406,"caption":"EcoInnovation Network"},"image":{"@id":"https:\/\/ecoinnovationnetwork.org\/#\/schema\/logo\/image\/"}}]}},"acf":[],"_links":{"self":[{"href":"https:\/\/ecoinnovationnetwork.org\/fr\/wp-json\/wp\/v2\/pages\/801","targetHints":{"allow":["GET"]}}],"collection":[{"href":"https:\/\/ecoinnovationnetwork.org\/fr\/wp-json\/wp\/v2\/pages"}],"about":[{"href":"https:\/\/ecoinnovationnetwork.org\/fr\/wp-json\/wp\/v2\/types\/page"}],"author":[{"embeddable":true,"href":"https:\/\/ecoinnovationnetwork.org\/fr\/wp-json\/wp\/v2\/users\/1"}],"replies":[{"embeddable":true,"href":"https:\/\/ecoinnovationnetwork.org\/fr\/wp-json\/wp\/v2\/comments?post=801"}],"version-history":[{"count":23,"href":"https:\/\/ecoinnovationnetwork.org\/fr\/wp-json\/wp\/v2\/pages\/801\/revisions"}],"predecessor-version":[{"id":1184,"href":"https:\/\/ecoinnovationnetwork.org\/fr\/wp-json\/wp\/v2\/pages\/801\/revisions\/1184"}],"wp:attachment":[{"href":"https:\/\/ecoinnovationnetwork.org\/fr\/wp-json\/wp\/v2\/media?parent=801"}],"curies":[{"name":"wp","href":"https:\/\/api.w.org\/{rel}","templated":true}]}}