{"id":799,"date":"2019-06-20T20:56:14","date_gmt":"2019-06-20T20:56:14","guid":{"rendered":"http:\/\/ecoinnovationnetwork.org\/centres-dinnovation\/"},"modified":"2019-07-24T18:22:04","modified_gmt":"2019-07-24T18:22:04","slug":"centres-dinnovation","status":"publish","type":"page","link":"https:\/\/ecoinnovationnetwork.org\/fr\/centres-dinnovation\/","title":{"rendered":"Centres d&rsquo;innovation"},"content":{"rendered":"\t\t<div data-elementor-type=\"wp-post\" data-elementor-id=\"799\" class=\"elementor elementor-799 elementor-545\">\n\t\t\t\t\t\t<section class=\"elementor-section elementor-top-section elementor-element elementor-element-da7e356 elementor-section-stretched elementor-section-full_width elementor-hidden-desktop elementor-hidden-tablet elementor-section-height-default elementor-section-height-default\" data-id=\"da7e356\" data-element_type=\"section\" data-e-type=\"section\" data-settings=\"{&quot;stretch_section&quot;:&quot;section-stretched&quot;}\">\n\t\t\t\t\t\t<div class=\"elementor-container elementor-column-gap-no\">\n\t\t\t\t\t<div class=\"elementor-column elementor-col-100 elementor-top-column elementor-element elementor-element-94467b6\" data-id=\"94467b6\" data-element_type=\"column\" data-e-type=\"column\">\n\t\t\t<div class=\"elementor-widget-wrap elementor-element-populated\">\n\t\t\t\t\t\t<div class=\"elementor-element elementor-element-f67c557 elementor-widget elementor-widget-html\" data-id=\"f67c557\" data-element_type=\"widget\" data-e-type=\"widget\" data-widget_type=\"html.default\">\n\t\t\t\t<div class=\"elementor-widget-container\">\n\t\t\t\t\t<!--This titles will display on mobile, to change this go to Edit Section->Advanced->Responsive-->\r\n<div class=\"green-ribbon-mobile\">\r\n\t\t<h2>Centres d'innovation<\/h2>\r\n<\/div>\r\n\t\t\t\t<\/div>\n\t\t\t\t<\/div>\n\t\t\t\t\t<\/div>\n\t\t<\/div>\n\t\t\t\t\t<\/div>\n\t\t<\/section>\n\t\t\t\t<section class=\"elementor-section elementor-top-section elementor-element elementor-element-7ec6960 elementor-hidden-phone elementor-section-boxed elementor-section-height-default elementor-section-height-default\" data-id=\"7ec6960\" data-element_type=\"section\" data-e-type=\"section\">\n\t\t\t\t\t\t<div class=\"elementor-container elementor-column-gap-default\">\n\t\t\t\t\t<div class=\"elementor-column elementor-col-100 elementor-top-column elementor-element elementor-element-82400e9\" data-id=\"82400e9\" data-element_type=\"column\" data-e-type=\"column\">\n\t\t\t<div class=\"elementor-widget-wrap elementor-element-populated\">\n\t\t\t\t\t\t<div class=\"elementor-element elementor-element-89ffd10 elementor-widget elementor-widget-html\" data-id=\"89ffd10\" data-element_type=\"widget\" data-e-type=\"widget\" data-widget_type=\"html.default\">\n\t\t\t\t<div class=\"elementor-widget-container\">\n\t\t\t\t\t<!--This titles will display on tablet and desktop, to change this go to Edit Section->Advanced->Responsive-->\r\n<div class=\"ribbon-wrapper\">\r\n\t<div class=\"ribbon-front\" style=\"width:500px;\">\r\n\t\t<h2>Centres d'innovation<\/h2>\r\n\t<\/div>\r\n\t<div class=\"ribbon-edge-bottomleft\"><\/div>\r\n\t<div class=\"ribbon-edge-bottomright\"><\/div>\r\n\t<div class=\"ribbon-back-left\"><\/div>\r\n\t<div class=\"ribbon-back-right\"><\/div>\r\n<\/div>\r\n\t\t\t\t<\/div>\n\t\t\t\t<\/div>\n\t\t\t\t\t<\/div>\n\t\t<\/div>\n\t\t\t\t\t<\/div>\n\t\t<\/section>\n\t\t\t\t<section class=\"elementor-section elementor-top-section elementor-element elementor-element-0da6398 elementor-section-boxed elementor-section-height-default elementor-section-height-default\" data-id=\"0da6398\" data-element_type=\"section\" data-e-type=\"section\">\n\t\t\t\t\t\t<div class=\"elementor-container elementor-column-gap-default\">\n\t\t\t\t\t<div class=\"elementor-column elementor-col-100 elementor-top-column elementor-element elementor-element-a69578f\" data-id=\"a69578f\" data-element_type=\"column\" data-e-type=\"column\">\n\t\t\t<div class=\"elementor-widget-wrap elementor-element-populated\">\n\t\t\t\t\t\t<section class=\"elementor-section elementor-inner-section elementor-element elementor-element-af172e0 elementor-section-boxed elementor-section-height-default elementor-section-height-default\" data-id=\"af172e0\" data-element_type=\"section\" data-e-type=\"section\">\n\t\t\t\t\t\t<div class=\"elementor-container elementor-column-gap-default\">\n\t\t\t\t\t<div class=\"elementor-column elementor-col-100 elementor-inner-column elementor-element elementor-element-7aa02cf\" data-id=\"7aa02cf\" data-element_type=\"column\" data-e-type=\"column\">\n\t\t\t<div class=\"elementor-widget-wrap elementor-element-populated\">\n\t\t\t\t\t\t<div class=\"elementor-element elementor-element-6388c82 elementor-widget elementor-widget-text-editor\" data-id=\"6388c82\" data-element_type=\"widget\" data-e-type=\"widget\" data-widget_type=\"text-editor.default\">\n\t\t\t\t<div class=\"elementor-widget-container\">\n\t\t\t\t\t\t\t\t\t<h4><strong>Services d\u2019un centre d\u2019innovation visant \u00e0 promouvoir \tl\u2019entrepreneuriat et le d\u00e9veloppement durable<\/strong><\/h4>\n<p class=\"our-mission-text\">Dans le cadre du R\u00e9seau, les centres d\u2019innovation visant \u00e0 promouvoir l\u2019entrepreneuriat et le d\u00e9veloppement durable doivent mettre sur pied ou am\u00e9liorer l\u2019un ou plusieurs des services \u00e9num\u00e9r\u00e9s ci-apr\u00e8s:<br class=\"\"><br class=\"\"><\/p>\n<ol class=\"our-mission-text\">\n<li>L&rsquo;\u00e9tablissement et le personnel d\u00e9sign\u00e9s\n<ol type=\"a\">\n<li>Chaque centre emploie du personnel \u00e0 temps plein et destine ses services aux \u00e9tudiants, aux professeurs et au personnel, ainsi qu\u2019aux membres de la collectivit\u00e9 et aux entreprises locales, dans le cadre de projets d\u2019entrepreneuriat et de conception qui favorise la croissance durable.<\/li>\n<li>Des espaces de cotravail : Chaque centre dispose d\u2019un am\u00e9nagement d\u2019espaces de travail partag\u00e9s qui incitent \u00e0 nouer des relations.<\/li>\n<li>Un laboratoire ouvert : Chaque centre dispose d\u2019un espace physique o\u00f9 la collectivit\u00e9 peut avoir acc\u00e8s \u00e0 de l\u2019\u00e9quipement de fabrication par num\u00e9risation et prototypage, et \u00e0 de l\u2019\u00e9quipement de microfabrication. <\/li>\n<li>d. L&rsquo;incubation d\u2019entreprises : Chaque centre dispose d\u2019un espace physique donnant acc\u00e8s \u00e0 du mentorat et \u00e0 de l\u2019aide aux entrepreneurs, ainsi qu\u2019\u00e0 des relations d\u2019affaires et \u00e0 des ressources qui d\u00e9passent celles qu\u2019ils sont en mesure de trouver eux-m\u00eames.<br class=\"\"><br class=\"\"><\/li>\n<\/ol>\n<\/li>\n<li>Des outils de renforcement des capacit\u00e9s et des ressources p\u00e9dagogiques\n<ol type=\"a\">\n<li>L&rsquo;encadrement, la formation et des ateliers : Chaque centre offre des cours structur\u00e9s sur des sujets pertinents, tels que les pratiques exemplaires, le codage et l\u2019\u00e9laboration de logiciels, la strat\u00e9gie de m\u00e9dias sociaux, l\u2019art oratoire, la comptabilit\u00e9, la gestion d\u2019investissements et tout autre sujet jug\u00e9 n\u00e9cessaire.<\/li>\n<li>Un programme sur le d\u00e9veloppement durable : Chaque centre offre des connaissances sp\u00e9cialis\u00e9es, des cours et des ressources afin que les utilisateurs puissent faire en sorte que le d\u00e9veloppement durable constitue un objectif dans le cadre d\u2019un processus d\u2019innovation et d\u2019entrepreneuriat.<\/li>\n<li>Le mentorat : Chaque centre \u00e9labore et offre des programmes de mentorat structur\u00e9s qui permettent aux utilisateurs d\u2019acqu\u00e9rir des comp\u00e9tences dans les domaines technique, financier et commercial.<\/li>\n<li>L&rsquo;acc\u00e9l\u00e9ration d\u2019entreprises en d\u00e9marrage : Chaque centre \u00e9labore un programme d\u2019\u00e9tudes et de mentorat, d\u2019une dur\u00e9e d\u00e9termin\u00e9e, portant sur la croissance rapide d\u2019entreprises. Ce programme comprend g\u00e9n\u00e9ralement un volet sur les possibilit\u00e9s d\u2019investissement et offre aussi l\u2019occasion d\u2019\u00e9tablir d\u2019importantes relations avec des investisseurs. <\/li>\n<li>Les services juridiques : Chaque centre donne acc\u00e8s \u00e0 des services juridiques \u00e0 prix modique ou r\u00e9duit relativement \u00e0 la cr\u00e9ation d\u2019entreprises et \u00e0 l\u2019obtention de brevets.<br class=\"\"><br class=\"\"><\/li>\n<\/ol>\n<\/li>\n<li>Des outils de collaboration et de partenariat\n<ol type=\"a\">\n<li>a. Chaque centre \u00e9tablit des relations avec d\u2019autres d\u00e9partements de son campus universitaire aux fins de visibilit\u00e9 et de collaboration, ainsi qu\u2019\u00e0 l\u2019ext\u00e9rieur de l\u2019\u00e9tablissement et du campus universitaires, et participe et contribue \u00e0 l\u2019ensemble de l\u2019\u00e9cosyst\u00e8me entrepreneurial de la collectivit\u00e9.<\/li>\n<li>L&rsquo;acc\u00e8s \u00e0 des concours r\u00e9gionaux, nationaux et mondiaux : Chaque centre offre la possibilit\u00e9 de participer \u00e0 ces concours, notamment ceux portant sur le d\u00e9veloppement durable qui permettent de remporter des prix en argent, en placements et en mentorat publicitaire.<\/li>\n<li>Les relations avec l\u2019industrie : Chaque centre facilite l\u2019entr\u00e9e en relation avec des entit\u00e9s gouvernementales et des partenaires du secteur industriel afin d\u2019\u00e9largir l\u2019acc\u00e8s aux ressources et aux investissements (p. ex., des investisseurs providentiels, des subventionneurs et des sources de financement) en mati\u00e8re de d\u00e9veloppement durable, tout en offrant le mentorat, les comp\u00e9tences et les ressources dont les entreprises ont besoin pour se d\u00e9velopper. <\/li>\n<li>Les communications et le marketing : Chaque centre d\u00e9ploie de plus grands efforts en mati\u00e8re de publicit\u00e9 afin d\u2019accro\u00eetre la visibilit\u00e9 de ses utilisateurs.<\/li>\n<\/ol>\n<\/li>\n<\/ol>\n<p><a class = \"our-mission-text\" href=\"https:\/\/ecoinnovationnetwork.org\/fr\/contact\/\">Contactez-nous pour en savoir plus.<\/a><\/p>\n\t\t\t\t\t\t\t\t<\/div>\n\t\t\t\t<\/div>\n\t\t\t\t\t<\/div>\n\t\t<\/div>\n\t\t\t\t\t<\/div>\n\t\t<\/section>\n\t\t\t\t\t<\/div>\n\t\t<\/div>\n\t\t\t\t\t<\/div>\n\t\t<\/section>\n\t\t\t\t<section class=\"elementor-section elementor-top-section elementor-element elementor-element-5029610 elementor-section-boxed elementor-section-height-default elementor-section-height-default\" data-id=\"5029610\" data-element_type=\"section\" data-e-type=\"section\">\n\t\t\t\t\t\t<div class=\"elementor-container elementor-column-gap-default\">\n\t\t\t\t\t<div class=\"elementor-column elementor-col-100 elementor-top-column elementor-element elementor-element-1e0fada\" data-id=\"1e0fada\" data-element_type=\"column\" data-e-type=\"column\">\n\t\t\t<div class=\"elementor-widget-wrap elementor-element-populated\">\n\t\t\t\t\t\t\t<\/div>\n\t\t<\/div>\n\t\t\t\t\t<\/div>\n\t\t<\/section>\n\t\t\t\t<\/div>\n\t\t","protected":false},"excerpt":{"rendered":"<p>Centres d&rsquo;innovation Centres d&rsquo;innovation Services d\u2019un centre d\u2019innovation visant \u00e0 promouvoir l\u2019entrepreneuriat et le d\u00e9veloppement durable Dans le cadre du R\u00e9seau, les centres d\u2019innovation visant \u00e0 promouvoir l\u2019entrepreneuriat et le d\u00e9veloppement durable doivent mettre sur pied ou am\u00e9liorer l\u2019un ou plusieurs des services \u00e9num\u00e9r\u00e9s ci-apr\u00e8s: L&rsquo;\u00e9tablissement et le personnel d\u00e9sign\u00e9s Chaque centre emploie du personnel [&hellip;]<\/p>\n","protected":false},"author":1,"featured_media":0,"parent":0,"menu_order":0,"comment_status":"closed","ping_status":"closed","template":"elementor_header_footer","meta":{"_acf_changed":false,"footnotes":""},"class_list":["post-799","page","type-page","status-publish","hentry"],"yoast_head":"<!-- This site is optimized with the Yoast SEO plugin v27.0 - https:\/\/yoast.com\/product\/yoast-seo-wordpress\/ -->\n<title>Centres d&#039;innovation - EcoInnovation Network - Where sustainability and entrepreneurship connect<\/title>\n<meta name=\"robots\" content=\"index, follow, max-snippet:-1, max-image-preview:large, max-video-preview:-1\" \/>\n<link rel=\"canonical\" href=\"https:\/\/ecoinnovationnetwork.org\/fr\/centres-dinnovation\/\" \/>\n<meta property=\"og:locale\" content=\"fr_FR\" \/>\n<meta property=\"og:type\" content=\"article\" \/>\n<meta property=\"og:title\" content=\"Centres d&#039;innovation - EcoInnovation Network - Where sustainability and entrepreneurship connect\" \/>\n<meta property=\"og:description\" content=\"Centres d&rsquo;innovation Centres d&rsquo;innovation Services d\u2019un centre d\u2019innovation visant \u00e0 promouvoir l\u2019entrepreneuriat et le d\u00e9veloppement durable Dans le cadre du R\u00e9seau, les centres d\u2019innovation visant \u00e0 promouvoir l\u2019entrepreneuriat et le d\u00e9veloppement durable doivent mettre sur pied ou am\u00e9liorer l\u2019un ou plusieurs des services \u00e9num\u00e9r\u00e9s ci-apr\u00e8s: L&rsquo;\u00e9tablissement et le personnel d\u00e9sign\u00e9s Chaque centre emploie du personnel [&hellip;]\" \/>\n<meta property=\"og:url\" content=\"https:\/\/ecoinnovationnetwork.org\/fr\/centres-dinnovation\/\" \/>\n<meta property=\"og:site_name\" content=\"EcoInnovation Network\" \/>\n<meta property=\"article:modified_time\" content=\"2019-07-24T18:22:04+00:00\" \/>\n<meta property=\"og:image\" content=\"https:\/\/ecoinnovationnetwork.org\/wp-content\/uploads\/2019\/04\/06-e1556726484459.jpg\" \/>\n\t<meta property=\"og:image:width\" content=\"1920\" \/>\n\t<meta property=\"og:image:height\" content=\"1118\" \/>\n\t<meta property=\"og:image:type\" content=\"image\/jpeg\" \/>\n<meta name=\"twitter:card\" content=\"summary_large_image\" \/>\n<meta name=\"twitter:label1\" content=\"Dur\u00e9e de lecture estim\u00e9e\" \/>\n\t<meta name=\"twitter:data1\" content=\"3 minutes\" \/>\n<script type=\"application\/ld+json\" class=\"yoast-schema-graph\">{\"@context\":\"https:\/\/schema.org\",\"@graph\":[{\"@type\":\"WebPage\",\"@id\":\"https:\/\/ecoinnovationnetwork.org\/fr\/centres-dinnovation\/\",\"url\":\"https:\/\/ecoinnovationnetwork.org\/fr\/centres-dinnovation\/\",\"name\":\"Centres d'innovation - EcoInnovation Network - Where sustainability and entrepreneurship connect\",\"isPartOf\":{\"@id\":\"https:\/\/ecoinnovationnetwork.org\/#website\"},\"datePublished\":\"2019-06-20T20:56:14+00:00\",\"dateModified\":\"2019-07-24T18:22:04+00:00\",\"breadcrumb\":{\"@id\":\"https:\/\/ecoinnovationnetwork.org\/fr\/centres-dinnovation\/#breadcrumb\"},\"inLanguage\":\"fr-FR\",\"potentialAction\":[{\"@type\":\"ReadAction\",\"target\":[\"https:\/\/ecoinnovationnetwork.org\/fr\/centres-dinnovation\/\"]}]},{\"@type\":\"BreadcrumbList\",\"@id\":\"https:\/\/ecoinnovationnetwork.org\/fr\/centres-dinnovation\/#breadcrumb\",\"itemListElement\":[{\"@type\":\"ListItem\",\"position\":1,\"name\":\"Home\",\"item\":\"https:\/\/ecoinnovationnetwork.org\/fr\/\"},{\"@type\":\"ListItem\",\"position\":2,\"name\":\"Centres d&rsquo;innovation\"}]},{\"@type\":\"WebSite\",\"@id\":\"https:\/\/ecoinnovationnetwork.org\/#website\",\"url\":\"https:\/\/ecoinnovationnetwork.org\/\",\"name\":\"EcoInnovation Network\",\"description\":\"Where sustainability and entrepreneurship connect\",\"publisher\":{\"@id\":\"https:\/\/ecoinnovationnetwork.org\/#organization\"},\"potentialAction\":[{\"@type\":\"SearchAction\",\"target\":{\"@type\":\"EntryPoint\",\"urlTemplate\":\"https:\/\/ecoinnovationnetwork.org\/?s={search_term_string}\"},\"query-input\":{\"@type\":\"PropertyValueSpecification\",\"valueRequired\":true,\"valueName\":\"search_term_string\"}}],\"inLanguage\":\"fr-FR\"},{\"@type\":\"Organization\",\"@id\":\"https:\/\/ecoinnovationnetwork.org\/#organization\",\"name\":\"EcoInnovation Network\",\"url\":\"https:\/\/ecoinnovationnetwork.org\/\",\"logo\":{\"@type\":\"ImageObject\",\"inLanguage\":\"fr-FR\",\"@id\":\"https:\/\/ecoinnovationnetwork.org\/#\/schema\/logo\/image\/\",\"url\":\"http:\/\/ecoinnovationnetwork.org\/wp-content\/uploads\/2019\/07\/CEC_EcoInnovation-Logo-Eng-RGB.png\",\"contentUrl\":\"http:\/\/ecoinnovationnetwork.org\/wp-content\/uploads\/2019\/07\/CEC_EcoInnovation-Logo-Eng-RGB.png\",\"width\":1462,\"height\":406,\"caption\":\"EcoInnovation Network\"},\"image\":{\"@id\":\"https:\/\/ecoinnovationnetwork.org\/#\/schema\/logo\/image\/\"}}]}<\/script>\n<!-- \/ Yoast SEO plugin. -->","yoast_head_json":{"title":"Centres d'innovation - EcoInnovation Network - Where sustainability and entrepreneurship connect","robots":{"index":"index","follow":"follow","max-snippet":"max-snippet:-1","max-image-preview":"max-image-preview:large","max-video-preview":"max-video-preview:-1"},"canonical":"https:\/\/ecoinnovationnetwork.org\/fr\/centres-dinnovation\/","og_locale":"fr_FR","og_type":"article","og_title":"Centres d'innovation - EcoInnovation Network - Where sustainability and entrepreneurship connect","og_description":"Centres d&rsquo;innovation Centres d&rsquo;innovation Services d\u2019un centre d\u2019innovation visant \u00e0 promouvoir l\u2019entrepreneuriat et le d\u00e9veloppement durable Dans le cadre du R\u00e9seau, les centres d\u2019innovation visant \u00e0 promouvoir l\u2019entrepreneuriat et le d\u00e9veloppement durable doivent mettre sur pied ou am\u00e9liorer l\u2019un ou plusieurs des services \u00e9num\u00e9r\u00e9s ci-apr\u00e8s: L&rsquo;\u00e9tablissement et le personnel d\u00e9sign\u00e9s Chaque centre emploie du personnel [&hellip;]","og_url":"https:\/\/ecoinnovationnetwork.org\/fr\/centres-dinnovation\/","og_site_name":"EcoInnovation Network","article_modified_time":"2019-07-24T18:22:04+00:00","og_image":[{"width":1920,"height":1118,"url":"https:\/\/ecoinnovationnetwork.org\/wp-content\/uploads\/2019\/04\/06-e1556726484459.jpg","type":"image\/jpeg"}],"twitter_card":"summary_large_image","twitter_misc":{"Dur\u00e9e de lecture estim\u00e9e":"3 minutes"},"schema":{"@context":"https:\/\/schema.org","@graph":[{"@type":"WebPage","@id":"https:\/\/ecoinnovationnetwork.org\/fr\/centres-dinnovation\/","url":"https:\/\/ecoinnovationnetwork.org\/fr\/centres-dinnovation\/","name":"Centres d'innovation - EcoInnovation Network - Where sustainability and entrepreneurship connect","isPartOf":{"@id":"https:\/\/ecoinnovationnetwork.org\/#website"},"datePublished":"2019-06-20T20:56:14+00:00","dateModified":"2019-07-24T18:22:04+00:00","breadcrumb":{"@id":"https:\/\/ecoinnovationnetwork.org\/fr\/centres-dinnovation\/#breadcrumb"},"inLanguage":"fr-FR","potentialAction":[{"@type":"ReadAction","target":["https:\/\/ecoinnovationnetwork.org\/fr\/centres-dinnovation\/"]}]},{"@type":"BreadcrumbList","@id":"https:\/\/ecoinnovationnetwork.org\/fr\/centres-dinnovation\/#breadcrumb","itemListElement":[{"@type":"ListItem","position":1,"name":"Home","item":"https:\/\/ecoinnovationnetwork.org\/fr\/"},{"@type":"ListItem","position":2,"name":"Centres d&rsquo;innovation"}]},{"@type":"WebSite","@id":"https:\/\/ecoinnovationnetwork.org\/#website","url":"https:\/\/ecoinnovationnetwork.org\/","name":"EcoInnovation Network","description":"Where sustainability and entrepreneurship connect","publisher":{"@id":"https:\/\/ecoinnovationnetwork.org\/#organization"},"potentialAction":[{"@type":"SearchAction","target":{"@type":"EntryPoint","urlTemplate":"https:\/\/ecoinnovationnetwork.org\/?s={search_term_string}"},"query-input":{"@type":"PropertyValueSpecification","valueRequired":true,"valueName":"search_term_string"}}],"inLanguage":"fr-FR"},{"@type":"Organization","@id":"https:\/\/ecoinnovationnetwork.org\/#organization","name":"EcoInnovation Network","url":"https:\/\/ecoinnovationnetwork.org\/","logo":{"@type":"ImageObject","inLanguage":"fr-FR","@id":"https:\/\/ecoinnovationnetwork.org\/#\/schema\/logo\/image\/","url":"http:\/\/ecoinnovationnetwork.org\/wp-content\/uploads\/2019\/07\/CEC_EcoInnovation-Logo-Eng-RGB.png","contentUrl":"http:\/\/ecoinnovationnetwork.org\/wp-content\/uploads\/2019\/07\/CEC_EcoInnovation-Logo-Eng-RGB.png","width":1462,"height":406,"caption":"EcoInnovation Network"},"image":{"@id":"https:\/\/ecoinnovationnetwork.org\/#\/schema\/logo\/image\/"}}]}},"acf":[],"_links":{"self":[{"href":"https:\/\/ecoinnovationnetwork.org\/fr\/wp-json\/wp\/v2\/pages\/799","targetHints":{"allow":["GET"]}}],"collection":[{"href":"https:\/\/ecoinnovationnetwork.org\/fr\/wp-json\/wp\/v2\/pages"}],"about":[{"href":"https:\/\/ecoinnovationnetwork.org\/fr\/wp-json\/wp\/v2\/types\/page"}],"author":[{"embeddable":true,"href":"https:\/\/ecoinnovationnetwork.org\/fr\/wp-json\/wp\/v2\/users\/1"}],"replies":[{"embeddable":true,"href":"https:\/\/ecoinnovationnetwork.org\/fr\/wp-json\/wp\/v2\/comments?post=799"}],"version-history":[{"count":5,"href":"https:\/\/ecoinnovationnetwork.org\/fr\/wp-json\/wp\/v2\/pages\/799\/revisions"}],"predecessor-version":[{"id":1128,"href":"https:\/\/ecoinnovationnetwork.org\/fr\/wp-json\/wp\/v2\/pages\/799\/revisions\/1128"}],"wp:attachment":[{"href":"https:\/\/ecoinnovationnetwork.org\/fr\/wp-json\/wp\/v2\/media?parent=799"}],"curies":[{"name":"wp","href":"https:\/\/api.w.org\/{rel}","templated":true}]}}