{"id":784,"date":"2019-06-20T19:22:30","date_gmt":"2019-06-20T19:22:30","guid":{"rendered":"http:\/\/ecoinnovationnetwork.org\/avantages\/"},"modified":"2019-10-17T10:54:04","modified_gmt":"2019-10-17T14:54:04","slug":"avantages","status":"publish","type":"page","link":"https:\/\/ecoinnovationnetwork.org\/fr\/avantages\/","title":{"rendered":"Avantages"},"content":{"rendered":"\t\t<div data-elementor-type=\"wp-post\" data-elementor-id=\"784\" class=\"elementor elementor-784 elementor-538\">\n\t\t\t\t\t\t<section class=\"elementor-section elementor-top-section elementor-element elementor-element-1b11146 elementor-section-stretched elementor-section-full_width elementor-hidden-desktop elementor-hidden-tablet elementor-section-height-default elementor-section-height-default\" data-id=\"1b11146\" data-element_type=\"section\" data-e-type=\"section\" data-settings=\"{&quot;stretch_section&quot;:&quot;section-stretched&quot;}\">\n\t\t\t\t\t\t<div class=\"elementor-container elementor-column-gap-no\">\n\t\t\t\t\t<div class=\"elementor-column elementor-col-100 elementor-top-column elementor-element elementor-element-1dcc583\" data-id=\"1dcc583\" data-element_type=\"column\" data-e-type=\"column\">\n\t\t\t<div class=\"elementor-widget-wrap elementor-element-populated\">\n\t\t\t\t\t\t<div class=\"elementor-element elementor-element-508b4ca elementor-widget elementor-widget-html\" data-id=\"508b4ca\" data-element_type=\"widget\" data-e-type=\"widget\" data-widget_type=\"html.default\">\n\t\t\t\t<div class=\"elementor-widget-container\">\n\t\t\t\t\t<!--This titles will display on mobile, to change this go to Edit Section->Advanced->Responsive-->\r\n<div class=\"green-ribbon-mobile\">\r\n\t\t<h2 id =\"benefits\">Avantages de l\u2019adh\u00e9sion au R\u00e9seau<\/h2>\r\n<\/div>\r\n\t\t\t\t<\/div>\n\t\t\t\t<\/div>\n\t\t\t\t\t<\/div>\n\t\t<\/div>\n\t\t\t\t\t<\/div>\n\t\t<\/section>\n\t\t\t\t<section class=\"elementor-section elementor-top-section elementor-element elementor-element-2cb472b elementor-hidden-phone elementor-section-boxed elementor-section-height-default elementor-section-height-default\" data-id=\"2cb472b\" data-element_type=\"section\" data-e-type=\"section\">\n\t\t\t\t\t\t<div class=\"elementor-container elementor-column-gap-default\">\n\t\t\t\t\t<div class=\"elementor-column elementor-col-100 elementor-top-column elementor-element elementor-element-e92f49b\" data-id=\"e92f49b\" data-element_type=\"column\" data-e-type=\"column\">\n\t\t\t<div class=\"elementor-widget-wrap elementor-element-populated\">\n\t\t\t\t\t\t<div class=\"elementor-element elementor-element-b70364d elementor-widget elementor-widget-html\" data-id=\"b70364d\" data-element_type=\"widget\" data-e-type=\"widget\" data-widget_type=\"html.default\">\n\t\t\t\t<div class=\"elementor-widget-container\">\n\t\t\t\t\t<!--This titles will display on tablet and desktop, to change this go to Edit Section->Advanced->Responsive-->\r\n<div class=\"ribbon-wrapper\">\r\n\t<div class=\"ribbon-front\" style=\"width:500px;\">\r\n\t\t<h2 id =\"benefits\">Avantages de l\u2019adh\u00e9sion au R\u00e9seau<\/h2>\r\n\t<\/div>\r\n\t<div class=\"ribbon-edge-bottomleft\"><\/div>\r\n\t<div class=\"ribbon-edge-bottomright\"><\/div>\r\n\t<div class=\"ribbon-back-left\"><\/div>\r\n\t<div class=\"ribbon-back-right\"><\/div>\r\n<\/div>\r\n\t\t\t\t<\/div>\n\t\t\t\t<\/div>\n\t\t\t\t\t<\/div>\n\t\t<\/div>\n\t\t\t\t\t<\/div>\n\t\t<\/section>\n\t\t\t\t<section class=\"elementor-section elementor-top-section elementor-element elementor-element-378f3b8 elementor-section-boxed elementor-section-height-default elementor-section-height-default\" data-id=\"378f3b8\" data-element_type=\"section\" data-e-type=\"section\">\n\t\t\t\t\t\t<div class=\"elementor-container elementor-column-gap-default\">\n\t\t\t\t\t<div class=\"elementor-column elementor-col-100 elementor-top-column elementor-element elementor-element-bfe1d42\" data-id=\"bfe1d42\" data-element_type=\"column\" data-e-type=\"column\">\n\t\t\t<div class=\"elementor-widget-wrap elementor-element-populated\">\n\t\t\t\t\t\t<section class=\"elementor-section elementor-inner-section elementor-element elementor-element-0768dca elementor-section-boxed elementor-section-height-default elementor-section-height-default\" data-id=\"0768dca\" data-element_type=\"section\" data-e-type=\"section\">\n\t\t\t\t\t\t<div class=\"elementor-container elementor-column-gap-default\">\n\t\t\t\t\t<div class=\"elementor-column elementor-col-100 elementor-inner-column elementor-element elementor-element-c099f04\" data-id=\"c099f04\" data-element_type=\"column\" data-e-type=\"column\">\n\t\t\t<div class=\"elementor-widget-wrap elementor-element-populated\">\n\t\t\t\t\t\t<div class=\"elementor-element elementor-element-ec87745 elementor-widget elementor-widget-text-editor\" data-id=\"ec87745\" data-element_type=\"widget\" data-e-type=\"widget\" data-widget_type=\"text-editor.default\">\n\t\t\t\t<div class=\"elementor-widget-container\">\n\t\t\t\t\t\t\t\t\t<p class=\"our-mission-text\">Les centres d\u2019innovation qui adh\u00e8rent au R\u00e9seau en tirent plusieurs avantages, dont les suivants:<\/p>\n\n<ul class=\"our-mission-text\">\n \t<li>L\u2019am\u00e9lioration de leurs ressources et services qui ont trait au d\u00e9veloppement durable, \u00e0 l\u2019entrepreneuriat et \u00e0 l\u2019innovation.<\/li>\n \t<li>L\u2019\u00e9largissement de l\u2019acc\u00e8s \u00e0 des sp\u00e9cialistes en entrepreneuriat et en d\u00e9veloppement durable dans les centres d\u2019innovation afin de faciliter l\u2019\u00e9change de pratiques exemplaires qui s\u2019appliquent aux activit\u00e9s de ces centres et de leurs utilisateurs, lesquels comprennent les jeunes et les collectivit\u00e9s.<\/li>\n \t<li>L\u2019accroissement des possibilit\u00e9s offertes au personnel, aux \u00e9tudiants et aux utilisateurs de participer \u00e0 des \u00e9changes internationaux.<\/li>\n \t<li>Le d\u00e9ploiement d\u2019efforts afin de trouver du financement et des possibilit\u00e9s de collaboration.<\/li>\n \t<li>L\u2019acquisition d\u2019une plus grande visibilit\u00e9 et l\u2019attestation d\u2019un leadership en d\u00e9veloppement durable et en innovation, ainsi que la promotion de projets d\u2019innovation mis sur pied par des utilisateurs (dont les jeunes et les collectivit\u00e9s) r\u00e9sidant un peu partout en Am\u00e9rique du Nord.<\/li>\n<\/ul>\t\t\t\t\t\t\t\t<\/div>\n\t\t\t\t<\/div>\n\t\t\t\t<div class=\"elementor-element elementor-element-24fa821 elementor-widget elementor-widget-spacer\" data-id=\"24fa821\" data-element_type=\"widget\" data-e-type=\"widget\" data-widget_type=\"spacer.default\">\n\t\t\t\t<div class=\"elementor-widget-container\">\n\t\t\t\t\t\t\t<div class=\"elementor-spacer\">\n\t\t\t<div class=\"elementor-spacer-inner\"><\/div>\n\t\t<\/div>\n\t\t\t\t\t\t<\/div>\n\t\t\t\t<\/div>\n\t\t\t\t\t<\/div>\n\t\t<\/div>\n\t\t\t\t\t<\/div>\n\t\t<\/section>\n\t\t\t\t\t<\/div>\n\t\t<\/div>\n\t\t\t\t\t<\/div>\n\t\t<\/section>\n\t\t\t\t<section class=\"elementor-section elementor-top-section elementor-element elementor-element-f822fb2 elementor-section-boxed elementor-section-height-default elementor-section-height-default\" data-id=\"f822fb2\" data-element_type=\"section\" data-e-type=\"section\">\n\t\t\t\t\t\t<div class=\"elementor-container elementor-column-gap-default\">\n\t\t\t\t\t<div class=\"elementor-column elementor-col-100 elementor-top-column elementor-element elementor-element-ca42ffc\" data-id=\"ca42ffc\" data-element_type=\"column\" data-e-type=\"column\">\n\t\t\t<div class=\"elementor-widget-wrap elementor-element-populated\">\n\t\t\t\t\t\t<div class=\"elementor-element elementor-element-2b00603 elementor-widget elementor-widget-html\" data-id=\"2b00603\" data-element_type=\"widget\" data-e-type=\"widget\" data-widget_type=\"html.default\">\n\t\t\t\t<div class=\"elementor-widget-container\">\n\t\t\t\t\t<!--This titles will display on tablet and desktop, to change this go to Edit Section->Advanced->Responsive-->\r\n<div class=\"ribbon-wrapper\">\r\n\t<div class=\"ribbon-front\" style=\"width:500px;\">\r\n\t\t<h2>Ressources du R\u00e9seau<\/h2>\r\n\t<\/div>\r\n\t<div class=\"ribbon-edge-bottomleft\"><\/div>\r\n\t<div class=\"ribbon-edge-bottomright\"><\/div>\r\n\t<div class=\"ribbon-back-left\"><\/div>\r\n\t<div class=\"ribbon-back-right\"><\/div>\r\n<\/div>\t\t\t\t<\/div>\n\t\t\t\t<\/div>\n\t\t\t\t<div class=\"elementor-element elementor-element-84522bd elementor-widget elementor-widget-text-editor\" data-id=\"84522bd\" data-element_type=\"widget\" data-e-type=\"widget\" data-widget_type=\"text-editor.default\">\n\t\t\t\t<div class=\"elementor-widget-container\">\n\t\t\t\t\t\t\t\t\t<p class=\"our-mission-text\">Le R\u00e9seau d\u2019\u00c9coInnovation est cens\u00e9 offrir les services \u00e9num\u00e9r\u00e9s ci-apr\u00e8s:<\/p>\t\t\t\t\t\t\t\t<\/div>\n\t\t\t\t<\/div>\n\t\t\t\t<div class=\"elementor-element elementor-element-77c2b7a elementor-widget elementor-widget-accordion\" data-id=\"77c2b7a\" data-element_type=\"widget\" data-e-type=\"widget\" data-widget_type=\"accordion.default\">\n\t\t\t\t<div class=\"elementor-widget-container\">\n\t\t\t\t\t\t\t<div class=\"elementor-accordion\">\n\t\t\t\t\t\t\t<div class=\"elementor-accordion-item\">\n\t\t\t\t\t<div id=\"elementor-tab-title-1251\" class=\"elementor-tab-title\" data-tab=\"1\" role=\"button\" aria-controls=\"elementor-tab-content-1251\" aria-expanded=\"false\">\n\t\t\t\t\t\t\t\t\t\t\t\t\t<span class=\"elementor-accordion-icon elementor-accordion-icon-left\" aria-hidden=\"true\">\n\t\t\t\t\t\t\t\t\t\t\t\t\t\t\t<span class=\"elementor-accordion-icon-closed\"><i class=\"fas fa-plus\"><\/i><\/span>\n\t\t\t\t\t\t\t\t<span class=\"elementor-accordion-icon-opened\"><i class=\"fas fa-minus\"><\/i><\/span>\n\t\t\t\t\t\t\t\t\t\t\t\t\t\t<\/span>\n\t\t\t\t\t\t\t\t\t\t\t\t<a class=\"elementor-accordion-title\" tabindex=\"0\">1.  Des ressources p\u00e9dagogiques<\/a>\n\t\t\t\t\t<\/div>\n\t\t\t\t\t<div id=\"elementor-tab-content-1251\" class=\"elementor-tab-content elementor-clearfix\" data-tab=\"1\" role=\"region\" aria-labelledby=\"elementor-tab-title-1251\"><p class=\"our-mission-text\">Le R\u00e9seau donne \u00e0 ses membres l&rsquo;acc\u00e8s \u00e0 des ressources dont les outils permettent \u00e0 leurs utilisateurs de perfectionner leurs comp\u00e9tences en mati\u00e8re de d\u00e9veloppement durable dans les domaines de l\u2019entrepreneuriat et de l\u2019innovation.<\/p>\n<ul class=\"our-mission-text\">\n \t<li>Un curriculum : Documents et formation destin\u00e9s au personnel et aux utilisateurs (dont les jeunes et les collectivit\u00e9s) afin de leur fournir les renseignements et les outils n\u00e9cessaires au lancement fructueux et \u00e0 l\u2019essor d\u2019une entreprise ax\u00e9e sur le d\u00e9veloppement durable.<\/li>\n \t<li>Une base de donn\u00e9es sur les personnes-ressources\u00a0: Il s\u2019agit d\u2019une base de donn\u00e9es contenant les coordonn\u00e9es des personnes avec lesquelles des relations sont d\u00e9j\u00e0 \u00e9tablies en vue de conclure des partenariats en mati\u00e8re de fabrication et de financement.<br class=\"\" \/><br class=\"\" \/><\/li>\n<\/ul><\/div>\n\t\t\t\t<\/div>\n\t\t\t\t\t\t\t<div class=\"elementor-accordion-item\">\n\t\t\t\t\t<div id=\"elementor-tab-title-1252\" class=\"elementor-tab-title\" data-tab=\"2\" role=\"button\" aria-controls=\"elementor-tab-content-1252\" aria-expanded=\"false\">\n\t\t\t\t\t\t\t\t\t\t\t\t\t<span class=\"elementor-accordion-icon elementor-accordion-icon-left\" aria-hidden=\"true\">\n\t\t\t\t\t\t\t\t\t\t\t\t\t\t\t<span class=\"elementor-accordion-icon-closed\"><i class=\"fas fa-plus\"><\/i><\/span>\n\t\t\t\t\t\t\t\t<span class=\"elementor-accordion-icon-opened\"><i class=\"fas fa-minus\"><\/i><\/span>\n\t\t\t\t\t\t\t\t\t\t\t\t\t\t<\/span>\n\t\t\t\t\t\t\t\t\t\t\t\t<a class=\"elementor-accordion-title\" tabindex=\"0\">2. L'\u00e9tablissement de relations <\/a>\n\t\t\t\t\t<\/div>\n\t\t\t\t\t<div id=\"elementor-tab-content-1252\" class=\"elementor-tab-content elementor-clearfix\" data-tab=\"2\" role=\"region\" aria-labelledby=\"elementor-tab-title-1252\"><p class=\"our-mission-text\">Il s\u2019agit de services d\u2019\u00e9tablissement de relations entre les centres d\u2019innovation et leurs utilisateurs, ainsi qu\u2019avec les repr\u00e9sentants des milieux commercial, industriel et gouvernemental qui se vouent au d\u00e9veloppement durable. Ces services comprennent les suivants:<\/p>\n<ul class=\"our-mission-text\">\n \t<li>Des activit\u00e9s : Lorsque ces activit\u00e9s, dont des ateliers, des r\u00e9unions de sp\u00e9cialistes et des conf\u00e9rences sont r\u00e9currentes et ont lieu en personne ou en ligne, elles apportent de pr\u00e9cieux renseignements aux membres et facilitent l\u2019\u00e9tablissement de relations entre eux.<\/li>\n \t<li>Des projets communs : Les membres collaborent \u00e0 des projets qui leur sont mutuellement b\u00e9n\u00e9fiques et \u00e9changent des \u00e9tudes de cas.<br class=\"\" \/><br class=\"\" \/><\/li>\n<\/ul><\/div>\n\t\t\t\t<\/div>\n\t\t\t\t\t\t\t<div class=\"elementor-accordion-item\">\n\t\t\t\t\t<div id=\"elementor-tab-title-1253\" class=\"elementor-tab-title\" data-tab=\"3\" role=\"button\" aria-controls=\"elementor-tab-content-1253\" aria-expanded=\"false\">\n\t\t\t\t\t\t\t\t\t\t\t\t\t<span class=\"elementor-accordion-icon elementor-accordion-icon-left\" aria-hidden=\"true\">\n\t\t\t\t\t\t\t\t\t\t\t\t\t\t\t<span class=\"elementor-accordion-icon-closed\"><i class=\"fas fa-plus\"><\/i><\/span>\n\t\t\t\t\t\t\t\t<span class=\"elementor-accordion-icon-opened\"><i class=\"fas fa-minus\"><\/i><\/span>\n\t\t\t\t\t\t\t\t\t\t\t\t\t\t<\/span>\n\t\t\t\t\t\t\t\t\t\t\t\t<a class=\"elementor-accordion-title\" tabindex=\"0\">3. Des activit\u00e9s promotionnelles<\/a>\n\t\t\t\t\t<\/div>\n\t\t\t\t\t<div id=\"elementor-tab-content-1253\" class=\"elementor-tab-content elementor-clearfix\" data-tab=\"3\" role=\"region\" aria-labelledby=\"elementor-tab-title-1253\"><p class=\"our-mission-text\">Ces activit\u00e9s permettent au R\u00e9seau de gagner en visibilit\u00e9 aupr\u00e8s du public et d\u2019accro\u00eetre sa base de connaissances en publiant des rapports trimestriels ou annuels sur les pratiques exemplaires, mais aussi en organisant un d\u00e9fi d\u2019innovation tel que le D\u00e9fi Innovation jeunesse mis sur pied par la CCE. Les activit\u00e9s en question comprennent les suivantes:<\/p>\n<ul class=\"our-mission-text\">\n \t<li>L&rsquo;\u00e9tablissement de rapports et le transfert de connaissances\u00a0: Il s\u2019agit de publications r\u00e9guli\u00e8res portant sur les pratiques exemplaires dans les domaines de l\u2019innovation et de l\u2019entrepreneuriat ax\u00e9s sur le d\u00e9veloppement durable, y compris des rapports relatifs aux mesures, aux membres et aux faits saillants sur le R\u00e9seau, ainsi que sur les tendances de l\u2019industrie et les ressources disponibles.<\/li>\n \t<li>Des conf\u00e9rences et des concours : Il s\u2019agit d\u2019un programme annuel ou bisannuel destin\u00e9 \u00e0 promouvoir les activit\u00e9s li\u00e9es \u00e0 la croissance verte, et \u00e0 offrir des possibilit\u00e9s de r\u00e9seautage et de collaboration visant \u00e0 favoriser une telle croissance. Il est possible d\u2019ex\u00e9cuter ce programme conjointement \u00e0 des activit\u00e9s de r\u00e9seautage compl\u00e9mentaires.<\/li>\n<\/ul><\/div>\n\t\t\t\t<\/div>\n\t\t\t\t\t\t\t\t<\/div>\n\t\t\t\t\t\t<\/div>\n\t\t\t\t<\/div>\n\t\t\t\t\t<\/div>\n\t\t<\/div>\n\t\t\t\t\t<\/div>\n\t\t<\/section>\n\t\t\t\t<\/div>\n\t\t","protected":false},"excerpt":{"rendered":"<p>Avantages de l\u2019adh\u00e9sion au R\u00e9seau Avantages de l\u2019adh\u00e9sion au R\u00e9seau Les centres d\u2019innovation qui adh\u00e8rent au R\u00e9seau en tirent plusieurs avantages, dont les suivants: L\u2019am\u00e9lioration de leurs ressources et services qui ont trait au d\u00e9veloppement durable, \u00e0 l\u2019entrepreneuriat et \u00e0 l\u2019innovation. L\u2019\u00e9largissement de l\u2019acc\u00e8s \u00e0 des sp\u00e9cialistes en entrepreneuriat et en d\u00e9veloppement durable dans les [&hellip;]<\/p>\n","protected":false},"author":1,"featured_media":0,"parent":0,"menu_order":0,"comment_status":"closed","ping_status":"closed","template":"elementor_header_footer","meta":{"_acf_changed":false,"footnotes":""},"class_list":["post-784","page","type-page","status-publish","hentry"],"yoast_head":"<!-- This site is optimized with the Yoast SEO plugin v27.0 - https:\/\/yoast.com\/product\/yoast-seo-wordpress\/ -->\n<title>Avantages - EcoInnovation Network - Where sustainability and entrepreneurship connect<\/title>\n<meta name=\"robots\" content=\"index, follow, max-snippet:-1, max-image-preview:large, max-video-preview:-1\" \/>\n<link rel=\"canonical\" href=\"https:\/\/ecoinnovationnetwork.org\/fr\/avantages\/\" \/>\n<meta property=\"og:locale\" content=\"fr_FR\" \/>\n<meta property=\"og:type\" content=\"article\" \/>\n<meta property=\"og:title\" content=\"Avantages - EcoInnovation Network - Where sustainability and entrepreneurship connect\" \/>\n<meta property=\"og:description\" content=\"Avantages de l\u2019adh\u00e9sion au R\u00e9seau Avantages de l\u2019adh\u00e9sion au R\u00e9seau Les centres d\u2019innovation qui adh\u00e8rent au R\u00e9seau en tirent plusieurs avantages, dont les suivants: L\u2019am\u00e9lioration de leurs ressources et services qui ont trait au d\u00e9veloppement durable, \u00e0 l\u2019entrepreneuriat et \u00e0 l\u2019innovation. L\u2019\u00e9largissement de l\u2019acc\u00e8s \u00e0 des sp\u00e9cialistes en entrepreneuriat et en d\u00e9veloppement durable dans les [&hellip;]\" \/>\n<meta property=\"og:url\" content=\"https:\/\/ecoinnovationnetwork.org\/fr\/avantages\/\" \/>\n<meta property=\"og:site_name\" content=\"EcoInnovation Network\" \/>\n<meta property=\"article:modified_time\" content=\"2019-10-17T14:54:04+00:00\" \/>\n<meta property=\"og:image\" content=\"https:\/\/ecoinnovationnetwork.org\/wp-content\/uploads\/2019\/04\/06-e1556726484459.jpg\" \/>\n\t<meta property=\"og:image:width\" content=\"1920\" \/>\n\t<meta property=\"og:image:height\" content=\"1118\" \/>\n\t<meta property=\"og:image:type\" content=\"image\/jpeg\" \/>\n<meta name=\"twitter:card\" content=\"summary_large_image\" \/>\n<meta name=\"twitter:label1\" content=\"Dur\u00e9e de lecture estim\u00e9e\" \/>\n\t<meta name=\"twitter:data1\" content=\"3 minutes\" \/>\n<script type=\"application\/ld+json\" class=\"yoast-schema-graph\">{\"@context\":\"https:\/\/schema.org\",\"@graph\":[{\"@type\":\"WebPage\",\"@id\":\"https:\/\/ecoinnovationnetwork.org\/fr\/avantages\/\",\"url\":\"https:\/\/ecoinnovationnetwork.org\/fr\/avantages\/\",\"name\":\"Avantages - EcoInnovation Network - Where sustainability and entrepreneurship connect\",\"isPartOf\":{\"@id\":\"https:\/\/ecoinnovationnetwork.org\/#website\"},\"datePublished\":\"2019-06-20T19:22:30+00:00\",\"dateModified\":\"2019-10-17T14:54:04+00:00\",\"breadcrumb\":{\"@id\":\"https:\/\/ecoinnovationnetwork.org\/fr\/avantages\/#breadcrumb\"},\"inLanguage\":\"fr-FR\",\"potentialAction\":[{\"@type\":\"ReadAction\",\"target\":[\"https:\/\/ecoinnovationnetwork.org\/fr\/avantages\/\"]}]},{\"@type\":\"BreadcrumbList\",\"@id\":\"https:\/\/ecoinnovationnetwork.org\/fr\/avantages\/#breadcrumb\",\"itemListElement\":[{\"@type\":\"ListItem\",\"position\":1,\"name\":\"Home\",\"item\":\"https:\/\/ecoinnovationnetwork.org\/fr\/\"},{\"@type\":\"ListItem\",\"position\":2,\"name\":\"Avantages\"}]},{\"@type\":\"WebSite\",\"@id\":\"https:\/\/ecoinnovationnetwork.org\/#website\",\"url\":\"https:\/\/ecoinnovationnetwork.org\/\",\"name\":\"EcoInnovation Network\",\"description\":\"Where sustainability and entrepreneurship connect\",\"publisher\":{\"@id\":\"https:\/\/ecoinnovationnetwork.org\/#organization\"},\"potentialAction\":[{\"@type\":\"SearchAction\",\"target\":{\"@type\":\"EntryPoint\",\"urlTemplate\":\"https:\/\/ecoinnovationnetwork.org\/?s={search_term_string}\"},\"query-input\":{\"@type\":\"PropertyValueSpecification\",\"valueRequired\":true,\"valueName\":\"search_term_string\"}}],\"inLanguage\":\"fr-FR\"},{\"@type\":\"Organization\",\"@id\":\"https:\/\/ecoinnovationnetwork.org\/#organization\",\"name\":\"EcoInnovation Network\",\"url\":\"https:\/\/ecoinnovationnetwork.org\/\",\"logo\":{\"@type\":\"ImageObject\",\"inLanguage\":\"fr-FR\",\"@id\":\"https:\/\/ecoinnovationnetwork.org\/#\/schema\/logo\/image\/\",\"url\":\"http:\/\/ecoinnovationnetwork.org\/wp-content\/uploads\/2019\/07\/CEC_EcoInnovation-Logo-Eng-RGB.png\",\"contentUrl\":\"http:\/\/ecoinnovationnetwork.org\/wp-content\/uploads\/2019\/07\/CEC_EcoInnovation-Logo-Eng-RGB.png\",\"width\":1462,\"height\":406,\"caption\":\"EcoInnovation Network\"},\"image\":{\"@id\":\"https:\/\/ecoinnovationnetwork.org\/#\/schema\/logo\/image\/\"}}]}<\/script>\n<!-- \/ Yoast SEO plugin. -->","yoast_head_json":{"title":"Avantages - EcoInnovation Network - Where sustainability and entrepreneurship connect","robots":{"index":"index","follow":"follow","max-snippet":"max-snippet:-1","max-image-preview":"max-image-preview:large","max-video-preview":"max-video-preview:-1"},"canonical":"https:\/\/ecoinnovationnetwork.org\/fr\/avantages\/","og_locale":"fr_FR","og_type":"article","og_title":"Avantages - EcoInnovation Network - Where sustainability and entrepreneurship connect","og_description":"Avantages de l\u2019adh\u00e9sion au R\u00e9seau Avantages de l\u2019adh\u00e9sion au R\u00e9seau Les centres d\u2019innovation qui adh\u00e8rent au R\u00e9seau en tirent plusieurs avantages, dont les suivants: L\u2019am\u00e9lioration de leurs ressources et services qui ont trait au d\u00e9veloppement durable, \u00e0 l\u2019entrepreneuriat et \u00e0 l\u2019innovation. L\u2019\u00e9largissement de l\u2019acc\u00e8s \u00e0 des sp\u00e9cialistes en entrepreneuriat et en d\u00e9veloppement durable dans les [&hellip;]","og_url":"https:\/\/ecoinnovationnetwork.org\/fr\/avantages\/","og_site_name":"EcoInnovation Network","article_modified_time":"2019-10-17T14:54:04+00:00","og_image":[{"width":1920,"height":1118,"url":"https:\/\/ecoinnovationnetwork.org\/wp-content\/uploads\/2019\/04\/06-e1556726484459.jpg","type":"image\/jpeg"}],"twitter_card":"summary_large_image","twitter_misc":{"Dur\u00e9e de lecture estim\u00e9e":"3 minutes"},"schema":{"@context":"https:\/\/schema.org","@graph":[{"@type":"WebPage","@id":"https:\/\/ecoinnovationnetwork.org\/fr\/avantages\/","url":"https:\/\/ecoinnovationnetwork.org\/fr\/avantages\/","name":"Avantages - EcoInnovation Network - Where sustainability and entrepreneurship connect","isPartOf":{"@id":"https:\/\/ecoinnovationnetwork.org\/#website"},"datePublished":"2019-06-20T19:22:30+00:00","dateModified":"2019-10-17T14:54:04+00:00","breadcrumb":{"@id":"https:\/\/ecoinnovationnetwork.org\/fr\/avantages\/#breadcrumb"},"inLanguage":"fr-FR","potentialAction":[{"@type":"ReadAction","target":["https:\/\/ecoinnovationnetwork.org\/fr\/avantages\/"]}]},{"@type":"BreadcrumbList","@id":"https:\/\/ecoinnovationnetwork.org\/fr\/avantages\/#breadcrumb","itemListElement":[{"@type":"ListItem","position":1,"name":"Home","item":"https:\/\/ecoinnovationnetwork.org\/fr\/"},{"@type":"ListItem","position":2,"name":"Avantages"}]},{"@type":"WebSite","@id":"https:\/\/ecoinnovationnetwork.org\/#website","url":"https:\/\/ecoinnovationnetwork.org\/","name":"EcoInnovation Network","description":"Where sustainability and entrepreneurship connect","publisher":{"@id":"https:\/\/ecoinnovationnetwork.org\/#organization"},"potentialAction":[{"@type":"SearchAction","target":{"@type":"EntryPoint","urlTemplate":"https:\/\/ecoinnovationnetwork.org\/?s={search_term_string}"},"query-input":{"@type":"PropertyValueSpecification","valueRequired":true,"valueName":"search_term_string"}}],"inLanguage":"fr-FR"},{"@type":"Organization","@id":"https:\/\/ecoinnovationnetwork.org\/#organization","name":"EcoInnovation Network","url":"https:\/\/ecoinnovationnetwork.org\/","logo":{"@type":"ImageObject","inLanguage":"fr-FR","@id":"https:\/\/ecoinnovationnetwork.org\/#\/schema\/logo\/image\/","url":"http:\/\/ecoinnovationnetwork.org\/wp-content\/uploads\/2019\/07\/CEC_EcoInnovation-Logo-Eng-RGB.png","contentUrl":"http:\/\/ecoinnovationnetwork.org\/wp-content\/uploads\/2019\/07\/CEC_EcoInnovation-Logo-Eng-RGB.png","width":1462,"height":406,"caption":"EcoInnovation Network"},"image":{"@id":"https:\/\/ecoinnovationnetwork.org\/#\/schema\/logo\/image\/"}}]}},"acf":[],"_links":{"self":[{"href":"https:\/\/ecoinnovationnetwork.org\/fr\/wp-json\/wp\/v2\/pages\/784","targetHints":{"allow":["GET"]}}],"collection":[{"href":"https:\/\/ecoinnovationnetwork.org\/fr\/wp-json\/wp\/v2\/pages"}],"about":[{"href":"https:\/\/ecoinnovationnetwork.org\/fr\/wp-json\/wp\/v2\/types\/page"}],"author":[{"embeddable":true,"href":"https:\/\/ecoinnovationnetwork.org\/fr\/wp-json\/wp\/v2\/users\/1"}],"replies":[{"embeddable":true,"href":"https:\/\/ecoinnovationnetwork.org\/fr\/wp-json\/wp\/v2\/comments?post=784"}],"version-history":[{"count":5,"href":"https:\/\/ecoinnovationnetwork.org\/fr\/wp-json\/wp\/v2\/pages\/784\/revisions"}],"predecessor-version":[{"id":1224,"href":"https:\/\/ecoinnovationnetwork.org\/fr\/wp-json\/wp\/v2\/pages\/784\/revisions\/1224"}],"wp:attachment":[{"href":"https:\/\/ecoinnovationnetwork.org\/fr\/wp-json\/wp\/v2\/media?parent=784"}],"curies":[{"name":"wp","href":"https:\/\/api.w.org\/{rel}","templated":true}]}}