{"id":778,"date":"2019-06-20T18:32:39","date_gmt":"2019-06-20T18:32:39","guid":{"rendered":"http:\/\/ecoinnovationnetwork.org\/notre-mission\/"},"modified":"2019-07-24T18:32:24","modified_gmt":"2019-07-24T18:32:24","slug":"notre-mission","status":"publish","type":"page","link":"https:\/\/ecoinnovationnetwork.org\/fr\/notre-mission\/","title":{"rendered":"Notre Mission"},"content":{"rendered":"\t\t<div data-elementor-type=\"wp-post\" data-elementor-id=\"778\" class=\"elementor elementor-778 elementor-160\">\n\t\t\t\t\t\t<section class=\"elementor-section elementor-top-section elementor-element elementor-element-4813c3b elementor-section-stretched elementor-section-full_width elementor-hidden-desktop elementor-hidden-tablet elementor-section-height-default elementor-section-height-default\" data-id=\"4813c3b\" data-element_type=\"section\" data-e-type=\"section\" data-settings=\"{&quot;stretch_section&quot;:&quot;section-stretched&quot;}\">\n\t\t\t\t\t\t<div class=\"elementor-container elementor-column-gap-no\">\n\t\t\t\t\t<div class=\"elementor-column elementor-col-100 elementor-top-column elementor-element elementor-element-b5ad309\" data-id=\"b5ad309\" data-element_type=\"column\" data-e-type=\"column\">\n\t\t\t<div class=\"elementor-widget-wrap elementor-element-populated\">\n\t\t\t\t\t\t<div class=\"elementor-element elementor-element-ab94fea elementor-widget elementor-widget-html\" data-id=\"ab94fea\" data-element_type=\"widget\" data-e-type=\"widget\" data-widget_type=\"html.default\">\n\t\t\t\t<div class=\"elementor-widget-container\">\n\t\t\t\t\t<!--This titles will display on mobile, to change this go to Edit Section->Advanced->Responsive-->\r\n<div class=\"green-ribbon-mobile\">\r\n\t\t<h2>Notre Mission<\/h2>\r\n<\/div>\r\n\t\t\t\t<\/div>\n\t\t\t\t<\/div>\n\t\t\t\t\t<\/div>\n\t\t<\/div>\n\t\t\t\t\t<\/div>\n\t\t<\/section>\n\t\t\t\t<section class=\"elementor-section elementor-top-section elementor-element elementor-element-7ec6960 elementor-section-boxed elementor-section-height-default elementor-section-height-default\" data-id=\"7ec6960\" data-element_type=\"section\" data-e-type=\"section\" id=\"our-mission-div\">\n\t\t\t\t\t\t<div class=\"elementor-container elementor-column-gap-default\">\n\t\t\t\t\t<div class=\"elementor-column elementor-col-100 elementor-top-column elementor-element elementor-element-82400e9\" data-id=\"82400e9\" data-element_type=\"column\" data-e-type=\"column\">\n\t\t\t<div class=\"elementor-widget-wrap elementor-element-populated\">\n\t\t\t\t\t\t<div class=\"elementor-element elementor-element-89ffd10 elementor-hidden-phone elementor-widget elementor-widget-html\" data-id=\"89ffd10\" data-element_type=\"widget\" data-e-type=\"widget\" data-widget_type=\"html.default\">\n\t\t\t\t<div class=\"elementor-widget-container\">\n\t\t\t\t\t<!--This titles will display on tablet and desktop, to change this go to Edit Section->Advanced->Responsive-->\r\n<div class=\"ribbon-wrapper\">\r\n\t<div class=\"ribbon-front\">\r\n\t\t<h2>Notre Mission<\/h2>\r\n\t<\/div>\r\n\t<div class=\"ribbon-edge-bottomleft\"><\/div>\r\n\t<div class=\"ribbon-edge-bottomright\"><\/div>\r\n\t<div class=\"ribbon-back-left\"><\/div>\r\n\t<div class=\"ribbon-back-right\"><\/div>\r\n<\/div>\r\n\t\t\t\t<\/div>\n\t\t\t\t<\/div>\n\t\t\t\t<section class=\"elementor-section elementor-inner-section elementor-element elementor-element-af172e0 elementor-section-boxed elementor-section-height-default elementor-section-height-default\" data-id=\"af172e0\" data-element_type=\"section\" data-e-type=\"section\">\n\t\t\t\t\t\t<div class=\"elementor-container elementor-column-gap-default\">\n\t\t\t\t\t<div class=\"elementor-column elementor-col-100 elementor-inner-column elementor-element elementor-element-7aa02cf\" data-id=\"7aa02cf\" data-element_type=\"column\" data-e-type=\"column\">\n\t\t\t<div class=\"elementor-widget-wrap elementor-element-populated\">\n\t\t\t\t\t\t<div class=\"elementor-element elementor-element-6388c82 elementor-widget elementor-widget-text-editor\" data-id=\"6388c82\" data-element_type=\"widget\" data-e-type=\"widget\" data-widget_type=\"text-editor.default\">\n\t\t\t\t<div class=\"elementor-widget-container\">\n\t\t\t\t\t\t\t\t\t<p class=\"our-mission-text\">Faciliter la cr\u00e9ation, l\u2019am\u00e9lioration et le r\u00e9seautage des centres d\u2019innovation situ\u00e9s au sein d\u2019\u00e9tablissements universitaires \u00e0 l\u2019\u00e9chelle de l\u2019Am\u00e9rique du Nord, et ce, afin que les jeunes et les collectivit\u00e9s puissent faire preuve de leadership dans les domaines de l\u2019innovation, de l\u2019entrepreneuriat et du d\u00e9veloppement durable.<br class=\"\"><\/p>\n\t\t\t\t\t\t\t\t<\/div>\n\t\t\t\t<\/div>\n\t\t\t\t\t<\/div>\n\t\t<\/div>\n\t\t\t\t\t<\/div>\n\t\t<\/section>\n\t\t\t\t\t<\/div>\n\t\t<\/div>\n\t\t\t\t\t<\/div>\n\t\t<\/section>\n\t\t\t\t<section class=\"elementor-section elementor-top-section elementor-element elementor-element-ad24ad2 elementor-section-stretched elementor-section-full_width elementor-hidden-desktop elementor-hidden-tablet elementor-section-height-default elementor-section-height-default\" data-id=\"ad24ad2\" data-element_type=\"section\" data-e-type=\"section\" data-settings=\"{&quot;stretch_section&quot;:&quot;section-stretched&quot;}\">\n\t\t\t\t\t\t<div class=\"elementor-container elementor-column-gap-no\">\n\t\t\t\t\t<div class=\"elementor-column elementor-col-100 elementor-top-column elementor-element elementor-element-0fc1cc6\" data-id=\"0fc1cc6\" data-element_type=\"column\" data-e-type=\"column\">\n\t\t\t<div class=\"elementor-widget-wrap elementor-element-populated\">\n\t\t\t\t\t\t<div class=\"elementor-element elementor-element-831d021 elementor-widget elementor-widget-spacer\" data-id=\"831d021\" data-element_type=\"widget\" data-e-type=\"widget\" data-widget_type=\"spacer.default\">\n\t\t\t\t<div class=\"elementor-widget-container\">\n\t\t\t\t\t\t\t<div class=\"elementor-spacer\">\n\t\t\t<div class=\"elementor-spacer-inner\"><\/div>\n\t\t<\/div>\n\t\t\t\t\t\t<\/div>\n\t\t\t\t<\/div>\n\t\t\t\t<div class=\"elementor-element elementor-element-8f37b65 elementor-widget elementor-widget-html\" data-id=\"8f37b65\" data-element_type=\"widget\" data-e-type=\"widget\" data-widget_type=\"html.default\">\n\t\t\t\t<div class=\"elementor-widget-container\">\n\t\t\t\t\t<!--This titles will display on mobile, to change this go to Edit Section->Advanced->Responsive-->\r\n<div class=\"green-ribbon-mobile\">\r\n\t\t<h2>Notre Vision<\/h2>\r\n<\/div>\r\n\t\t\t\t<\/div>\n\t\t\t\t<\/div>\n\t\t\t\t\t<\/div>\n\t\t<\/div>\n\t\t\t\t\t<\/div>\n\t\t<\/section>\n\t\t\t\t<section class=\"elementor-section elementor-top-section elementor-element elementor-element-4621618 elementor-section-boxed elementor-section-height-default elementor-section-height-default\" data-id=\"4621618\" data-element_type=\"section\" data-e-type=\"section\" id=\"our-vision-div\">\n\t\t\t\t\t\t<div class=\"elementor-container elementor-column-gap-default\">\n\t\t\t\t\t<div class=\"elementor-column elementor-col-100 elementor-top-column elementor-element elementor-element-280391c\" data-id=\"280391c\" data-element_type=\"column\" data-e-type=\"column\">\n\t\t\t<div class=\"elementor-widget-wrap elementor-element-populated\">\n\t\t\t\t\t\t<div class=\"elementor-element elementor-element-f625d93 elementor-hidden-phone elementor-widget elementor-widget-html\" data-id=\"f625d93\" data-element_type=\"widget\" data-e-type=\"widget\" data-widget_type=\"html.default\">\n\t\t\t\t<div class=\"elementor-widget-container\">\n\t\t\t\t\t<div class=\"ribbon-wrapper\">\r\n\t<div class=\"ribbon-front\">\r\n\t\t<h2 id =\"our-vision\">Notre Vision<\/h2>\r\n\t<\/div>\r\n\t<div class=\"ribbon-edge-bottomleft\"><\/div>\r\n\t<div class=\"ribbon-edge-bottomright\"><\/div>\r\n\t<div class=\"ribbon-back-left\"><\/div>\r\n\t<div class=\"ribbon-back-right\"><\/div>\r\n<\/div>\r\n\t\t\t\t<\/div>\n\t\t\t\t<\/div>\n\t\t\t\t<div class=\"elementor-element elementor-element-1fcef02 elementor-widget elementor-widget-text-editor\" data-id=\"1fcef02\" data-element_type=\"widget\" data-e-type=\"widget\" data-widget_type=\"text-editor.default\">\n\t\t\t\t<div class=\"elementor-widget-container\">\n\t\t\t\t\t\t\t\t\t<p class=\"our-mission-text\">En Am\u00e9rique du Nord, les jeunes et les collectivit\u00e9s qui ont un caract\u00e8re innovateur disposent des connaissances et des comp\u00e9tences n\u00e9cessaires en vue de donner des dimensions \u00e9conomiques, environnementales et sociales \u00e0 l\u2019entrepreneuriat et \u00e0 l\u2019innovation ax\u00e9s sur la croissance durable.<\/p>\n<p><a class=\"our-mission-contact\" href=\"https:\/\/ecoinnovationnetwork.org\/fr\/contact\/\">Contactez-nous pour en savoir plus.<\/a><\/p>\n\t\t\t\t\t\t\t\t<\/div>\n\t\t\t\t<\/div>\n\t\t\t\t\t<\/div>\n\t\t<\/div>\n\t\t\t\t\t<\/div>\n\t\t<\/section>\n\t\t\t\t<section class=\"elementor-section elementor-top-section elementor-element elementor-element-0da6398 elementor-section-boxed elementor-section-height-default elementor-section-height-default\" data-id=\"0da6398\" data-element_type=\"section\" data-e-type=\"section\">\n\t\t\t\t\t\t<div class=\"elementor-container elementor-column-gap-default\">\n\t\t\t\t\t<div class=\"elementor-column elementor-col-100 elementor-top-column elementor-element elementor-element-a69578f\" data-id=\"a69578f\" data-element_type=\"column\" data-e-type=\"column\">\n\t\t\t<div class=\"elementor-widget-wrap elementor-element-populated\">\n\t\t\t\t\t\t<div class=\"elementor-element elementor-element-03e4a45 elementor-widget elementor-widget-image\" data-id=\"03e4a45\" data-element_type=\"widget\" data-e-type=\"widget\" id=\"mission-background-image\" data-widget_type=\"image.default\">\n\t\t\t\t<div class=\"elementor-widget-container\">\n\t\t\t\t\t\t\t\t\t\t\t\t\t\t\t<img fetchpriority=\"high\" decoding=\"async\" width=\"1094\" height=\"699\" src=\"https:\/\/ecoinnovationnetwork.org\/wp-content\/uploads\/2019\/06\/mission-background.png\" class=\"attachment-full size-full wp-image-564\" alt=\"\" srcset=\"https:\/\/ecoinnovationnetwork.org\/wp-content\/uploads\/2019\/06\/mission-background.png 1094w, https:\/\/ecoinnovationnetwork.org\/wp-content\/uploads\/2019\/06\/mission-background-300x192.png 300w, https:\/\/ecoinnovationnetwork.org\/wp-content\/uploads\/2019\/06\/mission-background-768x491.png 768w, https:\/\/ecoinnovationnetwork.org\/wp-content\/uploads\/2019\/06\/mission-background-1024x654.png 1024w, https:\/\/ecoinnovationnetwork.org\/wp-content\/uploads\/2019\/06\/mission-background-31x20.png 31w\" sizes=\"(max-width: 1094px) 100vw, 1094px\" \/>\t\t\t\t\t\t\t\t\t\t\t\t\t\t\t<\/div>\n\t\t\t\t<\/div>\n\t\t\t\t\t<\/div>\n\t\t<\/div>\n\t\t\t\t\t<\/div>\n\t\t<\/section>\n\t\t\t\t<section class=\"elementor-section elementor-top-section elementor-element elementor-element-73987da elementor-section-boxed elementor-section-height-default elementor-section-height-default\" data-id=\"73987da\" data-element_type=\"section\" data-e-type=\"section\">\n\t\t\t\t\t\t<div class=\"elementor-container elementor-column-gap-default\">\n\t\t\t\t\t<div class=\"elementor-column elementor-col-100 elementor-top-column elementor-element elementor-element-89d1ebe\" data-id=\"89d1ebe\" data-element_type=\"column\" data-e-type=\"column\">\n\t\t\t<div class=\"elementor-widget-wrap elementor-element-populated\">\n\t\t\t\t\t\t<div class=\"elementor-element elementor-element-1581466 elementor-widget elementor-widget-spacer\" data-id=\"1581466\" data-element_type=\"widget\" data-e-type=\"widget\" data-widget_type=\"spacer.default\">\n\t\t\t\t<div class=\"elementor-widget-container\">\n\t\t\t\t\t\t\t<div class=\"elementor-spacer\">\n\t\t\t<div class=\"elementor-spacer-inner\"><\/div>\n\t\t<\/div>\n\t\t\t\t\t\t<\/div>\n\t\t\t\t<\/div>\n\t\t\t\t\t<\/div>\n\t\t<\/div>\n\t\t\t\t\t<\/div>\n\t\t<\/section>\n\t\t\t\t<section class=\"elementor-section elementor-top-section elementor-element elementor-element-7bab5d3 elementor-section-boxed elementor-section-height-default elementor-section-height-default\" data-id=\"7bab5d3\" data-element_type=\"section\" data-e-type=\"section\">\n\t\t\t\t\t\t<div class=\"elementor-container elementor-column-gap-default\">\n\t\t\t\t\t<div class=\"elementor-column elementor-col-100 elementor-top-column elementor-element elementor-element-e2b5d97\" data-id=\"e2b5d97\" data-element_type=\"column\" data-e-type=\"column\">\n\t\t\t<div class=\"elementor-widget-wrap elementor-element-populated\">\n\t\t\t\t\t\t<div class=\"elementor-element elementor-element-c3b56eb elementor-widget elementor-widget-spacer\" data-id=\"c3b56eb\" data-element_type=\"widget\" data-e-type=\"widget\" data-widget_type=\"spacer.default\">\n\t\t\t\t<div class=\"elementor-widget-container\">\n\t\t\t\t\t\t\t<div class=\"elementor-spacer\">\n\t\t\t<div class=\"elementor-spacer-inner\"><\/div>\n\t\t<\/div>\n\t\t\t\t\t\t<\/div>\n\t\t\t\t<\/div>\n\t\t\t\t\t<\/div>\n\t\t<\/div>\n\t\t\t\t\t<\/div>\n\t\t<\/section>\n\t\t\t\t<section class=\"elementor-section elementor-top-section elementor-element elementor-element-996ab17 elementor-section-boxed elementor-section-height-default elementor-section-height-default\" data-id=\"996ab17\" data-element_type=\"section\" data-e-type=\"section\">\n\t\t\t\t\t\t<div class=\"elementor-container elementor-column-gap-default\">\n\t\t\t\t\t<div class=\"elementor-column elementor-col-100 elementor-top-column elementor-element elementor-element-55b25e6\" data-id=\"55b25e6\" data-element_type=\"column\" data-e-type=\"column\">\n\t\t\t<div class=\"elementor-widget-wrap elementor-element-populated\">\n\t\t\t\t\t\t\t<\/div>\n\t\t<\/div>\n\t\t\t\t\t<\/div>\n\t\t<\/section>\n\t\t\t\t<\/div>\n\t\t","protected":false},"excerpt":{"rendered":"<p>Notre Mission Notre Mission Faciliter la cr\u00e9ation, l\u2019am\u00e9lioration et le r\u00e9seautage des centres d\u2019innovation situ\u00e9s au sein d\u2019\u00e9tablissements universitaires \u00e0 l\u2019\u00e9chelle de l\u2019Am\u00e9rique du Nord, et ce, afin que les jeunes et les collectivit\u00e9s puissent faire preuve de leadership dans les domaines de l\u2019innovation, de l\u2019entrepreneuriat et du d\u00e9veloppement durable. Notre Vision Notre Vision En [&hellip;]<\/p>\n","protected":false},"author":1,"featured_media":0,"parent":0,"menu_order":0,"comment_status":"closed","ping_status":"closed","template":"elementor_header_footer","meta":{"_acf_changed":false,"footnotes":""},"class_list":["post-778","page","type-page","status-publish","hentry"],"yoast_head":"<!-- This site is optimized with the Yoast SEO plugin v27.0 - https:\/\/yoast.com\/product\/yoast-seo-wordpress\/ -->\n<title>Notre Mission - EcoInnovation Network - Where sustainability and entrepreneurship connect<\/title>\n<meta name=\"robots\" content=\"index, follow, max-snippet:-1, max-image-preview:large, max-video-preview:-1\" \/>\n<link rel=\"canonical\" href=\"https:\/\/ecoinnovationnetwork.org\/our-mission\/\" \/>\n<meta property=\"og:locale\" content=\"fr_FR\" \/>\n<meta property=\"og:type\" content=\"article\" \/>\n<meta property=\"og:title\" content=\"Notre Mission - EcoInnovation Network - Where sustainability and entrepreneurship connect\" \/>\n<meta property=\"og:description\" content=\"Notre Mission Notre Mission Faciliter la cr\u00e9ation, l\u2019am\u00e9lioration et le r\u00e9seautage des centres d\u2019innovation situ\u00e9s au sein d\u2019\u00e9tablissements universitaires \u00e0 l\u2019\u00e9chelle de l\u2019Am\u00e9rique du Nord, et ce, afin que les jeunes et les collectivit\u00e9s puissent faire preuve de leadership dans les domaines de l\u2019innovation, de l\u2019entrepreneuriat et du d\u00e9veloppement durable. Notre Vision Notre Vision En [&hellip;]\" \/>\n<meta property=\"og:url\" content=\"https:\/\/ecoinnovationnetwork.org\/our-mission\/\" \/>\n<meta property=\"og:site_name\" content=\"EcoInnovation Network\" \/>\n<meta property=\"article:modified_time\" content=\"2019-07-24T18:32:24+00:00\" \/>\n<meta property=\"og:image\" content=\"http:\/\/ecoinnovationnetwork.org\/wp-content\/uploads\/2019\/06\/mission-background.png\" \/>\n<meta name=\"twitter:card\" content=\"summary_large_image\" \/>\n<meta name=\"twitter:label1\" content=\"Dur\u00e9e de lecture estim\u00e9e\" \/>\n\t<meta name=\"twitter:data1\" content=\"1 minute\" \/>\n<script type=\"application\/ld+json\" class=\"yoast-schema-graph\">{\"@context\":\"https:\/\/schema.org\",\"@graph\":[{\"@type\":\"WebPage\",\"@id\":\"https:\/\/ecoinnovationnetwork.org\/our-mission\/\",\"url\":\"https:\/\/ecoinnovationnetwork.org\/our-mission\/\",\"name\":\"Notre Mission - EcoInnovation Network - Where sustainability and entrepreneurship connect\",\"isPartOf\":{\"@id\":\"https:\/\/ecoinnovationnetwork.org\/#website\"},\"primaryImageOfPage\":{\"@id\":\"https:\/\/ecoinnovationnetwork.org\/our-mission\/#primaryimage\"},\"image\":{\"@id\":\"https:\/\/ecoinnovationnetwork.org\/our-mission\/#primaryimage\"},\"thumbnailUrl\":\"http:\/\/ecoinnovationnetwork.org\/wp-content\/uploads\/2019\/06\/mission-background.png\",\"datePublished\":\"2019-06-20T18:32:39+00:00\",\"dateModified\":\"2019-07-24T18:32:24+00:00\",\"breadcrumb\":{\"@id\":\"https:\/\/ecoinnovationnetwork.org\/our-mission\/#breadcrumb\"},\"inLanguage\":\"fr-FR\",\"potentialAction\":[{\"@type\":\"ReadAction\",\"target\":[\"https:\/\/ecoinnovationnetwork.org\/our-mission\/\"]}]},{\"@type\":\"ImageObject\",\"inLanguage\":\"fr-FR\",\"@id\":\"https:\/\/ecoinnovationnetwork.org\/our-mission\/#primaryimage\",\"url\":\"http:\/\/ecoinnovationnetwork.org\/wp-content\/uploads\/2019\/06\/mission-background.png\",\"contentUrl\":\"http:\/\/ecoinnovationnetwork.org\/wp-content\/uploads\/2019\/06\/mission-background.png\"},{\"@type\":\"BreadcrumbList\",\"@id\":\"https:\/\/ecoinnovationnetwork.org\/our-mission\/#breadcrumb\",\"itemListElement\":[{\"@type\":\"ListItem\",\"position\":1,\"name\":\"Home\",\"item\":\"https:\/\/ecoinnovationnetwork.org\/fr\/\"},{\"@type\":\"ListItem\",\"position\":2,\"name\":\"Notre Mission\"}]},{\"@type\":\"WebSite\",\"@id\":\"https:\/\/ecoinnovationnetwork.org\/#website\",\"url\":\"https:\/\/ecoinnovationnetwork.org\/\",\"name\":\"EcoInnovation Network\",\"description\":\"Where sustainability and entrepreneurship connect\",\"publisher\":{\"@id\":\"https:\/\/ecoinnovationnetwork.org\/#organization\"},\"potentialAction\":[{\"@type\":\"SearchAction\",\"target\":{\"@type\":\"EntryPoint\",\"urlTemplate\":\"https:\/\/ecoinnovationnetwork.org\/?s={search_term_string}\"},\"query-input\":{\"@type\":\"PropertyValueSpecification\",\"valueRequired\":true,\"valueName\":\"search_term_string\"}}],\"inLanguage\":\"fr-FR\"},{\"@type\":\"Organization\",\"@id\":\"https:\/\/ecoinnovationnetwork.org\/#organization\",\"name\":\"EcoInnovation Network\",\"url\":\"https:\/\/ecoinnovationnetwork.org\/\",\"logo\":{\"@type\":\"ImageObject\",\"inLanguage\":\"fr-FR\",\"@id\":\"https:\/\/ecoinnovationnetwork.org\/#\/schema\/logo\/image\/\",\"url\":\"http:\/\/ecoinnovationnetwork.org\/wp-content\/uploads\/2019\/07\/CEC_EcoInnovation-Logo-Eng-RGB.png\",\"contentUrl\":\"http:\/\/ecoinnovationnetwork.org\/wp-content\/uploads\/2019\/07\/CEC_EcoInnovation-Logo-Eng-RGB.png\",\"width\":1462,\"height\":406,\"caption\":\"EcoInnovation Network\"},\"image\":{\"@id\":\"https:\/\/ecoinnovationnetwork.org\/#\/schema\/logo\/image\/\"}}]}<\/script>\n<!-- \/ Yoast SEO plugin. -->","yoast_head_json":{"title":"Notre Mission - EcoInnovation Network - Where sustainability and entrepreneurship connect","robots":{"index":"index","follow":"follow","max-snippet":"max-snippet:-1","max-image-preview":"max-image-preview:large","max-video-preview":"max-video-preview:-1"},"canonical":"https:\/\/ecoinnovationnetwork.org\/our-mission\/","og_locale":"fr_FR","og_type":"article","og_title":"Notre Mission - EcoInnovation Network - Where sustainability and entrepreneurship connect","og_description":"Notre Mission Notre Mission Faciliter la cr\u00e9ation, l\u2019am\u00e9lioration et le r\u00e9seautage des centres d\u2019innovation situ\u00e9s au sein d\u2019\u00e9tablissements universitaires \u00e0 l\u2019\u00e9chelle de l\u2019Am\u00e9rique du Nord, et ce, afin que les jeunes et les collectivit\u00e9s puissent faire preuve de leadership dans les domaines de l\u2019innovation, de l\u2019entrepreneuriat et du d\u00e9veloppement durable. Notre Vision Notre Vision En [&hellip;]","og_url":"https:\/\/ecoinnovationnetwork.org\/our-mission\/","og_site_name":"EcoInnovation Network","article_modified_time":"2019-07-24T18:32:24+00:00","og_image":[{"url":"http:\/\/ecoinnovationnetwork.org\/wp-content\/uploads\/2019\/06\/mission-background.png","type":"","width":"","height":""}],"twitter_card":"summary_large_image","twitter_misc":{"Dur\u00e9e de lecture estim\u00e9e":"1 minute"},"schema":{"@context":"https:\/\/schema.org","@graph":[{"@type":"WebPage","@id":"https:\/\/ecoinnovationnetwork.org\/our-mission\/","url":"https:\/\/ecoinnovationnetwork.org\/our-mission\/","name":"Notre Mission - EcoInnovation Network - Where sustainability and entrepreneurship connect","isPartOf":{"@id":"https:\/\/ecoinnovationnetwork.org\/#website"},"primaryImageOfPage":{"@id":"https:\/\/ecoinnovationnetwork.org\/our-mission\/#primaryimage"},"image":{"@id":"https:\/\/ecoinnovationnetwork.org\/our-mission\/#primaryimage"},"thumbnailUrl":"http:\/\/ecoinnovationnetwork.org\/wp-content\/uploads\/2019\/06\/mission-background.png","datePublished":"2019-06-20T18:32:39+00:00","dateModified":"2019-07-24T18:32:24+00:00","breadcrumb":{"@id":"https:\/\/ecoinnovationnetwork.org\/our-mission\/#breadcrumb"},"inLanguage":"fr-FR","potentialAction":[{"@type":"ReadAction","target":["https:\/\/ecoinnovationnetwork.org\/our-mission\/"]}]},{"@type":"ImageObject","inLanguage":"fr-FR","@id":"https:\/\/ecoinnovationnetwork.org\/our-mission\/#primaryimage","url":"http:\/\/ecoinnovationnetwork.org\/wp-content\/uploads\/2019\/06\/mission-background.png","contentUrl":"http:\/\/ecoinnovationnetwork.org\/wp-content\/uploads\/2019\/06\/mission-background.png"},{"@type":"BreadcrumbList","@id":"https:\/\/ecoinnovationnetwork.org\/our-mission\/#breadcrumb","itemListElement":[{"@type":"ListItem","position":1,"name":"Home","item":"https:\/\/ecoinnovationnetwork.org\/fr\/"},{"@type":"ListItem","position":2,"name":"Notre Mission"}]},{"@type":"WebSite","@id":"https:\/\/ecoinnovationnetwork.org\/#website","url":"https:\/\/ecoinnovationnetwork.org\/","name":"EcoInnovation Network","description":"Where sustainability and entrepreneurship connect","publisher":{"@id":"https:\/\/ecoinnovationnetwork.org\/#organization"},"potentialAction":[{"@type":"SearchAction","target":{"@type":"EntryPoint","urlTemplate":"https:\/\/ecoinnovationnetwork.org\/?s={search_term_string}"},"query-input":{"@type":"PropertyValueSpecification","valueRequired":true,"valueName":"search_term_string"}}],"inLanguage":"fr-FR"},{"@type":"Organization","@id":"https:\/\/ecoinnovationnetwork.org\/#organization","name":"EcoInnovation Network","url":"https:\/\/ecoinnovationnetwork.org\/","logo":{"@type":"ImageObject","inLanguage":"fr-FR","@id":"https:\/\/ecoinnovationnetwork.org\/#\/schema\/logo\/image\/","url":"http:\/\/ecoinnovationnetwork.org\/wp-content\/uploads\/2019\/07\/CEC_EcoInnovation-Logo-Eng-RGB.png","contentUrl":"http:\/\/ecoinnovationnetwork.org\/wp-content\/uploads\/2019\/07\/CEC_EcoInnovation-Logo-Eng-RGB.png","width":1462,"height":406,"caption":"EcoInnovation Network"},"image":{"@id":"https:\/\/ecoinnovationnetwork.org\/#\/schema\/logo\/image\/"}}]}},"acf":[],"_links":{"self":[{"href":"https:\/\/ecoinnovationnetwork.org\/fr\/wp-json\/wp\/v2\/pages\/778","targetHints":{"allow":["GET"]}}],"collection":[{"href":"https:\/\/ecoinnovationnetwork.org\/fr\/wp-json\/wp\/v2\/pages"}],"about":[{"href":"https:\/\/ecoinnovationnetwork.org\/fr\/wp-json\/wp\/v2\/types\/page"}],"author":[{"embeddable":true,"href":"https:\/\/ecoinnovationnetwork.org\/fr\/wp-json\/wp\/v2\/users\/1"}],"replies":[{"embeddable":true,"href":"https:\/\/ecoinnovationnetwork.org\/fr\/wp-json\/wp\/v2\/comments?post=778"}],"version-history":[{"count":14,"href":"https:\/\/ecoinnovationnetwork.org\/fr\/wp-json\/wp\/v2\/pages\/778\/revisions"}],"predecessor-version":[{"id":1143,"href":"https:\/\/ecoinnovationnetwork.org\/fr\/wp-json\/wp\/v2\/pages\/778\/revisions\/1143"}],"wp:attachment":[{"href":"https:\/\/ecoinnovationnetwork.org\/fr\/wp-json\/wp\/v2\/media?parent=778"}],"curies":[{"name":"wp","href":"https:\/\/api.w.org\/{rel}","templated":true}]}}