{"id":747,"date":"2019-06-20T16:07:39","date_gmt":"2019-06-20T16:07:39","guid":{"rendered":"http:\/\/ecoinnovationnetwork.org\/about-us\/"},"modified":"2022-04-28T09:54:31","modified_gmt":"2022-04-28T13:54:31","slug":"a-propos-du-reseau","status":"publish","type":"page","link":"https:\/\/ecoinnovationnetwork.org\/fr\/a-propos-du-reseau\/","title":{"rendered":"\u00c0 propos du R\u00e9seau"},"content":{"rendered":"\t\t<div data-elementor-type=\"wp-post\" data-elementor-id=\"747\" class=\"elementor elementor-747 elementor-92\">\n\t\t\t\t\t\t<section class=\"elementor-section elementor-top-section elementor-element elementor-element-7ec6960 elementor-section-stretched elementor-section-full_width elementor-hidden-desktop elementor-hidden-tablet elementor-section-height-default elementor-section-height-default\" data-id=\"7ec6960\" data-element_type=\"section\" data-e-type=\"section\" data-settings=\"{&quot;stretch_section&quot;:&quot;section-stretched&quot;}\">\n\t\t\t\t\t\t<div class=\"elementor-container elementor-column-gap-no\">\n\t\t\t\t\t<div class=\"elementor-column elementor-col-100 elementor-top-column elementor-element elementor-element-82400e9\" data-id=\"82400e9\" data-element_type=\"column\" data-e-type=\"column\">\n\t\t\t<div class=\"elementor-widget-wrap elementor-element-populated\">\n\t\t\t\t\t\t<div class=\"elementor-element elementor-element-89ffd10 elementor-widget elementor-widget-html\" data-id=\"89ffd10\" data-element_type=\"widget\" data-e-type=\"widget\" data-widget_type=\"html.default\">\n\t\t\t\t<div class=\"elementor-widget-container\">\n\t\t\t\t\t<!--This titles will display on mobile, to change this go to Edit Section->Advanced->Responsive-->\r\n<div class=\"green-ribbon-mobile\">\r\n\t\t<h2>\u00c0 Propos<\/h2>\r\n<\/div>\t\t\t\t<\/div>\n\t\t\t\t<\/div>\n\t\t\t\t\t<\/div>\n\t\t<\/div>\n\t\t\t\t\t<\/div>\n\t\t<\/section>\n\t\t\t\t<section class=\"elementor-section elementor-top-section elementor-element elementor-element-0b1782d elementor-hidden-phone elementor-section-boxed elementor-section-height-default elementor-section-height-default\" data-id=\"0b1782d\" data-element_type=\"section\" data-e-type=\"section\">\n\t\t\t\t\t\t<div class=\"elementor-container elementor-column-gap-default\">\n\t\t\t\t\t<div class=\"elementor-column elementor-col-100 elementor-top-column elementor-element elementor-element-0ea2096\" data-id=\"0ea2096\" data-element_type=\"column\" data-e-type=\"column\">\n\t\t\t<div class=\"elementor-widget-wrap elementor-element-populated\">\n\t\t\t\t\t\t<div class=\"elementor-element elementor-element-fa5be9f elementor-widget elementor-widget-html\" data-id=\"fa5be9f\" data-element_type=\"widget\" data-e-type=\"widget\" data-widget_type=\"html.default\">\n\t\t\t\t<div class=\"elementor-widget-container\">\n\t\t\t\t\t<!--This titles will display on tablet and desktop, to change this go to Edit Section->Advanced->Responsive-->\r\n<div class=\"ribbon-wrapper\">\r\n\t<div class=\"ribbon-front\" style=\"width: 400px;\">\r\n\t\t<h2>\u00c0 propos du R\u00e9seau<\/h2>\r\n\t<\/div>\r\n\t<div class=\"ribbon-edge-bottomleft\"><\/div>\r\n\t<div class=\"ribbon-edge-bottomright\"><\/div>\r\n\t<div class=\"ribbon-back-left\"><\/div>\r\n\t<div class=\"ribbon-back-right\"><\/div>\r\n<\/div>\r\n\t\t\t\t<\/div>\n\t\t\t\t<\/div>\n\t\t\t\t\t<\/div>\n\t\t<\/div>\n\t\t\t\t\t<\/div>\n\t\t<\/section>\n\t\t\t\t<section class=\"elementor-section elementor-top-section elementor-element elementor-element-0da6398 elementor-section-boxed elementor-section-height-default elementor-section-height-default\" data-id=\"0da6398\" data-element_type=\"section\" data-e-type=\"section\">\n\t\t\t\t\t\t<div class=\"elementor-container elementor-column-gap-default\">\n\t\t\t\t\t<div class=\"elementor-column elementor-col-100 elementor-top-column elementor-element elementor-element-a69578f\" data-id=\"a69578f\" data-element_type=\"column\" data-e-type=\"column\">\n\t\t\t<div class=\"elementor-widget-wrap elementor-element-populated\">\n\t\t\t\t\t\t<section class=\"elementor-section elementor-inner-section elementor-element elementor-element-af172e0 elementor-section-boxed elementor-section-height-default elementor-section-height-default\" data-id=\"af172e0\" data-element_type=\"section\" data-e-type=\"section\">\n\t\t\t\t\t\t<div class=\"elementor-container elementor-column-gap-default\">\n\t\t\t\t\t<div class=\"elementor-column elementor-col-66 elementor-inner-column elementor-element elementor-element-7aa02cf\" data-id=\"7aa02cf\" data-element_type=\"column\" data-e-type=\"column\">\n\t\t\t<div class=\"elementor-widget-wrap elementor-element-populated\">\n\t\t\t\t\t\t<div class=\"elementor-element elementor-element-6388c82 elementor-widget elementor-widget-text-editor\" data-id=\"6388c82\" data-element_type=\"widget\" data-e-type=\"widget\" data-widget_type=\"text-editor.default\">\n\t\t\t\t<div class=\"elementor-widget-container\">\n\t\t\t\t\t\t\t\t\t<p class=\"our-mission-text\" style=\"margin-right: 30px;\">En 2019, la Commission de coop\u00e9ration environnementale (CCE) a lanc\u00e9 un projet biennal visant \u00e0 cr\u00e9er le R\u00e9seau nord-am\u00e9ricain pour l\u2019\u00e9coinnovation (R\u00e9seau d\u2019\u00c9coinnovation) afin que les jeunes et les collectivit\u00e9s d\u2019Am\u00e9rique du Nord puissent jouer un r\u00f4le pr\u00e9pond\u00e9rant dans les domaines de l\u2019innovation, de l\u2019entrepreneuriat et du d\u00e9veloppement durable.<\/p><p class=\"our-mission-text\" style=\"margin-right: 30px;\">La CCE et les membres fondateurs du R\u00e9seau ont permis de constituer sa base de membres, d\u2019\u00e9laborer des documents fondamentaux et strat\u00e9giques, et de coordonner des activit\u00e9s qui ont servi \u00e0 \u00e9tablir des liens entre les membres et de jeunes entrepreneurs, mais aussi \u00e0 \u00e9clairer la conception de ressources et d\u2019outils qui s\u2019av\u00e8rent utiles.<\/p><p class=\"our-mission-text\" style=\"margin-right: 30px;\">Toutefois, la pand\u00e9mie de COVID-19 a emp\u00each\u00e9 que le projet atteigne son plein potentiel et acqui\u00e8re son autonomie.<\/p>\t\t\t\t\t\t\t\t<\/div>\n\t\t\t\t<\/div>\n\t\t\t\t\t<\/div>\n\t\t<\/div>\n\t\t\t\t<div class=\"elementor-column elementor-col-33 elementor-inner-column elementor-element elementor-element-6ec8f77\" data-id=\"6ec8f77\" data-element_type=\"column\" data-e-type=\"column\">\n\t\t\t<div class=\"elementor-widget-wrap elementor-element-populated\">\n\t\t\t\t\t\t<div class=\"elementor-element elementor-element-50f2ce4 elementor-widget elementor-widget-video\" data-id=\"50f2ce4\" data-element_type=\"widget\" data-e-type=\"widget\" data-settings=\"{&quot;youtube_url&quot;:&quot;https:\\\/\\\/www.youtube.com\\\/watch?v=pu9OIZRXiVk&quot;,&quot;video_type&quot;:&quot;youtube&quot;,&quot;controls&quot;:&quot;yes&quot;}\" data-widget_type=\"video.default\">\n\t\t\t\t<div class=\"elementor-widget-container\">\n\t\t\t\t\t\t\t<div class=\"elementor-wrapper elementor-open-inline\">\n\t\t\t<div class=\"elementor-video\"><\/div>\t\t<\/div>\n\t\t\t\t\t\t<\/div>\n\t\t\t\t<\/div>\n\t\t\t\t\t<\/div>\n\t\t<\/div>\n\t\t\t\t\t<\/div>\n\t\t<\/section>\n\t\t\t\t<section class=\"elementor-section elementor-inner-section elementor-element elementor-element-992fc73 elementor-section-boxed elementor-section-height-default elementor-section-height-default\" data-id=\"992fc73\" data-element_type=\"section\" data-e-type=\"section\">\n\t\t\t\t\t\t<div class=\"elementor-container elementor-column-gap-default\">\n\t\t\t\t\t<div class=\"elementor-column elementor-col-100 elementor-inner-column elementor-element elementor-element-6d97cd4\" data-id=\"6d97cd4\" data-element_type=\"column\" data-e-type=\"column\">\n\t\t\t<div class=\"elementor-widget-wrap elementor-element-populated\">\n\t\t\t\t\t\t<div class=\"elementor-element elementor-element-82d528e elementor-widget elementor-widget-text-editor\" data-id=\"82d528e\" data-element_type=\"widget\" data-e-type=\"widget\" data-widget_type=\"text-editor.default\">\n\t\t\t\t<div class=\"elementor-widget-container\">\n\t\t\t\t\t\t\t\t\t<p class=\"our-mission-text\" style=\"margin-right: 30px;\"><strong>Une derni\u00e8re activit\u00e9 du projet a donn\u00e9 lieu \u00e0 l\u2019\u00e9tablissement d\u2019un plan de transition en vue de d\u00e9placer le R\u00e9seau de la CCE vers un nouvel \u00e9tablissement qui en prendrait la responsabilit\u00e9. Dans ce contexte, l\u2019Universit\u00e9 de Waterloo (Ontario), au Canada, a propos\u00e9, en mars 2021, d\u2019agir \u00e0 titre de gestionnaire du R\u00e9seau et d\u2019y apporter davantage de contributions financi\u00e8res et en nature.<\/strong><\/p><p class=\"our-mission-text\" style=\"margin-right: 30px;\">Ainsi, en d\u00e9cembre 2021, le Conseil de la CCE a approuv\u00e9 un projet de suivi visant \u00e0 faire en sorte que le R\u00e9seau soit financi\u00e8rement ind\u00e9pendant et durable, et ce, au moyen du transfert des responsabilit\u00e9s ayant trait aux finances, aux activit\u00e9s et \u00e0 la gouvernance de la CCE aux membres du R\u00e9seau, aux partenaires et \u00e0 l\u2019\u00e9tablissement gestionnaire, ainsi que du renforcement des capacit\u00e9s op\u00e9rationnelles et financi\u00e8res n\u00e9cessaires afin que le R\u00e9seau puisse poursuivre ses activit\u00e9s. Dans le cadre de ce projet biennal de transition, la CCE continuera par ailleurs d\u2019appuyer les activit\u00e9s du R\u00e9seau.<\/p>\t\t\t\t\t\t\t\t<\/div>\n\t\t\t\t<\/div>\n\t\t\t\t\t<\/div>\n\t\t<\/div>\n\t\t\t\t\t<\/div>\n\t\t<\/section>\n\t\t\t\t<section class=\"elementor-section elementor-inner-section elementor-element elementor-element-9bbd272 elementor-section-boxed elementor-section-height-default elementor-section-height-default\" data-id=\"9bbd272\" data-element_type=\"section\" data-e-type=\"section\">\n\t\t\t\t\t\t<div class=\"elementor-container elementor-column-gap-default\">\n\t\t\t\t\t<div class=\"elementor-column elementor-col-100 elementor-inner-column elementor-element elementor-element-f9edc60\" data-id=\"f9edc60\" data-element_type=\"column\" data-e-type=\"column\">\n\t\t\t<div class=\"elementor-widget-wrap elementor-element-populated\">\n\t\t\t\t\t\t<div class=\"elementor-element elementor-element-c4e4c14 elementor-widget elementor-widget-text-editor\" data-id=\"c4e4c14\" data-element_type=\"widget\" data-e-type=\"widget\" data-widget_type=\"text-editor.default\">\n\t\t\t\t<div class=\"elementor-widget-container\">\n\t\t\t\t\t\t\t\t\t<h3><span style=\"color: #333333;\"><strong>Pertinence<\/strong><\/span><\/h3>\n<p class=\"our-mission-text\">Les centres d\u2019innovation peuvent jouer un r\u00f4le important en mati\u00e8re de d\u00e9veloppement \u00e9conomique durable et de cr\u00e9ation d\u2019emplois au sein et en dehors des collectivit\u00e9s qu\u2019ils desservent. Une caract\u00e9ristique fondamentale de ces centres est li\u00e9e au fait qu\u2019ils offrent un acc\u00e8s inclusif et \u00e9quitable aux \u00e9tudiants et aux membres des collectivit\u00e9s d\u2019Am\u00e9rique du Nord, ce qui leur permet de tirer parti de formations, d\u2019outils et de ressources qui ont trait \u00e0 l\u2019innovation, \u00e0 la conception durable, \u00e0 l\u2019entrepreneuriat, \u00e0 la mise sur pied d\u2019entreprises et \u00e0 l\u2019innovation durable.<\/p>\n\n<h3><span style=\"color: #333333;\"><strong>Objectif<\/strong><\/span><\/h3>\n<p class=\"our-mission-text\">Faire en sorte que le R\u00e9seau d\u2019\u00e9coinnovation soit ind\u00e9pendant de la CCE, avec une composition renouvel\u00e9e et renforc\u00e9e, qui s\u2019appuie sur une structure et une strat\u00e9gie \u00e9labor\u00e9e judicieusement, et fonctionne sous la gouvernance de l\u2019Universit\u00e9 de Waterloo pendant la p\u00e9riode initiale d\u2019acquisition de son autonomie.<\/p>\t\t\t\t\t\t\t\t<\/div>\n\t\t\t\t<\/div>\n\t\t\t\t\t<\/div>\n\t\t<\/div>\n\t\t\t\t\t<\/div>\n\t\t<\/section>\n\t\t\t\t\t<\/div>\n\t\t<\/div>\n\t\t\t\t\t<\/div>\n\t\t<\/section>\n\t\t\t\t<\/div>\n\t\t","protected":false},"excerpt":{"rendered":"<p>\u00c0 Propos \u00c0 propos du R\u00e9seau En 2019, la Commission de coop\u00e9ration environnementale (CCE) a lanc\u00e9 un projet biennal visant \u00e0 cr\u00e9er le R\u00e9seau nord-am\u00e9ricain pour l\u2019\u00e9coinnovation (R\u00e9seau d\u2019\u00c9coinnovation) afin que les jeunes et les collectivit\u00e9s d\u2019Am\u00e9rique du Nord puissent jouer un r\u00f4le pr\u00e9pond\u00e9rant dans les domaines de l\u2019innovation, de l\u2019entrepreneuriat et du d\u00e9veloppement durable. [&hellip;]<\/p>\n","protected":false},"author":1,"featured_media":0,"parent":0,"menu_order":0,"comment_status":"closed","ping_status":"closed","template":"elementor_header_footer","meta":{"_acf_changed":false,"footnotes":""},"class_list":["post-747","page","type-page","status-publish","hentry"],"yoast_head":"<!-- This site is optimized with the Yoast SEO plugin v27.0 - https:\/\/yoast.com\/product\/yoast-seo-wordpress\/ -->\n<title>\u00c0 propos du R\u00e9seau - EcoInnovation Network - Where sustainability and entrepreneurship connect<\/title>\n<meta name=\"robots\" content=\"index, follow, max-snippet:-1, max-image-preview:large, max-video-preview:-1\" \/>\n<link rel=\"canonical\" href=\"https:\/\/ecoinnovationnetwork.org\/about\/\" \/>\n<meta property=\"og:locale\" content=\"fr_FR\" \/>\n<meta property=\"og:type\" content=\"article\" \/>\n<meta property=\"og:title\" content=\"\u00c0 propos du R\u00e9seau - EcoInnovation Network - Where sustainability and entrepreneurship connect\" \/>\n<meta property=\"og:description\" content=\"\u00c0 Propos \u00c0 propos du R\u00e9seau En 2019, la Commission de coop\u00e9ration environnementale (CCE) a lanc\u00e9 un projet biennal visant \u00e0 cr\u00e9er le R\u00e9seau nord-am\u00e9ricain pour l\u2019\u00e9coinnovation (R\u00e9seau d\u2019\u00c9coinnovation) afin que les jeunes et les collectivit\u00e9s d\u2019Am\u00e9rique du Nord puissent jouer un r\u00f4le pr\u00e9pond\u00e9rant dans les domaines de l\u2019innovation, de l\u2019entrepreneuriat et du d\u00e9veloppement durable. [&hellip;]\" \/>\n<meta property=\"og:url\" content=\"https:\/\/ecoinnovationnetwork.org\/about\/\" \/>\n<meta property=\"og:site_name\" content=\"EcoInnovation Network\" \/>\n<meta property=\"article:modified_time\" content=\"2022-04-28T13:54:31+00:00\" \/>\n<meta property=\"og:image\" content=\"https:\/\/ecoinnovationnetwork.org\/wp-content\/uploads\/2019\/04\/06-e1556726484459.jpg\" \/>\n\t<meta property=\"og:image:width\" content=\"1920\" \/>\n\t<meta property=\"og:image:height\" content=\"1118\" \/>\n\t<meta property=\"og:image:type\" content=\"image\/jpeg\" \/>\n<meta name=\"twitter:card\" content=\"summary_large_image\" \/>\n<meta name=\"twitter:label1\" content=\"Dur\u00e9e de lecture estim\u00e9e\" \/>\n\t<meta name=\"twitter:data1\" content=\"3 minutes\" \/>\n<script type=\"application\/ld+json\" class=\"yoast-schema-graph\">{\"@context\":\"https:\/\/schema.org\",\"@graph\":[{\"@type\":\"WebPage\",\"@id\":\"https:\/\/ecoinnovationnetwork.org\/about\/\",\"url\":\"https:\/\/ecoinnovationnetwork.org\/about\/\",\"name\":\"\u00c0 propos du R\u00e9seau - EcoInnovation Network - Where sustainability and entrepreneurship connect\",\"isPartOf\":{\"@id\":\"https:\/\/ecoinnovationnetwork.org\/#website\"},\"datePublished\":\"2019-06-20T16:07:39+00:00\",\"dateModified\":\"2022-04-28T13:54:31+00:00\",\"breadcrumb\":{\"@id\":\"https:\/\/ecoinnovationnetwork.org\/about\/#breadcrumb\"},\"inLanguage\":\"fr-FR\",\"potentialAction\":[{\"@type\":\"ReadAction\",\"target\":[\"https:\/\/ecoinnovationnetwork.org\/about\/\"]}]},{\"@type\":\"BreadcrumbList\",\"@id\":\"https:\/\/ecoinnovationnetwork.org\/about\/#breadcrumb\",\"itemListElement\":[{\"@type\":\"ListItem\",\"position\":1,\"name\":\"Home\",\"item\":\"https:\/\/ecoinnovationnetwork.org\/fr\/\"},{\"@type\":\"ListItem\",\"position\":2,\"name\":\"\u00c0 propos du R\u00e9seau\"}]},{\"@type\":\"WebSite\",\"@id\":\"https:\/\/ecoinnovationnetwork.org\/#website\",\"url\":\"https:\/\/ecoinnovationnetwork.org\/\",\"name\":\"EcoInnovation Network\",\"description\":\"Where sustainability and entrepreneurship connect\",\"publisher\":{\"@id\":\"https:\/\/ecoinnovationnetwork.org\/#organization\"},\"potentialAction\":[{\"@type\":\"SearchAction\",\"target\":{\"@type\":\"EntryPoint\",\"urlTemplate\":\"https:\/\/ecoinnovationnetwork.org\/?s={search_term_string}\"},\"query-input\":{\"@type\":\"PropertyValueSpecification\",\"valueRequired\":true,\"valueName\":\"search_term_string\"}}],\"inLanguage\":\"fr-FR\"},{\"@type\":\"Organization\",\"@id\":\"https:\/\/ecoinnovationnetwork.org\/#organization\",\"name\":\"EcoInnovation Network\",\"url\":\"https:\/\/ecoinnovationnetwork.org\/\",\"logo\":{\"@type\":\"ImageObject\",\"inLanguage\":\"fr-FR\",\"@id\":\"https:\/\/ecoinnovationnetwork.org\/#\/schema\/logo\/image\/\",\"url\":\"http:\/\/ecoinnovationnetwork.org\/wp-content\/uploads\/2019\/07\/CEC_EcoInnovation-Logo-Eng-RGB.png\",\"contentUrl\":\"http:\/\/ecoinnovationnetwork.org\/wp-content\/uploads\/2019\/07\/CEC_EcoInnovation-Logo-Eng-RGB.png\",\"width\":1462,\"height\":406,\"caption\":\"EcoInnovation Network\"},\"image\":{\"@id\":\"https:\/\/ecoinnovationnetwork.org\/#\/schema\/logo\/image\/\"}}]}<\/script>\n<!-- \/ Yoast SEO plugin. -->","yoast_head_json":{"title":"\u00c0 propos du R\u00e9seau - EcoInnovation Network - Where sustainability and entrepreneurship connect","robots":{"index":"index","follow":"follow","max-snippet":"max-snippet:-1","max-image-preview":"max-image-preview:large","max-video-preview":"max-video-preview:-1"},"canonical":"https:\/\/ecoinnovationnetwork.org\/about\/","og_locale":"fr_FR","og_type":"article","og_title":"\u00c0 propos du R\u00e9seau - EcoInnovation Network - Where sustainability and entrepreneurship connect","og_description":"\u00c0 Propos \u00c0 propos du R\u00e9seau En 2019, la Commission de coop\u00e9ration environnementale (CCE) a lanc\u00e9 un projet biennal visant \u00e0 cr\u00e9er le R\u00e9seau nord-am\u00e9ricain pour l\u2019\u00e9coinnovation (R\u00e9seau d\u2019\u00c9coinnovation) afin que les jeunes et les collectivit\u00e9s d\u2019Am\u00e9rique du Nord puissent jouer un r\u00f4le pr\u00e9pond\u00e9rant dans les domaines de l\u2019innovation, de l\u2019entrepreneuriat et du d\u00e9veloppement durable. [&hellip;]","og_url":"https:\/\/ecoinnovationnetwork.org\/about\/","og_site_name":"EcoInnovation Network","article_modified_time":"2022-04-28T13:54:31+00:00","og_image":[{"width":1920,"height":1118,"url":"https:\/\/ecoinnovationnetwork.org\/wp-content\/uploads\/2019\/04\/06-e1556726484459.jpg","type":"image\/jpeg"}],"twitter_card":"summary_large_image","twitter_misc":{"Dur\u00e9e de lecture estim\u00e9e":"3 minutes"},"schema":{"@context":"https:\/\/schema.org","@graph":[{"@type":"WebPage","@id":"https:\/\/ecoinnovationnetwork.org\/about\/","url":"https:\/\/ecoinnovationnetwork.org\/about\/","name":"\u00c0 propos du R\u00e9seau - EcoInnovation Network - Where sustainability and entrepreneurship connect","isPartOf":{"@id":"https:\/\/ecoinnovationnetwork.org\/#website"},"datePublished":"2019-06-20T16:07:39+00:00","dateModified":"2022-04-28T13:54:31+00:00","breadcrumb":{"@id":"https:\/\/ecoinnovationnetwork.org\/about\/#breadcrumb"},"inLanguage":"fr-FR","potentialAction":[{"@type":"ReadAction","target":["https:\/\/ecoinnovationnetwork.org\/about\/"]}]},{"@type":"BreadcrumbList","@id":"https:\/\/ecoinnovationnetwork.org\/about\/#breadcrumb","itemListElement":[{"@type":"ListItem","position":1,"name":"Home","item":"https:\/\/ecoinnovationnetwork.org\/fr\/"},{"@type":"ListItem","position":2,"name":"\u00c0 propos du R\u00e9seau"}]},{"@type":"WebSite","@id":"https:\/\/ecoinnovationnetwork.org\/#website","url":"https:\/\/ecoinnovationnetwork.org\/","name":"EcoInnovation Network","description":"Where sustainability and entrepreneurship connect","publisher":{"@id":"https:\/\/ecoinnovationnetwork.org\/#organization"},"potentialAction":[{"@type":"SearchAction","target":{"@type":"EntryPoint","urlTemplate":"https:\/\/ecoinnovationnetwork.org\/?s={search_term_string}"},"query-input":{"@type":"PropertyValueSpecification","valueRequired":true,"valueName":"search_term_string"}}],"inLanguage":"fr-FR"},{"@type":"Organization","@id":"https:\/\/ecoinnovationnetwork.org\/#organization","name":"EcoInnovation Network","url":"https:\/\/ecoinnovationnetwork.org\/","logo":{"@type":"ImageObject","inLanguage":"fr-FR","@id":"https:\/\/ecoinnovationnetwork.org\/#\/schema\/logo\/image\/","url":"http:\/\/ecoinnovationnetwork.org\/wp-content\/uploads\/2019\/07\/CEC_EcoInnovation-Logo-Eng-RGB.png","contentUrl":"http:\/\/ecoinnovationnetwork.org\/wp-content\/uploads\/2019\/07\/CEC_EcoInnovation-Logo-Eng-RGB.png","width":1462,"height":406,"caption":"EcoInnovation Network"},"image":{"@id":"https:\/\/ecoinnovationnetwork.org\/#\/schema\/logo\/image\/"}}]}},"acf":[],"_links":{"self":[{"href":"https:\/\/ecoinnovationnetwork.org\/fr\/wp-json\/wp\/v2\/pages\/747","targetHints":{"allow":["GET"]}}],"collection":[{"href":"https:\/\/ecoinnovationnetwork.org\/fr\/wp-json\/wp\/v2\/pages"}],"about":[{"href":"https:\/\/ecoinnovationnetwork.org\/fr\/wp-json\/wp\/v2\/types\/page"}],"author":[{"embeddable":true,"href":"https:\/\/ecoinnovationnetwork.org\/fr\/wp-json\/wp\/v2\/users\/1"}],"replies":[{"embeddable":true,"href":"https:\/\/ecoinnovationnetwork.org\/fr\/wp-json\/wp\/v2\/comments?post=747"}],"version-history":[{"count":22,"href":"https:\/\/ecoinnovationnetwork.org\/fr\/wp-json\/wp\/v2\/pages\/747\/revisions"}],"predecessor-version":[{"id":2362,"href":"https:\/\/ecoinnovationnetwork.org\/fr\/wp-json\/wp\/v2\/pages\/747\/revisions\/2362"}],"wp:attachment":[{"href":"https:\/\/ecoinnovationnetwork.org\/fr\/wp-json\/wp\/v2\/media?parent=747"}],"curies":[{"name":"wp","href":"https:\/\/api.w.org\/{rel}","templated":true}]}}