{"id":768,"date":"2019-06-20T17:34:50","date_gmt":"2019-06-20T17:34:50","guid":{"rendered":"http:\/\/ecoinnovationnetwork.org\/servicios-de-la-red\/"},"modified":"2019-07-24T18:46:10","modified_gmt":"2019-07-24T18:46:10","slug":"servicios-de-la-red","status":"publish","type":"page","link":"https:\/\/ecoinnovationnetwork.org\/es\/servicios-de-la-red\/","title":{"rendered":"Servicios de la Red"},"content":{"rendered":"\t\t<div data-elementor-type=\"wp-post\" data-elementor-id=\"768\" class=\"elementor elementor-768 elementor-517\">\n\t\t\t\t\t\t<section class=\"elementor-section elementor-top-section elementor-element elementor-element-da7e356 elementor-section-stretched elementor-section-full_width elementor-hidden-desktop elementor-hidden-tablet elementor-section-height-default elementor-section-height-default\" data-id=\"da7e356\" data-element_type=\"section\" data-e-type=\"section\" data-settings=\"{&quot;stretch_section&quot;:&quot;section-stretched&quot;}\">\n\t\t\t\t\t\t<div class=\"elementor-container elementor-column-gap-no\">\n\t\t\t\t\t<div class=\"elementor-column elementor-col-100 elementor-top-column elementor-element elementor-element-94467b6\" data-id=\"94467b6\" data-element_type=\"column\" data-e-type=\"column\">\n\t\t\t<div class=\"elementor-widget-wrap elementor-element-populated\">\n\t\t\t\t\t\t<div class=\"elementor-element elementor-element-f67c557 elementor-widget elementor-widget-html\" data-id=\"f67c557\" data-element_type=\"widget\" data-e-type=\"widget\" data-widget_type=\"html.default\">\n\t\t\t\t<div class=\"elementor-widget-container\">\n\t\t\t\t\t<!--This titles will display on mobile, to change this go to Edit Section->Advanced->Responsive-->\r\n<div class=\"green-ribbon-mobile\">\r\n\t\t<h2>Servicios de la Red<\/h2>\r\n<\/div>\r\n\t\t\t\t<\/div>\n\t\t\t\t<\/div>\n\t\t\t\t\t<\/div>\n\t\t<\/div>\n\t\t\t\t\t<\/div>\n\t\t<\/section>\n\t\t\t\t<section class=\"elementor-section elementor-top-section elementor-element elementor-element-7ec6960 elementor-hidden-phone elementor-section-boxed elementor-section-height-default elementor-section-height-default\" data-id=\"7ec6960\" data-element_type=\"section\" data-e-type=\"section\">\n\t\t\t\t\t\t<div class=\"elementor-container elementor-column-gap-default\">\n\t\t\t\t\t<div class=\"elementor-column elementor-col-100 elementor-top-column elementor-element elementor-element-82400e9\" data-id=\"82400e9\" data-element_type=\"column\" data-e-type=\"column\">\n\t\t\t<div class=\"elementor-widget-wrap elementor-element-populated\">\n\t\t\t\t\t\t<div class=\"elementor-element elementor-element-89ffd10 elementor-widget elementor-widget-html\" data-id=\"89ffd10\" data-element_type=\"widget\" data-e-type=\"widget\" data-widget_type=\"html.default\">\n\t\t\t\t<div class=\"elementor-widget-container\">\n\t\t\t\t\t<!--This titles will display on tablet and desktop, to change this go to Edit Section->Advanced->Responsive-->\r\n<div class=\"ribbon-wrapper\">\r\n\t<div class=\"ribbon-front\" style=\"width:300px;\">\r\n\t\t<h2>Servicios de la Red <\/h2>\r\n\t<\/div>\r\n\t<div class=\"ribbon-edge-bottomleft\"><\/div>\r\n\t<div class=\"ribbon-edge-bottomright\"><\/div>\r\n\t<div class=\"ribbon-back-left\"><\/div>\r\n\t<div class=\"ribbon-back-right\"><\/div>\r\n<\/div>\r\n\t\t\t\t<\/div>\n\t\t\t\t<\/div>\n\t\t\t\t\t<\/div>\n\t\t<\/div>\n\t\t\t\t\t<\/div>\n\t\t<\/section>\n\t\t\t\t<section class=\"elementor-section elementor-top-section elementor-element elementor-element-0da6398 elementor-section-boxed elementor-section-height-default elementor-section-height-default\" data-id=\"0da6398\" data-element_type=\"section\" data-e-type=\"section\">\n\t\t\t\t\t\t<div class=\"elementor-container elementor-column-gap-default\">\n\t\t\t\t\t<div class=\"elementor-column elementor-col-100 elementor-top-column elementor-element elementor-element-a69578f\" data-id=\"a69578f\" data-element_type=\"column\" data-e-type=\"column\">\n\t\t\t<div class=\"elementor-widget-wrap elementor-element-populated\">\n\t\t\t\t\t\t<section class=\"elementor-section elementor-inner-section elementor-element elementor-element-af172e0 elementor-section-boxed elementor-section-height-default elementor-section-height-default\" data-id=\"af172e0\" data-element_type=\"section\" data-e-type=\"section\">\n\t\t\t\t\t\t<div class=\"elementor-container elementor-column-gap-default\">\n\t\t\t\t\t<div class=\"elementor-column elementor-col-100 elementor-inner-column elementor-element elementor-element-7aa02cf\" data-id=\"7aa02cf\" data-element_type=\"column\" data-e-type=\"column\">\n\t\t\t<div class=\"elementor-widget-wrap elementor-element-populated\">\n\t\t\t\t\t\t<div class=\"elementor-element elementor-element-6388c82 elementor-widget elementor-widget-text-editor\" data-id=\"6388c82\" data-element_type=\"widget\" data-e-type=\"widget\" data-widget_type=\"text-editor.default\">\n\t\t\t\t<div class=\"elementor-widget-container\">\n\t\t\t\t\t\t\t\t\t<p class=\"our-mission-text\">La Red de Ecoinnovaci\u00f3n se cre\u00f3 con el prop\u00f3sito de brindar los siguientes servicios:<\/p>\n<ol class=\"our-mission-text\">\n<li><strong> Recursos educativos: <\/strong>El acceso a todo un acervo de recursos aporta a los miembros de la red herramientas de desarrollo de capacidades para mejorar la educaci\u00f3n de sus usuarios en lo referente a procesos de emprendimiento e innovaci\u00f3n en favor de la sustentabilidad.<br class=\"\"><br class=\"\">\n<ul>\n<li>Cursos y programas de estudio: Capacitaci\u00f3n y materiales de apoyo a disposici\u00f3n de personal y usuarios de la red, con miras a contribuir a su formaci\u00f3n y brindarles las herramientas y la informaci\u00f3n necesarias para arrancar y consolidar empresas en consonancia con los objetivos de desarrollo sostenible.<\/li>\n<li>Base de datos de contactos: Acceso a una base de datos personalizada de contactos y relaciones establecidas con potencial para concretarse en alianzas y recursos en apoyo a la manufactura y el financiamiento.<br class=\"\"><br class=\"\"><\/li>\n<\/ul>\n<\/li>\n<li><strong>Relaciones<\/strong>: Los servicios basados en el establecimiento de relaciones sustentan la interacci\u00f3n entre los centros para la innovaci\u00f3n y sus usuarios, as\u00ed como con otros elementos de la comunidad empresarial sustentable, la industria y el sector gubernamental. Tales servicios incluyen:<br class=\"\"><br class=\"\">\n<ul>\n<li>Eventos: Eventos recurrentes, como talleres, mesas redondas y conferencias, presenciales y en l\u00ednea, que ofrecer\u00e1n a miembros y usuarios informaci\u00f3n valiosa y facilitar\u00e1n la interacci\u00f3n y el establecimiento de v\u00ednculos y conexiones.<\/li>\n<li>Intercambio de proyectos: Los miembros colaborar\u00e1n en proyectos mutuamente beneficiosos e intercambiar\u00e1n estudios de caso.<br class=\"\"><br class=\"\"><\/li>\n<\/ul>\n<\/li>\n<li><strong>Difusi\u00f3n<\/strong>: Iniciativas de difusi\u00f3n para mejorar la visibilidad p\u00fablica de la red y su base de conocimiento por medio de la generaci\u00f3n en informes trimestrales o anuales sobre mejores pr\u00e1cticas, as\u00ed como en la organizaci\u00f3n de un concurso anual de innovaci\u00f3n, similar al Desaf\u00edo Juvenil para la Innovaci\u00f3n Ambiental de la CCA.<br \/>\nLas iniciativas de difusi\u00f3n incluyen:<br class=\"\"><br class=\"\"><\/p>\n<ul>\n<li>Informes y transferencia de conocimiento: Publicaci\u00f3n peri\u00f3dica o regular de informes y otros documentos a fin de intercambiar mejores pr\u00e1cticas en lo relativo a la innovaci\u00f3n y el emprendimiento en favor del desarrollo sustentable, as\u00ed como dar a conocer la m\u00e9trica de los informes, aspectos destacados en torno a los miembros y la red, tendencias de la industria y recursos disponibles.<\/li>\n<li>Informes y transferencia de conocimiento: Publicaci\u00f3n peri\u00f3dica o regular de informes y otros documentos a fin de intercambiar mejores pr\u00e1cticas en lo relativo a la innovaci\u00f3n y el emprendimiento en favor del desarrollo sustentable, as\u00ed como dar a conocer la m\u00e9trica de los informes, aspectos destacados en torno a los miembros y la red, tendencias de la industria y recursos.<\/li>\n<\/ul>\n<\/li>\n<\/ol>\n\t\t\t\t\t\t\t\t<\/div>\n\t\t\t\t<\/div>\n\t\t\t\t<div class=\"elementor-element elementor-element-f753097 elementor-widget elementor-widget-spacer\" data-id=\"f753097\" data-element_type=\"widget\" data-e-type=\"widget\" data-widget_type=\"spacer.default\">\n\t\t\t\t<div class=\"elementor-widget-container\">\n\t\t\t\t\t\t\t<div class=\"elementor-spacer\">\n\t\t\t<div class=\"elementor-spacer-inner\"><\/div>\n\t\t<\/div>\n\t\t\t\t\t\t<\/div>\n\t\t\t\t<\/div>\n\t\t\t\t\t<\/div>\n\t\t<\/div>\n\t\t\t\t\t<\/div>\n\t\t<\/section>\n\t\t\t\t\t<\/div>\n\t\t<\/div>\n\t\t\t\t\t<\/div>\n\t\t<\/section>\n\t\t\t\t<section class=\"elementor-section elementor-top-section elementor-element elementor-element-44bf5e8 elementor-section-boxed elementor-section-height-default elementor-section-height-default\" data-id=\"44bf5e8\" data-element_type=\"section\" data-e-type=\"section\">\n\t\t\t\t\t\t<div class=\"elementor-container elementor-column-gap-default\">\n\t\t\t\t\t<div class=\"elementor-column elementor-col-100 elementor-top-column elementor-element elementor-element-092a9cd\" data-id=\"092a9cd\" data-element_type=\"column\" data-e-type=\"column\">\n\t\t\t<div class=\"elementor-widget-wrap elementor-element-populated\">\n\t\t\t\t\t\t\t<\/div>\n\t\t<\/div>\n\t\t\t\t\t<\/div>\n\t\t<\/section>\n\t\t\t\t<\/div>\n\t\t","protected":false},"excerpt":{"rendered":"<p>Servicios de la Red Servicios de la Red La Red de Ecoinnovaci\u00f3n se cre\u00f3 con el prop\u00f3sito de brindar los siguientes servicios: Recursos educativos: El acceso a todo un acervo de recursos aporta a los miembros de la red herramientas de desarrollo de capacidades para mejorar la educaci\u00f3n de sus usuarios en lo referente a [&hellip;]<\/p>\n","protected":false},"author":1,"featured_media":0,"parent":0,"menu_order":0,"comment_status":"closed","ping_status":"closed","template":"elementor_header_footer","meta":{"_acf_changed":false,"footnotes":""},"class_list":["post-768","page","type-page","status-publish","hentry"],"yoast_head":"<!-- This site is optimized with the Yoast SEO plugin v27.0 - https:\/\/yoast.com\/product\/yoast-seo-wordpress\/ -->\n<title>Servicios de la Red - EcoInnovation Network - Where sustainability and entrepreneurship connect<\/title>\n<meta name=\"robots\" content=\"index, follow, max-snippet:-1, max-image-preview:large, max-video-preview:-1\" \/>\n<link rel=\"canonical\" href=\"https:\/\/ecoinnovationnetwork.org\/network-services\/\" \/>\n<meta property=\"og:locale\" content=\"es_ES\" \/>\n<meta property=\"og:type\" content=\"article\" \/>\n<meta property=\"og:title\" content=\"Servicios de la Red - EcoInnovation Network - Where sustainability and entrepreneurship connect\" \/>\n<meta property=\"og:description\" content=\"Servicios de la Red Servicios de la Red La Red de Ecoinnovaci\u00f3n se cre\u00f3 con el prop\u00f3sito de brindar los siguientes servicios: Recursos educativos: El acceso a todo un acervo de recursos aporta a los miembros de la red herramientas de desarrollo de capacidades para mejorar la educaci\u00f3n de sus usuarios en lo referente a [&hellip;]\" \/>\n<meta property=\"og:url\" content=\"https:\/\/ecoinnovationnetwork.org\/network-services\/\" \/>\n<meta property=\"og:site_name\" content=\"EcoInnovation Network\" \/>\n<meta property=\"article:modified_time\" content=\"2019-07-24T18:46:10+00:00\" \/>\n<meta property=\"og:image\" content=\"https:\/\/ecoinnovationnetwork.org\/wp-content\/uploads\/2019\/04\/06-e1556726484459.jpg\" \/>\n\t<meta property=\"og:image:width\" content=\"1920\" \/>\n\t<meta property=\"og:image:height\" content=\"1118\" \/>\n\t<meta property=\"og:image:type\" content=\"image\/jpeg\" \/>\n<meta name=\"twitter:card\" content=\"summary_large_image\" \/>\n<meta name=\"twitter:label1\" content=\"Tiempo de lectura\" \/>\n\t<meta name=\"twitter:data1\" content=\"2 minutos\" \/>\n<script type=\"application\/ld+json\" class=\"yoast-schema-graph\">{\"@context\":\"https:\/\/schema.org\",\"@graph\":[{\"@type\":\"WebPage\",\"@id\":\"https:\/\/ecoinnovationnetwork.org\/network-services\/\",\"url\":\"https:\/\/ecoinnovationnetwork.org\/network-services\/\",\"name\":\"Servicios de la Red - EcoInnovation Network - Where sustainability and entrepreneurship connect\",\"isPartOf\":{\"@id\":\"https:\/\/ecoinnovationnetwork.org\/#website\"},\"datePublished\":\"2019-06-20T17:34:50+00:00\",\"dateModified\":\"2019-07-24T18:46:10+00:00\",\"breadcrumb\":{\"@id\":\"https:\/\/ecoinnovationnetwork.org\/network-services\/#breadcrumb\"},\"inLanguage\":\"es\",\"potentialAction\":[{\"@type\":\"ReadAction\",\"target\":[\"https:\/\/ecoinnovationnetwork.org\/network-services\/\"]}]},{\"@type\":\"BreadcrumbList\",\"@id\":\"https:\/\/ecoinnovationnetwork.org\/network-services\/#breadcrumb\",\"itemListElement\":[{\"@type\":\"ListItem\",\"position\":1,\"name\":\"Home\",\"item\":\"https:\/\/ecoinnovationnetwork.org\/\"},{\"@type\":\"ListItem\",\"position\":2,\"name\":\"Servicios de la Red\"}]},{\"@type\":\"WebSite\",\"@id\":\"https:\/\/ecoinnovationnetwork.org\/#website\",\"url\":\"https:\/\/ecoinnovationnetwork.org\/\",\"name\":\"EcoInnovation Network\",\"description\":\"Where sustainability and entrepreneurship connect\",\"publisher\":{\"@id\":\"https:\/\/ecoinnovationnetwork.org\/#organization\"},\"potentialAction\":[{\"@type\":\"SearchAction\",\"target\":{\"@type\":\"EntryPoint\",\"urlTemplate\":\"https:\/\/ecoinnovationnetwork.org\/?s={search_term_string}\"},\"query-input\":{\"@type\":\"PropertyValueSpecification\",\"valueRequired\":true,\"valueName\":\"search_term_string\"}}],\"inLanguage\":\"es\"},{\"@type\":\"Organization\",\"@id\":\"https:\/\/ecoinnovationnetwork.org\/#organization\",\"name\":\"EcoInnovation Network\",\"url\":\"https:\/\/ecoinnovationnetwork.org\/\",\"logo\":{\"@type\":\"ImageObject\",\"inLanguage\":\"es\",\"@id\":\"https:\/\/ecoinnovationnetwork.org\/#\/schema\/logo\/image\/\",\"url\":\"http:\/\/ecoinnovationnetwork.org\/wp-content\/uploads\/2019\/07\/CEC_EcoInnovation-Logo-Eng-RGB.png\",\"contentUrl\":\"http:\/\/ecoinnovationnetwork.org\/wp-content\/uploads\/2019\/07\/CEC_EcoInnovation-Logo-Eng-RGB.png\",\"width\":1462,\"height\":406,\"caption\":\"EcoInnovation Network\"},\"image\":{\"@id\":\"https:\/\/ecoinnovationnetwork.org\/#\/schema\/logo\/image\/\"}}]}<\/script>\n<!-- \/ Yoast SEO plugin. -->","yoast_head_json":{"title":"Servicios de la Red - EcoInnovation Network - Where sustainability and entrepreneurship connect","robots":{"index":"index","follow":"follow","max-snippet":"max-snippet:-1","max-image-preview":"max-image-preview:large","max-video-preview":"max-video-preview:-1"},"canonical":"https:\/\/ecoinnovationnetwork.org\/network-services\/","og_locale":"es_ES","og_type":"article","og_title":"Servicios de la Red - EcoInnovation Network - Where sustainability and entrepreneurship connect","og_description":"Servicios de la Red Servicios de la Red La Red de Ecoinnovaci\u00f3n se cre\u00f3 con el prop\u00f3sito de brindar los siguientes servicios: Recursos educativos: El acceso a todo un acervo de recursos aporta a los miembros de la red herramientas de desarrollo de capacidades para mejorar la educaci\u00f3n de sus usuarios en lo referente a [&hellip;]","og_url":"https:\/\/ecoinnovationnetwork.org\/network-services\/","og_site_name":"EcoInnovation Network","article_modified_time":"2019-07-24T18:46:10+00:00","og_image":[{"width":1920,"height":1118,"url":"https:\/\/ecoinnovationnetwork.org\/wp-content\/uploads\/2019\/04\/06-e1556726484459.jpg","type":"image\/jpeg"}],"twitter_card":"summary_large_image","twitter_misc":{"Tiempo de lectura":"2 minutos"},"schema":{"@context":"https:\/\/schema.org","@graph":[{"@type":"WebPage","@id":"https:\/\/ecoinnovationnetwork.org\/network-services\/","url":"https:\/\/ecoinnovationnetwork.org\/network-services\/","name":"Servicios de la Red - EcoInnovation Network - Where sustainability and entrepreneurship connect","isPartOf":{"@id":"https:\/\/ecoinnovationnetwork.org\/#website"},"datePublished":"2019-06-20T17:34:50+00:00","dateModified":"2019-07-24T18:46:10+00:00","breadcrumb":{"@id":"https:\/\/ecoinnovationnetwork.org\/network-services\/#breadcrumb"},"inLanguage":"es","potentialAction":[{"@type":"ReadAction","target":["https:\/\/ecoinnovationnetwork.org\/network-services\/"]}]},{"@type":"BreadcrumbList","@id":"https:\/\/ecoinnovationnetwork.org\/network-services\/#breadcrumb","itemListElement":[{"@type":"ListItem","position":1,"name":"Home","item":"https:\/\/ecoinnovationnetwork.org\/"},{"@type":"ListItem","position":2,"name":"Servicios de la Red"}]},{"@type":"WebSite","@id":"https:\/\/ecoinnovationnetwork.org\/#website","url":"https:\/\/ecoinnovationnetwork.org\/","name":"EcoInnovation Network","description":"Where sustainability and entrepreneurship connect","publisher":{"@id":"https:\/\/ecoinnovationnetwork.org\/#organization"},"potentialAction":[{"@type":"SearchAction","target":{"@type":"EntryPoint","urlTemplate":"https:\/\/ecoinnovationnetwork.org\/?s={search_term_string}"},"query-input":{"@type":"PropertyValueSpecification","valueRequired":true,"valueName":"search_term_string"}}],"inLanguage":"es"},{"@type":"Organization","@id":"https:\/\/ecoinnovationnetwork.org\/#organization","name":"EcoInnovation Network","url":"https:\/\/ecoinnovationnetwork.org\/","logo":{"@type":"ImageObject","inLanguage":"es","@id":"https:\/\/ecoinnovationnetwork.org\/#\/schema\/logo\/image\/","url":"http:\/\/ecoinnovationnetwork.org\/wp-content\/uploads\/2019\/07\/CEC_EcoInnovation-Logo-Eng-RGB.png","contentUrl":"http:\/\/ecoinnovationnetwork.org\/wp-content\/uploads\/2019\/07\/CEC_EcoInnovation-Logo-Eng-RGB.png","width":1462,"height":406,"caption":"EcoInnovation Network"},"image":{"@id":"https:\/\/ecoinnovationnetwork.org\/#\/schema\/logo\/image\/"}}]}},"acf":[],"_links":{"self":[{"href":"https:\/\/ecoinnovationnetwork.org\/es\/wp-json\/wp\/v2\/pages\/768","targetHints":{"allow":["GET"]}}],"collection":[{"href":"https:\/\/ecoinnovationnetwork.org\/es\/wp-json\/wp\/v2\/pages"}],"about":[{"href":"https:\/\/ecoinnovationnetwork.org\/es\/wp-json\/wp\/v2\/types\/page"}],"author":[{"embeddable":true,"href":"https:\/\/ecoinnovationnetwork.org\/es\/wp-json\/wp\/v2\/users\/1"}],"replies":[{"embeddable":true,"href":"https:\/\/ecoinnovationnetwork.org\/es\/wp-json\/wp\/v2\/comments?post=768"}],"version-history":[{"count":27,"href":"https:\/\/ecoinnovationnetwork.org\/es\/wp-json\/wp\/v2\/pages\/768\/revisions"}],"predecessor-version":[{"id":1181,"href":"https:\/\/ecoinnovationnetwork.org\/es\/wp-json\/wp\/v2\/pages\/768\/revisions\/1181"}],"wp:attachment":[{"href":"https:\/\/ecoinnovationnetwork.org\/es\/wp-json\/wp\/v2\/media?parent=768"}],"curies":[{"name":"wp","href":"https:\/\/api.w.org\/{rel}","templated":true}]}}