{"id":762,"date":"2019-06-20T17:24:20","date_gmt":"2019-06-20T17:24:20","guid":{"rendered":"http:\/\/ecoinnovationnetwork.org\/centro-de-innovacion-ideal\/"},"modified":"2019-07-24T18:43:01","modified_gmt":"2019-07-24T18:43:01","slug":"centro-de-innovacion","status":"publish","type":"page","link":"https:\/\/ecoinnovationnetwork.org\/es\/centro-de-innovacion\/","title":{"rendered":"Centro de Innovaci\u00f3n"},"content":{"rendered":"\t\t<div data-elementor-type=\"wp-post\" data-elementor-id=\"762\" class=\"elementor elementor-762 elementor-545\">\n\t\t\t\t\t\t<section class=\"elementor-section elementor-top-section elementor-element elementor-element-da7e356 elementor-section-stretched elementor-section-full_width elementor-hidden-desktop elementor-hidden-tablet elementor-section-height-default elementor-section-height-default\" data-id=\"da7e356\" data-element_type=\"section\" data-e-type=\"section\" data-settings=\"{&quot;stretch_section&quot;:&quot;section-stretched&quot;}\">\n\t\t\t\t\t\t<div class=\"elementor-container elementor-column-gap-no\">\n\t\t\t\t\t<div class=\"elementor-column elementor-col-100 elementor-top-column elementor-element elementor-element-94467b6\" data-id=\"94467b6\" data-element_type=\"column\" data-e-type=\"column\">\n\t\t\t<div class=\"elementor-widget-wrap elementor-element-populated\">\n\t\t\t\t\t\t<div class=\"elementor-element elementor-element-f67c557 elementor-widget elementor-widget-html\" data-id=\"f67c557\" data-element_type=\"widget\" data-e-type=\"widget\" data-widget_type=\"html.default\">\n\t\t\t\t<div class=\"elementor-widget-container\">\n\t\t\t\t\t<!--This titles will display on mobile, to change this go to Edit Section->Advanced->Responsive-->\r\n<div class=\"green-ribbon-mobile\">\r\n\t\t<h2>Centro de Innovaci\u00f3n<\/h2>\r\n<\/div>\r\n\t\t\t\t<\/div>\n\t\t\t\t<\/div>\n\t\t\t\t\t<\/div>\n\t\t<\/div>\n\t\t\t\t\t<\/div>\n\t\t<\/section>\n\t\t\t\t<section class=\"elementor-section elementor-top-section elementor-element elementor-element-7ec6960 elementor-hidden-phone elementor-section-boxed elementor-section-height-default elementor-section-height-default\" data-id=\"7ec6960\" data-element_type=\"section\" data-e-type=\"section\">\n\t\t\t\t\t\t<div class=\"elementor-container elementor-column-gap-default\">\n\t\t\t\t\t<div class=\"elementor-column elementor-col-100 elementor-top-column elementor-element elementor-element-82400e9\" data-id=\"82400e9\" data-element_type=\"column\" data-e-type=\"column\">\n\t\t\t<div class=\"elementor-widget-wrap elementor-element-populated\">\n\t\t\t\t\t\t<div class=\"elementor-element elementor-element-89ffd10 elementor-widget elementor-widget-html\" data-id=\"89ffd10\" data-element_type=\"widget\" data-e-type=\"widget\" data-widget_type=\"html.default\">\n\t\t\t\t<div class=\"elementor-widget-container\">\n\t\t\t\t\t<!--This titles will display on tablet and desktop, to change this go to Edit Section->Advanced->Responsive-->\r\n<div class=\"ribbon-wrapper\">\r\n\t<div class=\"ribbon-front\" style=\"width:500px;\">\r\n\t\t<h2>Centro de Innovaci\u00f3n<\/h2>\r\n\t<\/div>\r\n\t<div class=\"ribbon-edge-bottomleft\"><\/div>\r\n\t<div class=\"ribbon-edge-bottomright\"><\/div>\r\n\t<div class=\"ribbon-back-left\"><\/div>\r\n\t<div class=\"ribbon-back-right\"><\/div>\r\n<\/div>\r\n\t\t\t\t<\/div>\n\t\t\t\t<\/div>\n\t\t\t\t\t<\/div>\n\t\t<\/div>\n\t\t\t\t\t<\/div>\n\t\t<\/section>\n\t\t\t\t<section class=\"elementor-section elementor-top-section elementor-element elementor-element-0da6398 elementor-section-boxed elementor-section-height-default elementor-section-height-default\" data-id=\"0da6398\" data-element_type=\"section\" data-e-type=\"section\">\n\t\t\t\t\t\t<div class=\"elementor-container elementor-column-gap-default\">\n\t\t\t\t\t<div class=\"elementor-column elementor-col-100 elementor-top-column elementor-element elementor-element-a69578f\" data-id=\"a69578f\" data-element_type=\"column\" data-e-type=\"column\">\n\t\t\t<div class=\"elementor-widget-wrap elementor-element-populated\">\n\t\t\t\t\t\t<section class=\"elementor-section elementor-inner-section elementor-element elementor-element-af172e0 elementor-section-boxed elementor-section-height-default elementor-section-height-default\" data-id=\"af172e0\" data-element_type=\"section\" data-e-type=\"section\">\n\t\t\t\t\t\t<div class=\"elementor-container elementor-column-gap-default\">\n\t\t\t\t\t<div class=\"elementor-column elementor-col-100 elementor-inner-column elementor-element elementor-element-7aa02cf\" data-id=\"7aa02cf\" data-element_type=\"column\" data-e-type=\"column\">\n\t\t\t<div class=\"elementor-widget-wrap elementor-element-populated\">\n\t\t\t\t\t\t<div class=\"elementor-element elementor-element-6388c82 elementor-widget elementor-widget-text-editor\" data-id=\"6388c82\" data-element_type=\"widget\" data-e-type=\"widget\" data-widget_type=\"text-editor.default\">\n\t\t\t\t<div class=\"elementor-widget-container\">\n\t\t\t\t\t\t\t\t\t<h4><strong>Servicios de los centros para la innovaci\u00f3n con miras a impulsar el esp\u00edritu emprendedor y el desarrollo sustentable <\/strong><\/h4>\n<p class=\"our-mission-text\">A trav\u00e9s de la red, los centros para la innovaci\u00f3n se comprometen a fomentar el emprendimiento y el desarrollo sustentable, con miras a crear e impulsar uno o m\u00e1s de los servicios siguientes: <br class=\"\"><br class=\"\"><\/p>\n<ol class=\"our-mission-text\">\n<li>Instalaciones y personal dedicados\n<ol type=\"a\">\n<li>Cada centro contar\u00e1 con personal de tiempo completo dedicado a ofrecer a estudiantes, profesores y personal administrativo, al igual que miembros de la comunidad y empresas locales, servicios de apoyo en iniciativas de dise\u00f1o y emprendimiento en favor del crecimiento sustentable. <\/li>\n<li>Instalaciones para el cotrabajo: Cada centro ofrecer\u00e1 oficinas y espacios de trabajo compartidos para fomentar la interacci\u00f3n y el desarrollo de v\u00ednculos y relaciones.<\/li>\n<li>Espacios de creaci\u00f3n abiertos (makerspaces): Los centros proveer\u00e1n un espacio f\u00edsico en el que la comunidad tendr\u00e1 acceso a espacios y equipo de manufactura y fabricaci\u00f3n digital, prototipado y micromanufactura.<\/li>\n<li>Incubaci\u00f3n de empresas: Los centros proporcionar\u00e1n un espacio f\u00edsico donde se ofrecer\u00e1 orientaci\u00f3n, apoyo, relaciones y recursos empresariales a los que los usuarios dif\u00edcilmente tienen acceso por cuenta propia. <br class=\"\"><br class=\"\"><\/li>\n<\/ol>\n<\/li>\n<li>Herramientas para el desarrollo de capacidades y recursos educativos\n<ol type=\"a\">\n<li>Asesor\u00eda, capacitaci\u00f3n y talleres: Los centros ofrecer\u00e1n cursos estructurados sobre temas de importancia, mejores pr\u00e1cticas, codificaci\u00f3n y desarrollo de software, estrategias para redes sociales, habilidades para hablar en p\u00fablico, contabilidad, gesti\u00f3n de inversiones y otros aspectos que se consideren necesarios.<\/li>\n<li>Programas de estudio en sustentabilidad: Los centros ofrecer\u00e1n conocimientos, cursos y recursos para que los usuarios puedan incorporar los objetivos de desarrollo sostenible en sus procesos de innovaci\u00f3n y emprendimiento. <\/li>\n<li>Tutor\u00eda: Los centros dise\u00f1ar\u00e1n y ofrecer\u00e1n programas estructurados de tutor\u00eda para orientar a los usuarios y brindarles acceso a conocimientos t\u00e9cnicos, financieros y de comercializaci\u00f3n. <\/li>\n<li>Aceleraci\u00f3n de empresas: Los centros dise\u00f1ar\u00e1n y ofrecer\u00e1n un programa de estudios y mentor\u00eda, de duraci\u00f3n definida, centrado en los principios de un r\u00e1pido crecimiento empresarial; esto a menudo incluir\u00e1 oportunidades de inversi\u00f3n y el establecimiento de relaciones clave con posibles inversionistas.<\/li>\n<li>Servicios legales: Los centros brindar\u00e1n acceso a servicios de asesor\u00eda legal de bajo costo, o con descuentos considerables, a fin de apoyar en procesos de creaci\u00f3n de empresas y obtenci\u00f3n de patentes.<br class=\"\"><br class=\"\"><\/li>\n<\/ol>\n<\/li>\n<li>Herramientas de colaboraci\u00f3n y de creaci\u00f3n de alianzas\n<ol type=\"a\">\n<li>Los centros se conectar\u00e1n con otros departamentos del campus universitario para dar a conocer su labor y propiciar relaciones de colaboraci\u00f3n; asimismo, establecer\u00e1n y nutrir\u00e1n relaciones al exterior del campus y de la instituci\u00f3n acad\u00e9mica que los alberga. De esta forma, podr\u00e1n participar y hacer contribuciones en un ecosistema empresarial m\u00e1s amplio.<\/li>\n<li>Acceso a concursos regionales, nacionales y mundiales: Los centros facilitar\u00e1n el v\u00ednculo para participar en concursos globales, incluidos los que se centran en la sustentabilidad, que ofrecen premios de dinero en efectivo y asesor\u00eda en inversiones y publicidad.<\/li>\n<li>Acceso a contactos de la industria: Los centros ofrecer\u00e1n vinculaci\u00f3n con entidades gubernamentales y socios del sector industrial a fin de aumentar el acceso a recursos e inversiones (por ejemplo, \u201c\u00e1ngeles inversionistas\u201d, subvenciones y otras fuentes de financiamiento) para el desarrollo sustentable. Adem\u00e1s, brindar\u00e1n la mentor\u00eda, las capacidades y los recursos requeridos para impulsar proyectos de emprendimiento. <\/li>\n<li>Comunicaci\u00f3n y mercadotecnia: Los centros pondr\u00e1n en marcha iniciativas m\u00e1s amplias de difusi\u00f3n para aumentar la visibilidad de sus usuarios.<\/li>\n<\/ol>\n<\/li>\n<\/ol>\n<p><a class = \"our-mission-text\" href=\"https:\/\/ecoinnovationnetwork.org\/es\/contacto\/\">Cont\u00e1ctanos para m\u00e1s informaci\u00f3n.<\/a><\/p>\n\t\t\t\t\t\t\t\t<\/div>\n\t\t\t\t<\/div>\n\t\t\t\t\t<\/div>\n\t\t<\/div>\n\t\t\t\t\t<\/div>\n\t\t<\/section>\n\t\t\t\t\t<\/div>\n\t\t<\/div>\n\t\t\t\t\t<\/div>\n\t\t<\/section>\n\t\t\t\t<section class=\"elementor-section elementor-top-section elementor-element elementor-element-91975eb elementor-section-boxed elementor-section-height-default elementor-section-height-default\" data-id=\"91975eb\" data-element_type=\"section\" data-e-type=\"section\">\n\t\t\t\t\t\t<div class=\"elementor-container elementor-column-gap-default\">\n\t\t\t\t\t<div class=\"elementor-column elementor-col-100 elementor-top-column elementor-element elementor-element-0d33f66\" data-id=\"0d33f66\" data-element_type=\"column\" data-e-type=\"column\">\n\t\t\t<div class=\"elementor-widget-wrap elementor-element-populated\">\n\t\t\t\t\t\t\t<\/div>\n\t\t<\/div>\n\t\t\t\t\t<\/div>\n\t\t<\/section>\n\t\t\t\t<\/div>\n\t\t","protected":false},"excerpt":{"rendered":"<p>Centro de Innovaci\u00f3n Centro de Innovaci\u00f3n Servicios de los centros para la innovaci\u00f3n con miras a impulsar el esp\u00edritu emprendedor y el desarrollo sustentable A trav\u00e9s de la red, los centros para la innovaci\u00f3n se comprometen a fomentar el emprendimiento y el desarrollo sustentable, con miras a crear e impulsar uno o m\u00e1s de los [&hellip;]<\/p>\n","protected":false},"author":1,"featured_media":0,"parent":0,"menu_order":0,"comment_status":"closed","ping_status":"closed","template":"elementor_header_footer","meta":{"_acf_changed":false,"footnotes":""},"class_list":["post-762","page","type-page","status-publish","hentry"],"yoast_head":"<!-- This site is optimized with the Yoast SEO plugin v27.0 - https:\/\/yoast.com\/product\/yoast-seo-wordpress\/ -->\n<title>Centro de Innovaci\u00f3n - EcoInnovation Network - Where sustainability and entrepreneurship connect<\/title>\n<meta name=\"robots\" content=\"index, follow, max-snippet:-1, max-image-preview:large, max-video-preview:-1\" \/>\n<link rel=\"canonical\" href=\"https:\/\/ecoinnovationnetwork.org\/innovation-center\/\" \/>\n<meta property=\"og:locale\" content=\"es_ES\" \/>\n<meta property=\"og:type\" content=\"article\" \/>\n<meta property=\"og:title\" content=\"Centro de Innovaci\u00f3n - EcoInnovation Network - Where sustainability and entrepreneurship connect\" \/>\n<meta property=\"og:description\" content=\"Centro de Innovaci\u00f3n Centro de Innovaci\u00f3n Servicios de los centros para la innovaci\u00f3n con miras a impulsar el esp\u00edritu emprendedor y el desarrollo sustentable A trav\u00e9s de la red, los centros para la innovaci\u00f3n se comprometen a fomentar el emprendimiento y el desarrollo sustentable, con miras a crear e impulsar uno o m\u00e1s de los [&hellip;]\" \/>\n<meta property=\"og:url\" content=\"https:\/\/ecoinnovationnetwork.org\/innovation-center\/\" \/>\n<meta property=\"og:site_name\" content=\"EcoInnovation Network\" \/>\n<meta property=\"article:modified_time\" content=\"2019-07-24T18:43:01+00:00\" \/>\n<meta property=\"og:image\" content=\"https:\/\/ecoinnovationnetwork.org\/wp-content\/uploads\/2019\/04\/06-e1556726484459.jpg\" \/>\n\t<meta property=\"og:image:width\" content=\"1920\" \/>\n\t<meta property=\"og:image:height\" content=\"1118\" \/>\n\t<meta property=\"og:image:type\" content=\"image\/jpeg\" \/>\n<meta name=\"twitter:card\" content=\"summary_large_image\" \/>\n<meta name=\"twitter:label1\" content=\"Tiempo de lectura\" \/>\n\t<meta name=\"twitter:data1\" content=\"3 minutos\" \/>\n<script type=\"application\/ld+json\" class=\"yoast-schema-graph\">{\"@context\":\"https:\/\/schema.org\",\"@graph\":[{\"@type\":\"WebPage\",\"@id\":\"https:\/\/ecoinnovationnetwork.org\/innovation-center\/\",\"url\":\"https:\/\/ecoinnovationnetwork.org\/innovation-center\/\",\"name\":\"Centro de Innovaci\u00f3n - EcoInnovation Network - Where sustainability and entrepreneurship connect\",\"isPartOf\":{\"@id\":\"https:\/\/ecoinnovationnetwork.org\/#website\"},\"datePublished\":\"2019-06-20T17:24:20+00:00\",\"dateModified\":\"2019-07-24T18:43:01+00:00\",\"breadcrumb\":{\"@id\":\"https:\/\/ecoinnovationnetwork.org\/innovation-center\/#breadcrumb\"},\"inLanguage\":\"es\",\"potentialAction\":[{\"@type\":\"ReadAction\",\"target\":[\"https:\/\/ecoinnovationnetwork.org\/innovation-center\/\"]}]},{\"@type\":\"BreadcrumbList\",\"@id\":\"https:\/\/ecoinnovationnetwork.org\/innovation-center\/#breadcrumb\",\"itemListElement\":[{\"@type\":\"ListItem\",\"position\":1,\"name\":\"Home\",\"item\":\"https:\/\/ecoinnovationnetwork.org\/\"},{\"@type\":\"ListItem\",\"position\":2,\"name\":\"Centro de Innovaci\u00f3n\"}]},{\"@type\":\"WebSite\",\"@id\":\"https:\/\/ecoinnovationnetwork.org\/#website\",\"url\":\"https:\/\/ecoinnovationnetwork.org\/\",\"name\":\"EcoInnovation Network\",\"description\":\"Where sustainability and entrepreneurship connect\",\"publisher\":{\"@id\":\"https:\/\/ecoinnovationnetwork.org\/#organization\"},\"potentialAction\":[{\"@type\":\"SearchAction\",\"target\":{\"@type\":\"EntryPoint\",\"urlTemplate\":\"https:\/\/ecoinnovationnetwork.org\/?s={search_term_string}\"},\"query-input\":{\"@type\":\"PropertyValueSpecification\",\"valueRequired\":true,\"valueName\":\"search_term_string\"}}],\"inLanguage\":\"es\"},{\"@type\":\"Organization\",\"@id\":\"https:\/\/ecoinnovationnetwork.org\/#organization\",\"name\":\"EcoInnovation Network\",\"url\":\"https:\/\/ecoinnovationnetwork.org\/\",\"logo\":{\"@type\":\"ImageObject\",\"inLanguage\":\"es\",\"@id\":\"https:\/\/ecoinnovationnetwork.org\/#\/schema\/logo\/image\/\",\"url\":\"http:\/\/ecoinnovationnetwork.org\/wp-content\/uploads\/2019\/07\/CEC_EcoInnovation-Logo-Eng-RGB.png\",\"contentUrl\":\"http:\/\/ecoinnovationnetwork.org\/wp-content\/uploads\/2019\/07\/CEC_EcoInnovation-Logo-Eng-RGB.png\",\"width\":1462,\"height\":406,\"caption\":\"EcoInnovation Network\"},\"image\":{\"@id\":\"https:\/\/ecoinnovationnetwork.org\/#\/schema\/logo\/image\/\"}}]}<\/script>\n<!-- \/ Yoast SEO plugin. -->","yoast_head_json":{"title":"Centro de Innovaci\u00f3n - EcoInnovation Network - Where sustainability and entrepreneurship connect","robots":{"index":"index","follow":"follow","max-snippet":"max-snippet:-1","max-image-preview":"max-image-preview:large","max-video-preview":"max-video-preview:-1"},"canonical":"https:\/\/ecoinnovationnetwork.org\/innovation-center\/","og_locale":"es_ES","og_type":"article","og_title":"Centro de Innovaci\u00f3n - EcoInnovation Network - Where sustainability and entrepreneurship connect","og_description":"Centro de Innovaci\u00f3n Centro de Innovaci\u00f3n Servicios de los centros para la innovaci\u00f3n con miras a impulsar el esp\u00edritu emprendedor y el desarrollo sustentable A trav\u00e9s de la red, los centros para la innovaci\u00f3n se comprometen a fomentar el emprendimiento y el desarrollo sustentable, con miras a crear e impulsar uno o m\u00e1s de los [&hellip;]","og_url":"https:\/\/ecoinnovationnetwork.org\/innovation-center\/","og_site_name":"EcoInnovation Network","article_modified_time":"2019-07-24T18:43:01+00:00","og_image":[{"width":1920,"height":1118,"url":"https:\/\/ecoinnovationnetwork.org\/wp-content\/uploads\/2019\/04\/06-e1556726484459.jpg","type":"image\/jpeg"}],"twitter_card":"summary_large_image","twitter_misc":{"Tiempo de lectura":"3 minutos"},"schema":{"@context":"https:\/\/schema.org","@graph":[{"@type":"WebPage","@id":"https:\/\/ecoinnovationnetwork.org\/innovation-center\/","url":"https:\/\/ecoinnovationnetwork.org\/innovation-center\/","name":"Centro de Innovaci\u00f3n - EcoInnovation Network - Where sustainability and entrepreneurship connect","isPartOf":{"@id":"https:\/\/ecoinnovationnetwork.org\/#website"},"datePublished":"2019-06-20T17:24:20+00:00","dateModified":"2019-07-24T18:43:01+00:00","breadcrumb":{"@id":"https:\/\/ecoinnovationnetwork.org\/innovation-center\/#breadcrumb"},"inLanguage":"es","potentialAction":[{"@type":"ReadAction","target":["https:\/\/ecoinnovationnetwork.org\/innovation-center\/"]}]},{"@type":"BreadcrumbList","@id":"https:\/\/ecoinnovationnetwork.org\/innovation-center\/#breadcrumb","itemListElement":[{"@type":"ListItem","position":1,"name":"Home","item":"https:\/\/ecoinnovationnetwork.org\/"},{"@type":"ListItem","position":2,"name":"Centro de Innovaci\u00f3n"}]},{"@type":"WebSite","@id":"https:\/\/ecoinnovationnetwork.org\/#website","url":"https:\/\/ecoinnovationnetwork.org\/","name":"EcoInnovation Network","description":"Where sustainability and entrepreneurship connect","publisher":{"@id":"https:\/\/ecoinnovationnetwork.org\/#organization"},"potentialAction":[{"@type":"SearchAction","target":{"@type":"EntryPoint","urlTemplate":"https:\/\/ecoinnovationnetwork.org\/?s={search_term_string}"},"query-input":{"@type":"PropertyValueSpecification","valueRequired":true,"valueName":"search_term_string"}}],"inLanguage":"es"},{"@type":"Organization","@id":"https:\/\/ecoinnovationnetwork.org\/#organization","name":"EcoInnovation Network","url":"https:\/\/ecoinnovationnetwork.org\/","logo":{"@type":"ImageObject","inLanguage":"es","@id":"https:\/\/ecoinnovationnetwork.org\/#\/schema\/logo\/image\/","url":"http:\/\/ecoinnovationnetwork.org\/wp-content\/uploads\/2019\/07\/CEC_EcoInnovation-Logo-Eng-RGB.png","contentUrl":"http:\/\/ecoinnovationnetwork.org\/wp-content\/uploads\/2019\/07\/CEC_EcoInnovation-Logo-Eng-RGB.png","width":1462,"height":406,"caption":"EcoInnovation Network"},"image":{"@id":"https:\/\/ecoinnovationnetwork.org\/#\/schema\/logo\/image\/"}}]}},"acf":[],"_links":{"self":[{"href":"https:\/\/ecoinnovationnetwork.org\/es\/wp-json\/wp\/v2\/pages\/762","targetHints":{"allow":["GET"]}}],"collection":[{"href":"https:\/\/ecoinnovationnetwork.org\/es\/wp-json\/wp\/v2\/pages"}],"about":[{"href":"https:\/\/ecoinnovationnetwork.org\/es\/wp-json\/wp\/v2\/types\/page"}],"author":[{"embeddable":true,"href":"https:\/\/ecoinnovationnetwork.org\/es\/wp-json\/wp\/v2\/users\/1"}],"replies":[{"embeddable":true,"href":"https:\/\/ecoinnovationnetwork.org\/es\/wp-json\/wp\/v2\/comments?post=762"}],"version-history":[{"count":13,"href":"https:\/\/ecoinnovationnetwork.org\/es\/wp-json\/wp\/v2\/pages\/762\/revisions"}],"predecessor-version":[{"id":1174,"href":"https:\/\/ecoinnovationnetwork.org\/es\/wp-json\/wp\/v2\/pages\/762\/revisions\/1174"}],"wp:attachment":[{"href":"https:\/\/ecoinnovationnetwork.org\/es\/wp-json\/wp\/v2\/media?parent=762"}],"curies":[{"name":"wp","href":"https:\/\/api.w.org\/{rel}","templated":true}]}}