{"id":760,"date":"2019-06-20T17:13:49","date_gmt":"2019-06-20T17:13:49","guid":{"rendered":"http:\/\/ecoinnovationnetwork.org\/beneficios\/"},"modified":"2019-10-14T11:46:15","modified_gmt":"2019-10-14T15:46:15","slug":"beneficios","status":"publish","type":"page","link":"https:\/\/ecoinnovationnetwork.org\/es\/beneficios\/","title":{"rendered":"Beneficios"},"content":{"rendered":"\t\t<div data-elementor-type=\"wp-post\" data-elementor-id=\"760\" class=\"elementor elementor-760 elementor-538\">\n\t\t\t\t\t\t<section class=\"elementor-section elementor-top-section elementor-element elementor-element-1b11146 elementor-section-stretched elementor-section-full_width elementor-hidden-desktop elementor-hidden-tablet elementor-section-height-default elementor-section-height-default\" data-id=\"1b11146\" data-element_type=\"section\" data-e-type=\"section\" data-settings=\"{&quot;stretch_section&quot;:&quot;section-stretched&quot;}\">\n\t\t\t\t\t\t<div class=\"elementor-container elementor-column-gap-no\">\n\t\t\t\t\t<div class=\"elementor-column elementor-col-100 elementor-top-column elementor-element elementor-element-1dcc583\" data-id=\"1dcc583\" data-element_type=\"column\" data-e-type=\"column\">\n\t\t\t<div class=\"elementor-widget-wrap elementor-element-populated\">\n\t\t\t\t\t\t<div class=\"elementor-element elementor-element-508b4ca elementor-widget elementor-widget-html\" data-id=\"508b4ca\" data-element_type=\"widget\" data-e-type=\"widget\" data-widget_type=\"html.default\">\n\t\t\t\t<div class=\"elementor-widget-container\">\n\t\t\t\t\t<!--This titles will display on mobile, to change this go to Edit Section->Advanced->Responsive-->\r\n<div class=\"green-ribbon-mobile\">\r\n\t\t<h2 id =\"benefits\">Beneficios de unirse a la red<\/h2>\r\n<\/div>\r\n\t\t\t\t<\/div>\n\t\t\t\t<\/div>\n\t\t\t\t\t<\/div>\n\t\t<\/div>\n\t\t\t\t\t<\/div>\n\t\t<\/section>\n\t\t\t\t<section class=\"elementor-section elementor-top-section elementor-element elementor-element-2cb472b elementor-hidden-phone elementor-section-boxed elementor-section-height-default elementor-section-height-default\" data-id=\"2cb472b\" data-element_type=\"section\" data-e-type=\"section\">\n\t\t\t\t\t\t<div class=\"elementor-container elementor-column-gap-default\">\n\t\t\t\t\t<div class=\"elementor-column elementor-col-100 elementor-top-column elementor-element elementor-element-e92f49b\" data-id=\"e92f49b\" data-element_type=\"column\" data-e-type=\"column\">\n\t\t\t<div class=\"elementor-widget-wrap elementor-element-populated\">\n\t\t\t\t\t\t<div class=\"elementor-element elementor-element-b70364d elementor-widget elementor-widget-html\" data-id=\"b70364d\" data-element_type=\"widget\" data-e-type=\"widget\" data-widget_type=\"html.default\">\n\t\t\t\t<div class=\"elementor-widget-container\">\n\t\t\t\t\t<!--This titles will display on tablet and desktop, to change this go to Edit Section->Advanced->Responsive-->\r\n<div class=\"ribbon-wrapper\">\r\n\t<div class=\"ribbon-front\" style=\"width:500px;\">\r\n\t\t<h2 id =\"benefits\">Beneficios de unirse a la red<\/h2>\r\n\t<\/div>\r\n\t<div class=\"ribbon-edge-bottomleft\"><\/div>\r\n\t<div class=\"ribbon-edge-bottomright\"><\/div>\r\n\t<div class=\"ribbon-back-left\"><\/div>\r\n\t<div class=\"ribbon-back-right\"><\/div>\r\n<\/div>\r\n\t\t\t\t<\/div>\n\t\t\t\t<\/div>\n\t\t\t\t\t<\/div>\n\t\t<\/div>\n\t\t\t\t\t<\/div>\n\t\t<\/section>\n\t\t\t\t<section class=\"elementor-section elementor-top-section elementor-element elementor-element-378f3b8 elementor-section-boxed elementor-section-height-default elementor-section-height-default\" data-id=\"378f3b8\" data-element_type=\"section\" data-e-type=\"section\">\n\t\t\t\t\t\t<div class=\"elementor-container elementor-column-gap-default\">\n\t\t\t\t\t<div class=\"elementor-column elementor-col-100 elementor-top-column elementor-element elementor-element-bfe1d42\" data-id=\"bfe1d42\" data-element_type=\"column\" data-e-type=\"column\">\n\t\t\t<div class=\"elementor-widget-wrap elementor-element-populated\">\n\t\t\t\t\t\t<section class=\"elementor-section elementor-inner-section elementor-element elementor-element-0768dca elementor-section-boxed elementor-section-height-default elementor-section-height-default\" data-id=\"0768dca\" data-element_type=\"section\" data-e-type=\"section\">\n\t\t\t\t\t\t<div class=\"elementor-container elementor-column-gap-default\">\n\t\t\t\t\t<div class=\"elementor-column elementor-col-100 elementor-inner-column elementor-element elementor-element-c099f04\" data-id=\"c099f04\" data-element_type=\"column\" data-e-type=\"column\">\n\t\t\t<div class=\"elementor-widget-wrap elementor-element-populated\">\n\t\t\t\t\t\t<div class=\"elementor-element elementor-element-ec87745 elementor-widget elementor-widget-text-editor\" data-id=\"ec87745\" data-element_type=\"widget\" data-e-type=\"widget\" data-widget_type=\"text-editor.default\">\n\t\t\t\t<div class=\"elementor-widget-container\">\n\t\t\t\t\t\t\t\t\t<p class=\"our-mission-text\">Los centros para la innovaci\u00f3n que formen parte de la red podr\u00e1n gozar de muchos beneficios, como:<\/p>\n\n<ul class=\"our-mission-text\">\n \t<li>Aumentar sus recursos y servicios en materia de sustentabilidad, emprendimiento e innovaci\u00f3n.<\/li>\n \t<li>Contar con mayor acceso a expertos en emprendimiento y desarrollo sustentable, lo que facilita el intercambio de mejores pr\u00e1cticas en apoyo no s\u00f3lo de las operaciones de los centros mismos, sino tambi\u00e9n de sus usuarios (j\u00f3venes y comunidades incluidos).<\/li>\n \t<li>Ofrecer mejores oportunidades al personal, estudiantes y la comunidad de usuarios al participar en intercambios internacionales.<\/li>\n \t<li>Disponer de mecanismos de apalancamiento de recursos que se traducen en opciones ampliadas de procuraci\u00f3n de fondos y oportunidades para la colaboraci\u00f3n.<\/li>\n \t<li>Ganar visibilidad y demostrar liderazgo en sustentabilidad e innovaci\u00f3n al promover proyectos innovadores de j\u00f3venes emprendedores y comunidades de toda Am\u00e9rica del Norte.<\/li>\n<\/ul>\t\t\t\t\t\t\t\t<\/div>\n\t\t\t\t<\/div>\n\t\t\t\t<div class=\"elementor-element elementor-element-24fa821 elementor-widget elementor-widget-spacer\" data-id=\"24fa821\" data-element_type=\"widget\" data-e-type=\"widget\" data-widget_type=\"spacer.default\">\n\t\t\t\t<div class=\"elementor-widget-container\">\n\t\t\t\t\t\t\t<div class=\"elementor-spacer\">\n\t\t\t<div class=\"elementor-spacer-inner\"><\/div>\n\t\t<\/div>\n\t\t\t\t\t\t<\/div>\n\t\t\t\t<\/div>\n\t\t\t\t\t<\/div>\n\t\t<\/div>\n\t\t\t\t\t<\/div>\n\t\t<\/section>\n\t\t\t\t\t<\/div>\n\t\t<\/div>\n\t\t\t\t\t<\/div>\n\t\t<\/section>\n\t\t\t\t<section class=\"elementor-section elementor-top-section elementor-element elementor-element-4a08bf4 elementor-section-boxed elementor-section-height-default elementor-section-height-default\" data-id=\"4a08bf4\" data-element_type=\"section\" data-e-type=\"section\">\n\t\t\t\t\t\t<div class=\"elementor-container elementor-column-gap-default\">\n\t\t\t\t\t<div class=\"elementor-column elementor-col-100 elementor-top-column elementor-element elementor-element-a188fba\" data-id=\"a188fba\" data-element_type=\"column\" data-e-type=\"column\">\n\t\t\t<div class=\"elementor-widget-wrap elementor-element-populated\">\n\t\t\t\t\t\t<div class=\"elementor-element elementor-element-04166bd elementor-widget elementor-widget-html\" data-id=\"04166bd\" data-element_type=\"widget\" data-e-type=\"widget\" data-widget_type=\"html.default\">\n\t\t\t\t<div class=\"elementor-widget-container\">\n\t\t\t\t\t<!--This titles will display on tablet and desktop, to change this go to Edit Section->Advanced->Responsive-->\r\n<div class=\"ribbon-wrapper\">\r\n\t<div class=\"ribbon-front\" style=\"width:300px;\">\r\n\t\t<h2>Recursos de la Red<\/h2>\r\n\t<\/div>\r\n\t<div class=\"ribbon-edge-bottomleft\"><\/div>\r\n\t<div class=\"ribbon-edge-bottomright\"><\/div>\r\n\t<div class=\"ribbon-back-left\"><\/div>\r\n\t<div class=\"ribbon-back-right\"><\/div>\r\n<\/div>\t\t\t\t<\/div>\n\t\t\t\t<\/div>\n\t\t\t\t<div class=\"elementor-element elementor-element-257a66a elementor-widget elementor-widget-text-editor\" data-id=\"257a66a\" data-element_type=\"widget\" data-e-type=\"widget\" data-widget_type=\"text-editor.default\">\n\t\t\t\t<div class=\"elementor-widget-container\">\n\t\t\t\t\t\t\t\t\t<p class=\"our-mission-text\">La Red de Ecoinnovaci\u00f3n se cre\u00f3 con el prop\u00f3sito de brindar los siguientes servicios:<\/p>\t\t\t\t\t\t\t\t<\/div>\n\t\t\t\t<\/div>\n\t\t\t\t<div class=\"elementor-element elementor-element-00449ee elementor-widget elementor-widget-accordion\" data-id=\"00449ee\" data-element_type=\"widget\" data-e-type=\"widget\" data-widget_type=\"accordion.default\">\n\t\t\t\t<div class=\"elementor-widget-container\">\n\t\t\t\t\t\t\t<div class=\"elementor-accordion\">\n\t\t\t\t\t\t\t<div class=\"elementor-accordion-item\">\n\t\t\t\t\t<div id=\"elementor-tab-title-2811\" class=\"elementor-tab-title\" data-tab=\"1\" role=\"button\" aria-controls=\"elementor-tab-content-2811\" aria-expanded=\"false\">\n\t\t\t\t\t\t\t\t\t\t\t\t\t<span class=\"elementor-accordion-icon elementor-accordion-icon-left\" aria-hidden=\"true\">\n\t\t\t\t\t\t\t\t\t\t\t\t\t\t\t<span class=\"elementor-accordion-icon-closed\"><i class=\"fas fa-plus\"><\/i><\/span>\n\t\t\t\t\t\t\t\t<span class=\"elementor-accordion-icon-opened\"><i class=\"fas fa-minus\"><\/i><\/span>\n\t\t\t\t\t\t\t\t\t\t\t\t\t\t<\/span>\n\t\t\t\t\t\t\t\t\t\t\t\t<a class=\"elementor-accordion-title\" tabindex=\"0\">1.  Recursos educativos<\/a>\n\t\t\t\t\t<\/div>\n\t\t\t\t\t<div id=\"elementor-tab-content-2811\" class=\"elementor-tab-content elementor-clearfix\" data-tab=\"1\" role=\"region\" aria-labelledby=\"elementor-tab-title-2811\"><p class=\"our-mission-text\">El acceso a todo un acervo de recursos aporta a los miembros de la red herramientas de desarrollo de capacidades para mejorar la educaci\u00f3n de sus usuarios en lo referente a procesos de emprendimiento e innovaci\u00f3n en favor de la sustentabilidad.<\/p><ul class=\"our-mission-text\"><li>Cursos y programas de estudio: Capacitaci\u00f3n y materiales de apoyo a disposici\u00f3n de personal y usuarios de la red, con miras a contribuir a su formaci\u00f3n y brindarles las herramientas y la informaci\u00f3n necesarias para arrancar y consolidar empresas en consonancia con los objetivos de desarrollo sostenible.<\/li><li>Base de datos de contactos: Acceso a una base de datos personalizada de contactos y relaciones establecidas con potencial para concretarse en alianzas y recursos en apoyo a la manufactura y el financiamiento.<br class=\"\" \/><br class=\"\" \/><\/li><\/ul><\/div>\n\t\t\t\t<\/div>\n\t\t\t\t\t\t\t<div class=\"elementor-accordion-item\">\n\t\t\t\t\t<div id=\"elementor-tab-title-2812\" class=\"elementor-tab-title\" data-tab=\"2\" role=\"button\" aria-controls=\"elementor-tab-content-2812\" aria-expanded=\"false\">\n\t\t\t\t\t\t\t\t\t\t\t\t\t<span class=\"elementor-accordion-icon elementor-accordion-icon-left\" aria-hidden=\"true\">\n\t\t\t\t\t\t\t\t\t\t\t\t\t\t\t<span class=\"elementor-accordion-icon-closed\"><i class=\"fas fa-plus\"><\/i><\/span>\n\t\t\t\t\t\t\t\t<span class=\"elementor-accordion-icon-opened\"><i class=\"fas fa-minus\"><\/i><\/span>\n\t\t\t\t\t\t\t\t\t\t\t\t\t\t<\/span>\n\t\t\t\t\t\t\t\t\t\t\t\t<a class=\"elementor-accordion-title\" tabindex=\"0\">2. Relaciones<\/a>\n\t\t\t\t\t<\/div>\n\t\t\t\t\t<div id=\"elementor-tab-content-2812\" class=\"elementor-tab-content elementor-clearfix\" data-tab=\"2\" role=\"region\" aria-labelledby=\"elementor-tab-title-2812\"><p class=\"our-mission-text\">Los servicios basados en el establecimiento de relaciones sustentan la interacci\u00f3n entre los centros para la innovaci\u00f3n y sus usuarios, as\u00ed como con otros elementos de la comunidad empresarial sustentable, la industria y el sector gubernamental. Tales servicios incluyen:<\/p><ul class=\"our-mission-text\"><li>Eventos: Eventos recurrentes, como talleres, mesas redondas y conferencias, presenciales y en l\u00ednea, que ofrecer\u00e1n a miembros y usuarios informaci\u00f3n valiosa y facilitar\u00e1n la interacci\u00f3n y el establecimiento de v\u00ednculos y conexiones.<\/li><li>Intercambio de proyectos: Los miembros colaborar\u00e1n en proyectos mutuamente beneficiosos e intercambiar\u00e1n estudios de caso.<br class=\"\" \/><br class=\"\" \/><\/li><\/ul><\/div>\n\t\t\t\t<\/div>\n\t\t\t\t\t\t\t<div class=\"elementor-accordion-item\">\n\t\t\t\t\t<div id=\"elementor-tab-title-2813\" class=\"elementor-tab-title\" data-tab=\"3\" role=\"button\" aria-controls=\"elementor-tab-content-2813\" aria-expanded=\"false\">\n\t\t\t\t\t\t\t\t\t\t\t\t\t<span class=\"elementor-accordion-icon elementor-accordion-icon-left\" aria-hidden=\"true\">\n\t\t\t\t\t\t\t\t\t\t\t\t\t\t\t<span class=\"elementor-accordion-icon-closed\"><i class=\"fas fa-plus\"><\/i><\/span>\n\t\t\t\t\t\t\t\t<span class=\"elementor-accordion-icon-opened\"><i class=\"fas fa-minus\"><\/i><\/span>\n\t\t\t\t\t\t\t\t\t\t\t\t\t\t<\/span>\n\t\t\t\t\t\t\t\t\t\t\t\t<a class=\"elementor-accordion-title\" tabindex=\"0\">3.  Avances<\/a>\n\t\t\t\t\t<\/div>\n\t\t\t\t\t<div id=\"elementor-tab-content-2813\" class=\"elementor-tab-content elementor-clearfix\" data-tab=\"3\" role=\"region\" aria-labelledby=\"elementor-tab-title-2813\"><p class=\"our-mission-text\">Iniciativas de difusi\u00f3n para mejorar la visibilidad p\u00fablica de la red y su base de conocimiento por medio de la generaci\u00f3n en informes trimestrales o anuales sobre mejores pr\u00e1cticas, as\u00ed como en la organizaci\u00f3n de un concurso anual de innovaci\u00f3n, similar al Desaf\u00edo Juvenil para la Innovaci\u00f3n Ambiental de la CCA.<br \/>Las iniciativas de difusi\u00f3n incluyen:<\/p><ul class=\"our-mission-text\"><li>Informes y transferencia de conocimiento: Publicaci\u00f3n peri\u00f3dica o regular de informes y otros documentos a fin de intercambiar mejores pr\u00e1cticas en lo relativo a la innovaci\u00f3n y el emprendimiento en favor del desarrollo sustentable, as\u00ed como dar a conocer la m\u00e9trica de los informes, aspectos destacados en torno a los miembros y la red, tendencias de la industria y recursos disponibles.<\/li><li>Informes y transferencia de conocimiento: Publicaci\u00f3n peri\u00f3dica o regular de informes y otros documentos a fin de intercambiar mejores pr\u00e1cticas en lo relativo a la innovaci\u00f3n y el emprendimiento en favor del desarrollo sustentable, as\u00ed como dar a conocer la m\u00e9trica de los informes, aspectos destacados en torno a los miembros y la red, tendencias de la industria y recursos.<\/li><\/ul><\/div>\n\t\t\t\t<\/div>\n\t\t\t\t\t\t\t\t<\/div>\n\t\t\t\t\t\t<\/div>\n\t\t\t\t<\/div>\n\t\t\t\t\t<\/div>\n\t\t<\/div>\n\t\t\t\t\t<\/div>\n\t\t<\/section>\n\t\t\t\t<\/div>\n\t\t","protected":false},"excerpt":{"rendered":"<p>Beneficios de unirse a la red Beneficios de unirse a la red Los centros para la innovaci\u00f3n que formen parte de la red podr\u00e1n gozar de muchos beneficios, como: Aumentar sus recursos y servicios en materia de sustentabilidad, emprendimiento e innovaci\u00f3n. Contar con mayor acceso a expertos en emprendimiento y desarrollo sustentable, lo que facilita [&hellip;]<\/p>\n","protected":false},"author":1,"featured_media":0,"parent":0,"menu_order":0,"comment_status":"closed","ping_status":"closed","template":"elementor_header_footer","meta":{"_acf_changed":false,"footnotes":""},"class_list":["post-760","page","type-page","status-publish","hentry"],"yoast_head":"<!-- This site is optimized with the Yoast SEO plugin v27.0 - https:\/\/yoast.com\/product\/yoast-seo-wordpress\/ -->\n<title>Beneficios - EcoInnovation Network - Where sustainability and entrepreneurship connect<\/title>\n<meta name=\"robots\" content=\"index, follow, max-snippet:-1, max-image-preview:large, max-video-preview:-1\" \/>\n<link rel=\"canonical\" href=\"https:\/\/ecoinnovationnetwork.org\/benefits\/\" \/>\n<meta property=\"og:locale\" content=\"es_ES\" \/>\n<meta property=\"og:type\" content=\"article\" \/>\n<meta property=\"og:title\" content=\"Beneficios - EcoInnovation Network - Where sustainability and entrepreneurship connect\" \/>\n<meta property=\"og:description\" content=\"Beneficios de unirse a la red Beneficios de unirse a la red Los centros para la innovaci\u00f3n que formen parte de la red podr\u00e1n gozar de muchos beneficios, como: Aumentar sus recursos y servicios en materia de sustentabilidad, emprendimiento e innovaci\u00f3n. Contar con mayor acceso a expertos en emprendimiento y desarrollo sustentable, lo que facilita [&hellip;]\" \/>\n<meta property=\"og:url\" content=\"https:\/\/ecoinnovationnetwork.org\/benefits\/\" \/>\n<meta property=\"og:site_name\" content=\"EcoInnovation Network\" \/>\n<meta property=\"article:modified_time\" content=\"2019-10-14T15:46:15+00:00\" \/>\n<meta property=\"og:image\" content=\"https:\/\/ecoinnovationnetwork.org\/wp-content\/uploads\/2019\/04\/06-e1556726484459.jpg\" \/>\n\t<meta property=\"og:image:width\" content=\"1920\" \/>\n\t<meta property=\"og:image:height\" content=\"1118\" \/>\n\t<meta property=\"og:image:type\" content=\"image\/jpeg\" \/>\n<meta name=\"twitter:card\" content=\"summary_large_image\" \/>\n<meta name=\"twitter:label1\" content=\"Tiempo de lectura\" \/>\n\t<meta name=\"twitter:data1\" content=\"3 minutos\" \/>\n<script type=\"application\/ld+json\" class=\"yoast-schema-graph\">{\"@context\":\"https:\/\/schema.org\",\"@graph\":[{\"@type\":\"WebPage\",\"@id\":\"https:\/\/ecoinnovationnetwork.org\/benefits\/\",\"url\":\"https:\/\/ecoinnovationnetwork.org\/benefits\/\",\"name\":\"Beneficios - EcoInnovation Network - Where sustainability and entrepreneurship connect\",\"isPartOf\":{\"@id\":\"https:\/\/ecoinnovationnetwork.org\/#website\"},\"datePublished\":\"2019-06-20T17:13:49+00:00\",\"dateModified\":\"2019-10-14T15:46:15+00:00\",\"breadcrumb\":{\"@id\":\"https:\/\/ecoinnovationnetwork.org\/benefits\/#breadcrumb\"},\"inLanguage\":\"es\",\"potentialAction\":[{\"@type\":\"ReadAction\",\"target\":[\"https:\/\/ecoinnovationnetwork.org\/benefits\/\"]}]},{\"@type\":\"BreadcrumbList\",\"@id\":\"https:\/\/ecoinnovationnetwork.org\/benefits\/#breadcrumb\",\"itemListElement\":[{\"@type\":\"ListItem\",\"position\":1,\"name\":\"Home\",\"item\":\"https:\/\/ecoinnovationnetwork.org\/\"},{\"@type\":\"ListItem\",\"position\":2,\"name\":\"Beneficios\"}]},{\"@type\":\"WebSite\",\"@id\":\"https:\/\/ecoinnovationnetwork.org\/#website\",\"url\":\"https:\/\/ecoinnovationnetwork.org\/\",\"name\":\"EcoInnovation Network\",\"description\":\"Where sustainability and entrepreneurship connect\",\"publisher\":{\"@id\":\"https:\/\/ecoinnovationnetwork.org\/#organization\"},\"potentialAction\":[{\"@type\":\"SearchAction\",\"target\":{\"@type\":\"EntryPoint\",\"urlTemplate\":\"https:\/\/ecoinnovationnetwork.org\/?s={search_term_string}\"},\"query-input\":{\"@type\":\"PropertyValueSpecification\",\"valueRequired\":true,\"valueName\":\"search_term_string\"}}],\"inLanguage\":\"es\"},{\"@type\":\"Organization\",\"@id\":\"https:\/\/ecoinnovationnetwork.org\/#organization\",\"name\":\"EcoInnovation Network\",\"url\":\"https:\/\/ecoinnovationnetwork.org\/\",\"logo\":{\"@type\":\"ImageObject\",\"inLanguage\":\"es\",\"@id\":\"https:\/\/ecoinnovationnetwork.org\/#\/schema\/logo\/image\/\",\"url\":\"http:\/\/ecoinnovationnetwork.org\/wp-content\/uploads\/2019\/07\/CEC_EcoInnovation-Logo-Eng-RGB.png\",\"contentUrl\":\"http:\/\/ecoinnovationnetwork.org\/wp-content\/uploads\/2019\/07\/CEC_EcoInnovation-Logo-Eng-RGB.png\",\"width\":1462,\"height\":406,\"caption\":\"EcoInnovation Network\"},\"image\":{\"@id\":\"https:\/\/ecoinnovationnetwork.org\/#\/schema\/logo\/image\/\"}}]}<\/script>\n<!-- \/ Yoast SEO plugin. -->","yoast_head_json":{"title":"Beneficios - EcoInnovation Network - Where sustainability and entrepreneurship connect","robots":{"index":"index","follow":"follow","max-snippet":"max-snippet:-1","max-image-preview":"max-image-preview:large","max-video-preview":"max-video-preview:-1"},"canonical":"https:\/\/ecoinnovationnetwork.org\/benefits\/","og_locale":"es_ES","og_type":"article","og_title":"Beneficios - EcoInnovation Network - Where sustainability and entrepreneurship connect","og_description":"Beneficios de unirse a la red Beneficios de unirse a la red Los centros para la innovaci\u00f3n que formen parte de la red podr\u00e1n gozar de muchos beneficios, como: Aumentar sus recursos y servicios en materia de sustentabilidad, emprendimiento e innovaci\u00f3n. Contar con mayor acceso a expertos en emprendimiento y desarrollo sustentable, lo que facilita [&hellip;]","og_url":"https:\/\/ecoinnovationnetwork.org\/benefits\/","og_site_name":"EcoInnovation Network","article_modified_time":"2019-10-14T15:46:15+00:00","og_image":[{"width":1920,"height":1118,"url":"https:\/\/ecoinnovationnetwork.org\/wp-content\/uploads\/2019\/04\/06-e1556726484459.jpg","type":"image\/jpeg"}],"twitter_card":"summary_large_image","twitter_misc":{"Tiempo de lectura":"3 minutos"},"schema":{"@context":"https:\/\/schema.org","@graph":[{"@type":"WebPage","@id":"https:\/\/ecoinnovationnetwork.org\/benefits\/","url":"https:\/\/ecoinnovationnetwork.org\/benefits\/","name":"Beneficios - EcoInnovation Network - Where sustainability and entrepreneurship connect","isPartOf":{"@id":"https:\/\/ecoinnovationnetwork.org\/#website"},"datePublished":"2019-06-20T17:13:49+00:00","dateModified":"2019-10-14T15:46:15+00:00","breadcrumb":{"@id":"https:\/\/ecoinnovationnetwork.org\/benefits\/#breadcrumb"},"inLanguage":"es","potentialAction":[{"@type":"ReadAction","target":["https:\/\/ecoinnovationnetwork.org\/benefits\/"]}]},{"@type":"BreadcrumbList","@id":"https:\/\/ecoinnovationnetwork.org\/benefits\/#breadcrumb","itemListElement":[{"@type":"ListItem","position":1,"name":"Home","item":"https:\/\/ecoinnovationnetwork.org\/"},{"@type":"ListItem","position":2,"name":"Beneficios"}]},{"@type":"WebSite","@id":"https:\/\/ecoinnovationnetwork.org\/#website","url":"https:\/\/ecoinnovationnetwork.org\/","name":"EcoInnovation Network","description":"Where sustainability and entrepreneurship connect","publisher":{"@id":"https:\/\/ecoinnovationnetwork.org\/#organization"},"potentialAction":[{"@type":"SearchAction","target":{"@type":"EntryPoint","urlTemplate":"https:\/\/ecoinnovationnetwork.org\/?s={search_term_string}"},"query-input":{"@type":"PropertyValueSpecification","valueRequired":true,"valueName":"search_term_string"}}],"inLanguage":"es"},{"@type":"Organization","@id":"https:\/\/ecoinnovationnetwork.org\/#organization","name":"EcoInnovation Network","url":"https:\/\/ecoinnovationnetwork.org\/","logo":{"@type":"ImageObject","inLanguage":"es","@id":"https:\/\/ecoinnovationnetwork.org\/#\/schema\/logo\/image\/","url":"http:\/\/ecoinnovationnetwork.org\/wp-content\/uploads\/2019\/07\/CEC_EcoInnovation-Logo-Eng-RGB.png","contentUrl":"http:\/\/ecoinnovationnetwork.org\/wp-content\/uploads\/2019\/07\/CEC_EcoInnovation-Logo-Eng-RGB.png","width":1462,"height":406,"caption":"EcoInnovation Network"},"image":{"@id":"https:\/\/ecoinnovationnetwork.org\/#\/schema\/logo\/image\/"}}]}},"acf":[],"_links":{"self":[{"href":"https:\/\/ecoinnovationnetwork.org\/es\/wp-json\/wp\/v2\/pages\/760","targetHints":{"allow":["GET"]}}],"collection":[{"href":"https:\/\/ecoinnovationnetwork.org\/es\/wp-json\/wp\/v2\/pages"}],"about":[{"href":"https:\/\/ecoinnovationnetwork.org\/es\/wp-json\/wp\/v2\/types\/page"}],"author":[{"embeddable":true,"href":"https:\/\/ecoinnovationnetwork.org\/es\/wp-json\/wp\/v2\/users\/1"}],"replies":[{"embeddable":true,"href":"https:\/\/ecoinnovationnetwork.org\/es\/wp-json\/wp\/v2\/comments?post=760"}],"version-history":[{"count":5,"href":"https:\/\/ecoinnovationnetwork.org\/es\/wp-json\/wp\/v2\/pages\/760\/revisions"}],"predecessor-version":[{"id":1212,"href":"https:\/\/ecoinnovationnetwork.org\/es\/wp-json\/wp\/v2\/pages\/760\/revisions\/1212"}],"wp:attachment":[{"href":"https:\/\/ecoinnovationnetwork.org\/es\/wp-json\/wp\/v2\/media?parent=760"}],"curies":[{"name":"wp","href":"https:\/\/api.w.org\/{rel}","templated":true}]}}