{"id":705,"date":"2019-06-20T02:39:55","date_gmt":"2019-06-20T02:39:55","guid":{"rendered":"http:\/\/ecoinnovationnetwork.org\/miembros\/"},"modified":"2020-02-10T18:03:47","modified_gmt":"2020-02-10T23:03:47","slug":"miembros","status":"publish","type":"page","link":"https:\/\/ecoinnovationnetwork.org\/es\/miembros\/","title":{"rendered":"Miembros"},"content":{"rendered":"\t\t<div data-elementor-type=\"wp-post\" data-elementor-id=\"705\" class=\"elementor elementor-705 elementor-174\">\n\t\t\t\t\t\t<section class=\"elementor-section elementor-top-section elementor-element elementor-element-0da6398 elementor-section-stretched elementor-section-full_width elementor-section-height-default elementor-section-height-default\" data-id=\"0da6398\" data-element_type=\"section\" data-e-type=\"section\" id=\"our-members-container\" data-settings=\"{&quot;stretch_section&quot;:&quot;section-stretched&quot;}\">\n\t\t\t\t\t\t<div class=\"elementor-container elementor-column-gap-no\">\n\t\t\t\t\t<div class=\"elementor-column elementor-col-100 elementor-top-column elementor-element elementor-element-a69578f\" data-id=\"a69578f\" data-element_type=\"column\" data-e-type=\"column\">\n\t\t\t<div class=\"elementor-widget-wrap elementor-element-populated\">\n\t\t\t\t\t\t<section class=\"elementor-section elementor-inner-section elementor-element elementor-element-af172e0 elementor-section-full_width elementor-section-height-default elementor-section-height-default\" data-id=\"af172e0\" data-element_type=\"section\" data-e-type=\"section\">\n\t\t\t\t\t\t<div class=\"elementor-container elementor-column-gap-default\">\n\t\t\t\t\t<div class=\"elementor-column elementor-col-66 elementor-inner-column elementor-element elementor-element-7aa02cf\" data-id=\"7aa02cf\" data-element_type=\"column\" data-e-type=\"column\" id=\"members-gray-column\" data-settings=\"{&quot;background_background&quot;:&quot;classic&quot;}\">\n\t\t\t<div class=\"elementor-widget-wrap elementor-element-populated\">\n\t\t\t\t\t\t<div class=\"elementor-element elementor-element-7fd8d82 elementor-hidden-desktop elementor-widget elementor-widget-html\" data-id=\"7fd8d82\" data-element_type=\"widget\" data-e-type=\"widget\" data-widget_type=\"html.default\">\n\t\t\t\t<div class=\"elementor-widget-container\">\n\t\t\t\t\t<!--This titles will display on mobile, to change this go to Edit Section->Advanced->Responsive-->\n<div class=\"green-ribbon-mobile\">\n\t\t<h2>Miembros<\/h2>\n<\/div>\t\t\t\t<\/div>\n\t\t\t\t<\/div>\n\t\t\t\t<div class=\"elementor-element elementor-element-4b45d23 elementor-hidden-tablet elementor-hidden-phone elementor-widget elementor-widget-html\" data-id=\"4b45d23\" data-element_type=\"widget\" data-e-type=\"widget\" data-widget_type=\"html.default\">\n\t\t\t\t<div class=\"elementor-widget-container\">\n\t\t\t\t\t\t<div id = \"ribbon-right-sided\">\n\t<div class=\"ribbon-wrapper\">\n\t\t<div class=\"ribbon-front\">\n\t\t\t<h2>Nuestros miembros<\/h2>\n\t\t<\/div>\n\t\t<div class=\"ribbon-edge-topleft\"><\/div>\n\t\t<div class=\"ribbon-edge-topright\"><\/div>\n\t\t<div class=\"ribbon-edge-bottomleft\"><\/div>\n\t\t<div class=\"ribbon-edge-bottomright\"><\/div>\n\t\t<div class=\"ribbon-back-left\"><\/div>\n\t\t<div class=\"ribbon-back-right\"><\/div>\n\t<\/div>\n<\/div>\t\t\t\t<\/div>\n\t\t\t\t<\/div>\n\t\t\t\t<div class=\"elementor-element elementor-element-d3f65cd elementor-widget elementor-widget-text-editor\" data-id=\"d3f65cd\" data-element_type=\"widget\" data-e-type=\"widget\" data-widget_type=\"text-editor.default\">\n\t\t\t\t<div class=\"elementor-widget-container\">\n\t\t\t\t\t\t\t\t\t<strong>Te presentamos a todos los miembros fundadores de la Red de Ecoinnovaci\u00f3n de Am\u00e9rica del Norte:<\/strong>\t\t\t\t\t\t\t\t<\/div>\n\t\t\t\t<\/div>\n\t\t\t\t<div class=\"elementor-element elementor-element-6388c82 elementor-widget elementor-widget-text-editor\" data-id=\"6388c82\" data-element_type=\"widget\" data-e-type=\"widget\" data-widget_type=\"text-editor.default\">\n\t\t\t\t<div class=\"elementor-widget-container\">\n\t\t\t\t\t\t\t\t\t<div><div>1<\/div><div><p><b>Universidad Simon Fraser (Make Change Studio)<\/b><br \/>Vancouver, Columbia Brit\u00e1nica, Canad\u00e1<\/p><p><a href=\"https:\/\/www.sfu.ca\/\" target=\"_blank\" rel=\"noopener\">sfu.ca<\/a><\/p><\/div><\/div><div><div>2<\/div><div><p><b>District 3, Universidad Concordia <\/b><br \/>Montreal, Quebec, Canad\u00e1<\/p><p><a href=\"https:\/\/www.concordia.ca\/\" target=\"_blank\" rel=\"noopener\">concordia.ca<\/a><\/p><\/div><\/div><div><div>3<\/div><div><p><b>Universidad Laval<\/b><br \/>Ciudad de Qu\u00e9bec, Qu\u00e9bec, Canada<\/p><p><a href=\"https:\/\/www.ulaval.ca\/en\/\" target=\"_blank\" rel=\"noopener\">ulaval.ca<\/a><\/p><\/div><\/div><div><div>4<\/div><div><p><b>Programa de Desarrollo Econ\u00f3mico de la Universidad de Waterloo<\/b><br \/>Waterloo, Ontario, Canad\u00e1<\/p><p><a href=\"https:\/\/uwaterloo.ca\/\" target=\"_blank\" rel=\"noopener\">uwaterloo.ca<\/a><\/p><\/div><\/div><div><div>5<\/div><div><p><b>Centro para la Innovaci\u00f3n Tom Love, Universidad de Oklahoma<\/b><br \/>Norman, Oklahoma, Estados Unidos<\/p><p><a href=\"http:\/\/www.ou.edu\/\" target=\"_blank\" rel=\"noopener\">ou.edu<\/a><\/p><\/div><\/div><div><div>6<\/div><div><p><b>Centro Ronnie K. Irani para la Creaci\u00f3n de Riqueza Econ\u00f3mica, Universidad de Oklahoma<\/b><br \/>Norman, Oklahoma, Estados Unidos<\/p><p><a href=\"http:\/\/www.ou.edu\/\" target=\"_blank\" rel=\"noopener\">ou.edu<\/a><\/p><\/div><\/div><div><div>7<\/div><div><p><b>Neeuko, Universidad del Sagrado Coraz\u00f3n<\/b><br \/>San Juan, Puerto Rico, Estados Unidos<\/p><p><a href=\"https:\/\/innovacion.sagrado.edu\/\" target=\"_blank\" rel=\"noopener\">innovacion.sagrado.edu<\/a><\/p><\/div><\/div><div><div>8<\/div><div><p><b>Facultad de Responsabilidad Social, Universidad An\u00e1huac<\/b><br \/>Ciudad de M\u00e9xico, M\u00e9xico<\/p><p><a href=\"https:\/\/www.anahuac.mx\/\" target=\"_blank\" rel=\"noopener\">anahuac.mx<\/a><\/p><\/div><\/div><div><div>9<\/div><div><p><b>Coordinaci\u00f3n de Gesti\u00f3n para la Sustentabilidad, Universidad Aut\u00f3noma de Quer\u00e9taro<\/b><br \/>Quer\u00e9taro, Estado de Quer\u00e9taro, Mexico<\/p><p><a href=\"https:\/\/www.uaq.mx\/\" target=\"_blank\" rel=\"noopener\">uaq.mx<\/a><\/p><\/div><\/div>\t\t\t\t\t\t\t\t<\/div>\n\t\t\t\t<\/div>\n\t\t\t\t<div class=\"elementor-element elementor-element-6c54429 elementor-widget-divider--view-line elementor-widget elementor-widget-divider\" data-id=\"6c54429\" data-element_type=\"widget\" data-e-type=\"widget\" data-widget_type=\"divider.default\">\n\t\t\t\t<div class=\"elementor-widget-container\">\n\t\t\t\t\t\t\t<div class=\"elementor-divider\">\n\t\t\t<span class=\"elementor-divider-separator\">\n\t\t\t\t\t\t<\/span>\n\t\t<\/div>\n\t\t\t\t\t\t<\/div>\n\t\t\t\t<\/div>\n\t\t\t\t\t<\/div>\n\t\t<\/div>\n\t\t\t\t<div class=\"elementor-column elementor-col-33 elementor-inner-column elementor-element elementor-element-6ec8f77\" data-id=\"6ec8f77\" data-element_type=\"column\" data-e-type=\"column\">\n\t\t\t<div class=\"elementor-widget-wrap elementor-element-populated\">\n\t\t\t\t\t\t<div class=\"elementor-element elementor-element-1f50d40 elementor-widget elementor-widget-html\" data-id=\"1f50d40\" data-element_type=\"widget\" data-e-type=\"widget\" data-widget_type=\"html.default\">\n\t\t\t\t<div class=\"elementor-widget-container\">\n\t\t\t\t\t<style type=\"text\/css\">\n\t.mpfy-tooltip.mpfy-tooltip-map-204,\n\t.mpfy-tooltip.mpfy-tooltip-map-204 p,\n\t.mpfy-tooltip.mpfy-tooltip-map-204 p strong,\n\t.mpfy-tooltip.mpfy-tooltip-map-204 .mpfy-tooptip-actions a { color: #525252; }\n\t.mpfy-map-id-204 .mpfy-mll-location .mpfy-mll-l-buttons a:first-child {\n\t\tbackground-color: #61849c;\n\t\tcolor: #ffffff;\n\t}\n\t.mpfy-map-id-204 .mpfy-mll-location .mpfy-mll-l-buttons a + a {\n\t\tbackground-color: #d2845b;\n\t\tcolor: #ffffff;\n\t}\n\t.mpfy-map-id-204 .mpfy-mll-location .mpfy-mll-l-buttons a:first-child:hover,\n\t.mpfy-map-id-204 .mpfy-mll-location .mpfy-mll-l-buttons a + a:hover {\n\t\tbackground-color: #ffffff;\n\t\tcolor: #000000;\n\t}\n<\/style>\n\n<div id=\"mpfy-map-0\" class=\"mpfy-container mpfy-map-id-204\" data-attrs=\"{&quot;no_search_results&quot;:&quot;&lt;p&gt;No locations were found.&lt;br \\\/&gt;Please search again.&lt;\\\/p&gt;&quot;,&quot;no_search_results_with_closest&quot;:&quot;&lt;p&gt;No locations were found within your search criteria. Please search again.&lt;\\\/p&gt;&lt;p class=\\&quot;mpfy-or-text\\&quot;&gt;Or ... &lt;a href=\\&quot;#\\&quot; class=\\&quot;mpfy-closest-pin\\&quot;&gt;See the Closest Location&lt;\\\/a&gt;&lt;\\\/p&gt;&quot;,&quot;search_geolocation_failure&quot;:&quot;&lt;p&gt;Could not find the entered address.&lt;br \\\/&gt;Please check your spelling and try again.&lt;\\\/p&gt;&quot;}\" data-proprietary=\"[]\">\n\t\n\t\n\t<div class=\"mpfy-controls-wrap\">\n\t\t<div class=\"mpfy-controls mpfy-hidden mpfy-without-search mpfy-without-dropdown\">\n\t\t\t<form class=\"mpfy-search-form\" method=\"post\" action=\"\" autocomplete=\"off\" style=\"display: none;\">\n\t\t\t\t<div class=\"mpfy-search-wrap\">\n\n\t\t\t\t\t\t\n\n\t\t\t\t\t<div class=\"mpfy-search-field\">\n\n\t\t\t\t\t\t\n\t\t\t\t\t\t<div class=\"mpfy-search-field-queries\">\n\t\t\t\t\t\t\t<a href=\"javascript:;\" class=\"mpfy-search-field-dropdown-toggle\"><\/a>\n\t\t\t\t\t\t\t<div class=\"mpfy-search-field-multiple-label\">(Multiple)<\/div>\n\t\t\t\t\t\t\t<div class=\"mpfy-search-field-item\">\n\t\t\t\t\t\t\t\t<input type=\"search\" class=\"mpfy-search-input\" autocomplete=\"off\" value=\"\" placeholder=\"Search city or zip code\" \/>\n\t\t\t\t\t\t\t\t<a href=\"javascript:;\" class=\"mpfy-search-field-add-item\">+<\/a>\n\t\t\t\t\t\t\t<\/div>\n\t\t\t\t\t\t<\/div>\n\n\t\t\t\t\t\t<div class=\"mpfy-reset-search-button\" aria-label=\"Reset the search\" data-microtip-position=\"bottom-left\" role=\"tooltip\"><\/div>\n\t\t\t\t\t\t<div class=\"mpfy-search-button\" aria-label=\"Please insert your desired search keywords (minimum 3 characters) to begin the search\" data-microtip-position=\"bottom-left\" data-microtip-size=\"large\" role=\"tooltip\"><\/div>\n\t\t\t\t\t<\/div>\t\t\t\t\t\n\t\t\t\t\t\n\t\t\t\t<\/div>\n\t\t\t<\/form>\n\n\t\t\t<div class=\"mpfy-filter mpfy-selecter-wrap\" style=\"display: none;\">\n\t\t\t\t<select name=\"mpfy_tag\" class=\"mpfy-tag-select\">\n\t\t\t\t\t<option value=\"0\">Default View<\/option>\n\n\t\t\t\t\t\t\t\t\t\n\t\t\t\t<\/select>\n\t\t\t<\/div>\n\t\t<\/div>\n\t<\/div>\n\n\t<div class=\"mpfy-map-canvas-shell-outer mpfy-mode-image \">\n\t\t<div style=\"display: none;\">\n\t\t\n\t\t\t\n\t\t\t\t<a\n\t\t\t\t\ttarget             = \"_self\"\n\t\t\t\t\thref               = \"https:\/\/ecoinnovationnetwork.org\/es\/map-location\/universidad-de-oklahoma-2\/?mpfy_map=204\"\n\t\t\t\t\tclass              = \"mpfy-pin mpfy-pin-id-711 no_link\"\n\t\t\t\t\tdata-id            = \"711\"\n\t\t\t\t\tdata-mapify-action = \"openPopup\"\n\t\t\t\t\tdata-mapify-value  = \"711\">\n\t\t\t\t\t&nbsp;\n\t\t\t\t<\/a>\n\n\t\t\t\t\n\t\t\t\t<a\n\t\t\t\t\ttarget             = \"_self\"\n\t\t\t\t\thref               = \"https:\/\/ecoinnovationnetwork.org\/es\/map-location\/universidad-de-oklahoma\/?mpfy_map=204\"\n\t\t\t\t\tclass              = \"mpfy-pin mpfy-pin-id-708 no_link\"\n\t\t\t\t\tdata-id            = \"708\"\n\t\t\t\t\tdata-mapify-action = \"openPopup\"\n\t\t\t\t\tdata-mapify-value  = \"708\">\n\t\t\t\t\t&nbsp;\n\t\t\t\t<\/a>\n\n\t\t\t\t\n\t\t\t\t<a\n\t\t\t\t\ttarget             = \"_self\"\n\t\t\t\t\thref               = \"https:\/\/ecoinnovationnetwork.org\/es\/map-location\/universidad-autonoma-de-queretaro\/?mpfy_map=204\"\n\t\t\t\t\tclass              = \"mpfy-pin mpfy-pin-id-709 no_link\"\n\t\t\t\t\tdata-id            = \"709\"\n\t\t\t\t\tdata-mapify-action = \"openPopup\"\n\t\t\t\t\tdata-mapify-value  = \"709\">\n\t\t\t\t\t&nbsp;\n\t\t\t\t<\/a>\n\n\t\t\t\t\n\t\t\t\t<a\n\t\t\t\t\ttarget             = \"_self\"\n\t\t\t\t\thref               = \"https:\/\/ecoinnovationnetwork.org\/es\/map-location\/universidad-concordia\/?mpfy_map=204\"\n\t\t\t\t\tclass              = \"mpfy-pin mpfy-pin-id-713 no_link\"\n\t\t\t\t\tdata-id            = \"713\"\n\t\t\t\t\tdata-mapify-action = \"openPopup\"\n\t\t\t\t\tdata-mapify-value  = \"713\">\n\t\t\t\t\t&nbsp;\n\t\t\t\t<\/a>\n\n\t\t\t\t\n\t\t\t\t<a\n\t\t\t\t\ttarget             = \"_self\"\n\t\t\t\t\thref               = \"https:\/\/ecoinnovationnetwork.org\/es\/map-location\/universidad-anahuac\/?mpfy_map=204\"\n\t\t\t\t\tclass              = \"mpfy-pin mpfy-pin-id-710 no_link\"\n\t\t\t\t\tdata-id            = \"710\"\n\t\t\t\t\tdata-mapify-action = \"openPopup\"\n\t\t\t\t\tdata-mapify-value  = \"710\">\n\t\t\t\t\t&nbsp;\n\t\t\t\t<\/a>\n\n\t\t\t\t\n\t\t\t\t<a\n\t\t\t\t\ttarget             = \"_self\"\n\t\t\t\t\thref               = \"https:\/\/ecoinnovationnetwork.org\/es\/map-location\/neeuko-universidad-del-sagrado-corazon\/?mpfy_map=204\"\n\t\t\t\t\tclass              = \"mpfy-pin mpfy-pin-id-1311 no_link\"\n\t\t\t\t\tdata-id            = \"1311\"\n\t\t\t\t\tdata-mapify-action = \"openPopup\"\n\t\t\t\t\tdata-mapify-value  = \"1311\">\n\t\t\t\t\t&nbsp;\n\t\t\t\t<\/a>\n\n\t\t\t\t\n\t\t\t\t<a\n\t\t\t\t\ttarget             = \"_self\"\n\t\t\t\t\thref               = \"https:\/\/ecoinnovationnetwork.org\/es\/map-location\/universidad-de-waterloo\/?mpfy_map=204\"\n\t\t\t\t\tclass              = \"mpfy-pin mpfy-pin-id-712 no_link\"\n\t\t\t\t\tdata-id            = \"712\"\n\t\t\t\t\tdata-mapify-action = \"openPopup\"\n\t\t\t\t\tdata-mapify-value  = \"712\">\n\t\t\t\t\t&nbsp;\n\t\t\t\t<\/a>\n\n\t\t\t\t\n\t\t\t\t<a\n\t\t\t\t\ttarget             = \"_self\"\n\t\t\t\t\thref               = \"https:\/\/ecoinnovationnetwork.org\/es\/map-location\/universidad-de-laval\/?mpfy_map=204\"\n\t\t\t\t\tclass              = \"mpfy-pin mpfy-pin-id-707 no_link\"\n\t\t\t\t\tdata-id            = \"707\"\n\t\t\t\t\tdata-mapify-action = \"openPopup\"\n\t\t\t\t\tdata-mapify-value  = \"707\">\n\t\t\t\t\t&nbsp;\n\t\t\t\t<\/a>\n\n\t\t\t\t\n\t\t\t\t<a\n\t\t\t\t\ttarget             = \"_self\"\n\t\t\t\t\thref               = \"https:\/\/ecoinnovationnetwork.org\/es\/map-location\/universidad-simon-fraser\/?mpfy_map=204\"\n\t\t\t\t\tclass              = \"mpfy-pin mpfy-pin-id-714 no_link\"\n\t\t\t\t\tdata-id            = \"714\"\n\t\t\t\t\tdata-mapify-action = \"openPopup\"\n\t\t\t\t\tdata-mapify-value  = \"714\">\n\t\t\t\t\t&nbsp;\n\t\t\t\t<\/a>\n\n\t\t\t\t\n\t\t<\/div>\n\n\t\t<div class=\"mpfy-map-canvas-shell\">\n\t\t\t<div id=\"mpfy-canvas-0\" class=\"mpfy-map-canvas\" style=\"overflow: hidden; width: 1168px; height: 1080px\"><\/div>\n\t\t\t<div class=\"mpfy-map-controls\">\n\n\t\t\t\t\n\t\t\t\t\n\t\t\t\t\t<div class=\"mpfy-zoom\">\n\t\t\t\t\t\t<a href=\"#\" class=\"mpfy-zoom-in\"><\/a>\n\t\t\t\t\t\t<a href=\"#\" class=\"mpfy-zoom-out\"><\/a>\n\t\t\t\t\t<\/div><!-- \/.mpfy-zoom -->\n\n\t\t\t\t\n\t\t\t<\/div><!-- \/.mpfy-map-controls -->\n\t\t<\/div>\n\n\t\t\n\t\t\t<\/div>\n\n\t\n<\/div>\n\r\n\t\t\t\t<\/div>\n\t\t\t\t<\/div>\n\t\t\t\t\t<\/div>\n\t\t<\/div>\n\t\t\t\t\t<\/div>\n\t\t<\/section>\n\t\t\t\t\t<\/div>\n\t\t<\/div>\n\t\t\t\t\t<\/div>\n\t\t<\/section>\n\t\t\t\t<\/div>\n\t\t","protected":false},"excerpt":{"rendered":"<p>Miembros Nuestros miembros Te presentamos a todos los miembros fundadores de la Red de Ecoinnovaci\u00f3n de Am\u00e9rica del Norte:1 Universidad Simon Fraser (Make Change Studio)Vancouver, Columbia Brit\u00e1nica, Canad\u00e1 sfu.ca 2 District 3, Universidad Concordia Montreal, Quebec, Canad\u00e1 concordia.ca 3 Universidad LavalCiudad de Qu\u00e9bec, Qu\u00e9bec, Canada ulaval.ca 4 Programa de Desarrollo Econ\u00f3mico de la Universidad de [&hellip;]<\/p>\n","protected":false},"author":1,"featured_media":0,"parent":0,"menu_order":0,"comment_status":"closed","ping_status":"closed","template":"elementor_header_footer","meta":{"_acf_changed":false,"footnotes":""},"class_list":["post-705","page","type-page","status-publish","hentry"],"yoast_head":"<!-- This site is optimized with the Yoast SEO plugin v27.0 - https:\/\/yoast.com\/product\/yoast-seo-wordpress\/ -->\n<title>Miembros - EcoInnovation Network - Where sustainability and entrepreneurship connect<\/title>\n<meta name=\"robots\" content=\"index, follow, max-snippet:-1, max-image-preview:large, max-video-preview:-1\" \/>\n<link rel=\"canonical\" href=\"https:\/\/ecoinnovationnetwork.org\/our-members\/\" \/>\n<meta property=\"og:locale\" content=\"es_ES\" \/>\n<meta property=\"og:type\" content=\"article\" \/>\n<meta property=\"og:title\" content=\"Miembros - EcoInnovation Network - Where sustainability and entrepreneurship connect\" \/>\n<meta property=\"og:description\" content=\"Miembros Nuestros miembros Te presentamos a todos los miembros fundadores de la Red de Ecoinnovaci\u00f3n de Am\u00e9rica del Norte:1 Universidad Simon Fraser (Make Change Studio)Vancouver, Columbia Brit\u00e1nica, Canad\u00e1 sfu.ca 2 District 3, Universidad Concordia Montreal, Quebec, Canad\u00e1 concordia.ca 3 Universidad LavalCiudad de Qu\u00e9bec, Qu\u00e9bec, Canada ulaval.ca 4 Programa de Desarrollo Econ\u00f3mico de la Universidad de [&hellip;]\" \/>\n<meta property=\"og:url\" content=\"https:\/\/ecoinnovationnetwork.org\/our-members\/\" \/>\n<meta property=\"og:site_name\" content=\"EcoInnovation Network\" \/>\n<meta property=\"article:modified_time\" content=\"2020-02-10T23:03:47+00:00\" \/>\n<meta property=\"og:image\" content=\"https:\/\/ecoinnovationnetwork.org\/wp-content\/uploads\/2019\/04\/06-e1556726484459.jpg\" \/>\n\t<meta property=\"og:image:width\" content=\"1920\" \/>\n\t<meta property=\"og:image:height\" content=\"1118\" \/>\n\t<meta property=\"og:image:type\" content=\"image\/jpeg\" \/>\n<meta name=\"twitter:card\" content=\"summary_large_image\" \/>\n<meta name=\"twitter:label1\" content=\"Tiempo de lectura\" \/>\n\t<meta name=\"twitter:data1\" content=\"1 minuto\" \/>\n<script type=\"application\/ld+json\" class=\"yoast-schema-graph\">{\"@context\":\"https:\/\/schema.org\",\"@graph\":[{\"@type\":\"WebPage\",\"@id\":\"https:\/\/ecoinnovationnetwork.org\/our-members\/\",\"url\":\"https:\/\/ecoinnovationnetwork.org\/our-members\/\",\"name\":\"Miembros - EcoInnovation Network - Where sustainability and entrepreneurship connect\",\"isPartOf\":{\"@id\":\"https:\/\/ecoinnovationnetwork.org\/#website\"},\"datePublished\":\"2019-06-20T02:39:55+00:00\",\"dateModified\":\"2020-02-10T23:03:47+00:00\",\"breadcrumb\":{\"@id\":\"https:\/\/ecoinnovationnetwork.org\/our-members\/#breadcrumb\"},\"inLanguage\":\"es\",\"potentialAction\":[{\"@type\":\"ReadAction\",\"target\":[\"https:\/\/ecoinnovationnetwork.org\/our-members\/\"]}]},{\"@type\":\"BreadcrumbList\",\"@id\":\"https:\/\/ecoinnovationnetwork.org\/our-members\/#breadcrumb\",\"itemListElement\":[{\"@type\":\"ListItem\",\"position\":1,\"name\":\"Home\",\"item\":\"https:\/\/ecoinnovationnetwork.org\/\"},{\"@type\":\"ListItem\",\"position\":2,\"name\":\"Miembros\"}]},{\"@type\":\"WebSite\",\"@id\":\"https:\/\/ecoinnovationnetwork.org\/#website\",\"url\":\"https:\/\/ecoinnovationnetwork.org\/\",\"name\":\"EcoInnovation Network\",\"description\":\"Where sustainability and entrepreneurship connect\",\"publisher\":{\"@id\":\"https:\/\/ecoinnovationnetwork.org\/#organization\"},\"potentialAction\":[{\"@type\":\"SearchAction\",\"target\":{\"@type\":\"EntryPoint\",\"urlTemplate\":\"https:\/\/ecoinnovationnetwork.org\/?s={search_term_string}\"},\"query-input\":{\"@type\":\"PropertyValueSpecification\",\"valueRequired\":true,\"valueName\":\"search_term_string\"}}],\"inLanguage\":\"es\"},{\"@type\":\"Organization\",\"@id\":\"https:\/\/ecoinnovationnetwork.org\/#organization\",\"name\":\"EcoInnovation Network\",\"url\":\"https:\/\/ecoinnovationnetwork.org\/\",\"logo\":{\"@type\":\"ImageObject\",\"inLanguage\":\"es\",\"@id\":\"https:\/\/ecoinnovationnetwork.org\/#\/schema\/logo\/image\/\",\"url\":\"http:\/\/ecoinnovationnetwork.org\/wp-content\/uploads\/2019\/07\/CEC_EcoInnovation-Logo-Eng-RGB.png\",\"contentUrl\":\"http:\/\/ecoinnovationnetwork.org\/wp-content\/uploads\/2019\/07\/CEC_EcoInnovation-Logo-Eng-RGB.png\",\"width\":1462,\"height\":406,\"caption\":\"EcoInnovation Network\"},\"image\":{\"@id\":\"https:\/\/ecoinnovationnetwork.org\/#\/schema\/logo\/image\/\"}}]}<\/script>\n<!-- \/ Yoast SEO plugin. -->","yoast_head_json":{"title":"Miembros - EcoInnovation Network - Where sustainability and entrepreneurship connect","robots":{"index":"index","follow":"follow","max-snippet":"max-snippet:-1","max-image-preview":"max-image-preview:large","max-video-preview":"max-video-preview:-1"},"canonical":"https:\/\/ecoinnovationnetwork.org\/our-members\/","og_locale":"es_ES","og_type":"article","og_title":"Miembros - EcoInnovation Network - Where sustainability and entrepreneurship connect","og_description":"Miembros Nuestros miembros Te presentamos a todos los miembros fundadores de la Red de Ecoinnovaci\u00f3n de Am\u00e9rica del Norte:1 Universidad Simon Fraser (Make Change Studio)Vancouver, Columbia Brit\u00e1nica, Canad\u00e1 sfu.ca 2 District 3, Universidad Concordia Montreal, Quebec, Canad\u00e1 concordia.ca 3 Universidad LavalCiudad de Qu\u00e9bec, Qu\u00e9bec, Canada ulaval.ca 4 Programa de Desarrollo Econ\u00f3mico de la Universidad de [&hellip;]","og_url":"https:\/\/ecoinnovationnetwork.org\/our-members\/","og_site_name":"EcoInnovation Network","article_modified_time":"2020-02-10T23:03:47+00:00","og_image":[{"width":1920,"height":1118,"url":"https:\/\/ecoinnovationnetwork.org\/wp-content\/uploads\/2019\/04\/06-e1556726484459.jpg","type":"image\/jpeg"}],"twitter_card":"summary_large_image","twitter_misc":{"Tiempo de lectura":"1 minuto"},"schema":{"@context":"https:\/\/schema.org","@graph":[{"@type":"WebPage","@id":"https:\/\/ecoinnovationnetwork.org\/our-members\/","url":"https:\/\/ecoinnovationnetwork.org\/our-members\/","name":"Miembros - EcoInnovation Network - Where sustainability and entrepreneurship connect","isPartOf":{"@id":"https:\/\/ecoinnovationnetwork.org\/#website"},"datePublished":"2019-06-20T02:39:55+00:00","dateModified":"2020-02-10T23:03:47+00:00","breadcrumb":{"@id":"https:\/\/ecoinnovationnetwork.org\/our-members\/#breadcrumb"},"inLanguage":"es","potentialAction":[{"@type":"ReadAction","target":["https:\/\/ecoinnovationnetwork.org\/our-members\/"]}]},{"@type":"BreadcrumbList","@id":"https:\/\/ecoinnovationnetwork.org\/our-members\/#breadcrumb","itemListElement":[{"@type":"ListItem","position":1,"name":"Home","item":"https:\/\/ecoinnovationnetwork.org\/"},{"@type":"ListItem","position":2,"name":"Miembros"}]},{"@type":"WebSite","@id":"https:\/\/ecoinnovationnetwork.org\/#website","url":"https:\/\/ecoinnovationnetwork.org\/","name":"EcoInnovation Network","description":"Where sustainability and entrepreneurship connect","publisher":{"@id":"https:\/\/ecoinnovationnetwork.org\/#organization"},"potentialAction":[{"@type":"SearchAction","target":{"@type":"EntryPoint","urlTemplate":"https:\/\/ecoinnovationnetwork.org\/?s={search_term_string}"},"query-input":{"@type":"PropertyValueSpecification","valueRequired":true,"valueName":"search_term_string"}}],"inLanguage":"es"},{"@type":"Organization","@id":"https:\/\/ecoinnovationnetwork.org\/#organization","name":"EcoInnovation Network","url":"https:\/\/ecoinnovationnetwork.org\/","logo":{"@type":"ImageObject","inLanguage":"es","@id":"https:\/\/ecoinnovationnetwork.org\/#\/schema\/logo\/image\/","url":"http:\/\/ecoinnovationnetwork.org\/wp-content\/uploads\/2019\/07\/CEC_EcoInnovation-Logo-Eng-RGB.png","contentUrl":"http:\/\/ecoinnovationnetwork.org\/wp-content\/uploads\/2019\/07\/CEC_EcoInnovation-Logo-Eng-RGB.png","width":1462,"height":406,"caption":"EcoInnovation Network"},"image":{"@id":"https:\/\/ecoinnovationnetwork.org\/#\/schema\/logo\/image\/"}}]}},"acf":[],"_links":{"self":[{"href":"https:\/\/ecoinnovationnetwork.org\/es\/wp-json\/wp\/v2\/pages\/705","targetHints":{"allow":["GET"]}}],"collection":[{"href":"https:\/\/ecoinnovationnetwork.org\/es\/wp-json\/wp\/v2\/pages"}],"about":[{"href":"https:\/\/ecoinnovationnetwork.org\/es\/wp-json\/wp\/v2\/types\/page"}],"author":[{"embeddable":true,"href":"https:\/\/ecoinnovationnetwork.org\/es\/wp-json\/wp\/v2\/users\/1"}],"replies":[{"embeddable":true,"href":"https:\/\/ecoinnovationnetwork.org\/es\/wp-json\/wp\/v2\/comments?post=705"}],"version-history":[{"count":13,"href":"https:\/\/ecoinnovationnetwork.org\/es\/wp-json\/wp\/v2\/pages\/705\/revisions"}],"predecessor-version":[{"id":1363,"href":"https:\/\/ecoinnovationnetwork.org\/es\/wp-json\/wp\/v2\/pages\/705\/revisions\/1363"}],"wp:attachment":[{"href":"https:\/\/ecoinnovationnetwork.org\/es\/wp-json\/wp\/v2\/media?parent=705"}],"curies":[{"name":"wp","href":"https:\/\/api.w.org\/{rel}","templated":true}]}}