{"id":699,"date":"2019-06-20T02:05:46","date_gmt":"2019-06-20T02:05:46","guid":{"rendered":"http:\/\/ecoinnovationnetwork.org\/nuestra-mision\/"},"modified":"2019-07-24T18:41:16","modified_gmt":"2019-07-24T18:41:16","slug":"nuestra-mision","status":"publish","type":"page","link":"https:\/\/ecoinnovationnetwork.org\/es\/nuestra-mision\/","title":{"rendered":"Nuestra misi\u00f3n"},"content":{"rendered":"\t\t<div data-elementor-type=\"wp-post\" data-elementor-id=\"699\" class=\"elementor elementor-699 elementor-160\">\n\t\t\t\t\t\t<section class=\"elementor-section elementor-top-section elementor-element elementor-element-4813c3b elementor-section-stretched elementor-section-full_width elementor-hidden-desktop elementor-hidden-tablet elementor-section-height-default elementor-section-height-default\" data-id=\"4813c3b\" data-element_type=\"section\" data-e-type=\"section\" data-settings=\"{&quot;stretch_section&quot;:&quot;section-stretched&quot;}\">\n\t\t\t\t\t\t<div class=\"elementor-container elementor-column-gap-no\">\n\t\t\t\t\t<div class=\"elementor-column elementor-col-100 elementor-top-column elementor-element elementor-element-b5ad309\" data-id=\"b5ad309\" data-element_type=\"column\" data-e-type=\"column\">\n\t\t\t<div class=\"elementor-widget-wrap elementor-element-populated\">\n\t\t\t\t\t\t<div class=\"elementor-element elementor-element-ab94fea elementor-widget elementor-widget-html\" data-id=\"ab94fea\" data-element_type=\"widget\" data-e-type=\"widget\" data-widget_type=\"html.default\">\n\t\t\t\t<div class=\"elementor-widget-container\">\n\t\t\t\t\t<!--This titles will display on mobile, to change this go to Edit Section->Advanced->Responsive-->\r\n<div class=\"green-ribbon-mobile\">\r\n\t\t<h2>Nuestra Misi\u00f3n<\/h2>\r\n<\/div>\r\n\t\t\t\t<\/div>\n\t\t\t\t<\/div>\n\t\t\t\t\t<\/div>\n\t\t<\/div>\n\t\t\t\t\t<\/div>\n\t\t<\/section>\n\t\t\t\t<section class=\"elementor-section elementor-top-section elementor-element elementor-element-7ec6960 elementor-section-boxed elementor-section-height-default elementor-section-height-default\" data-id=\"7ec6960\" data-element_type=\"section\" data-e-type=\"section\" id=\"our-mission-div\">\n\t\t\t\t\t\t<div class=\"elementor-container elementor-column-gap-default\">\n\t\t\t\t\t<div class=\"elementor-column elementor-col-100 elementor-top-column elementor-element elementor-element-82400e9\" data-id=\"82400e9\" data-element_type=\"column\" data-e-type=\"column\">\n\t\t\t<div class=\"elementor-widget-wrap elementor-element-populated\">\n\t\t\t\t\t\t<div class=\"elementor-element elementor-element-89ffd10 elementor-hidden-phone elementor-widget elementor-widget-html\" data-id=\"89ffd10\" data-element_type=\"widget\" data-e-type=\"widget\" data-widget_type=\"html.default\">\n\t\t\t\t<div class=\"elementor-widget-container\">\n\t\t\t\t\t<!--This titles will display on tablet and desktop, to change this go to Edit Section->Advanced->Responsive-->\r\n<div class=\"ribbon-wrapper\">\r\n\t<div class=\"ribbon-front\" style=\"width:300px;\">\r\n\t\t<h2>Nuestra Misi\u00f3n<\/h2>\r\n\t<\/div>\r\n\t<div class=\"ribbon-edge-bottomleft\"><\/div>\r\n\t<div class=\"ribbon-edge-bottomright\"><\/div>\r\n\t<div class=\"ribbon-back-left\"><\/div>\r\n\t<div class=\"ribbon-back-right\"><\/div>\r\n<\/div>\r\n\t\t\t\t<\/div>\n\t\t\t\t<\/div>\n\t\t\t\t<section class=\"elementor-section elementor-inner-section elementor-element elementor-element-af172e0 elementor-section-boxed elementor-section-height-default elementor-section-height-default\" data-id=\"af172e0\" data-element_type=\"section\" data-e-type=\"section\">\n\t\t\t\t\t\t<div class=\"elementor-container elementor-column-gap-default\">\n\t\t\t\t\t<div class=\"elementor-column elementor-col-100 elementor-inner-column elementor-element elementor-element-7aa02cf\" data-id=\"7aa02cf\" data-element_type=\"column\" data-e-type=\"column\">\n\t\t\t<div class=\"elementor-widget-wrap elementor-element-populated\">\n\t\t\t\t\t\t<div class=\"elementor-element elementor-element-6388c82 elementor-widget elementor-widget-text-editor\" data-id=\"6388c82\" data-element_type=\"widget\" data-e-type=\"widget\" data-widget_type=\"text-editor.default\">\n\t\t\t\t<div class=\"elementor-widget-container\">\n\t\t\t\t\t\t\t\t\t<p class=\"our-mission-text\">Facilitar la creaci\u00f3n, mejoramiento y trabajo en red de centros para la innovaci\u00f3n en instituciones acad\u00e9micas en toda Am\u00e9rica del Norte, con el prop\u00f3sito de fomentar el liderazgo juvenil y comunitario en los \u00e1mbitos de la innovaci\u00f3n, emprendimiento y el crecimiento sustentable.<\/p>\n\t\t\t\t\t\t\t\t<\/div>\n\t\t\t\t<\/div>\n\t\t\t\t\t<\/div>\n\t\t<\/div>\n\t\t\t\t\t<\/div>\n\t\t<\/section>\n\t\t\t\t\t<\/div>\n\t\t<\/div>\n\t\t\t\t\t<\/div>\n\t\t<\/section>\n\t\t\t\t<section class=\"elementor-section elementor-top-section elementor-element elementor-element-ad24ad2 elementor-section-stretched elementor-section-full_width elementor-hidden-desktop elementor-hidden-tablet elementor-section-height-default elementor-section-height-default\" data-id=\"ad24ad2\" data-element_type=\"section\" data-e-type=\"section\" data-settings=\"{&quot;stretch_section&quot;:&quot;section-stretched&quot;}\">\n\t\t\t\t\t\t<div class=\"elementor-container elementor-column-gap-no\">\n\t\t\t\t\t<div class=\"elementor-column elementor-col-100 elementor-top-column elementor-element elementor-element-0fc1cc6\" data-id=\"0fc1cc6\" data-element_type=\"column\" data-e-type=\"column\">\n\t\t\t<div class=\"elementor-widget-wrap elementor-element-populated\">\n\t\t\t\t\t\t<div class=\"elementor-element elementor-element-831d021 elementor-widget elementor-widget-spacer\" data-id=\"831d021\" data-element_type=\"widget\" data-e-type=\"widget\" data-widget_type=\"spacer.default\">\n\t\t\t\t<div class=\"elementor-widget-container\">\n\t\t\t\t\t\t\t<div class=\"elementor-spacer\">\n\t\t\t<div class=\"elementor-spacer-inner\"><\/div>\n\t\t<\/div>\n\t\t\t\t\t\t<\/div>\n\t\t\t\t<\/div>\n\t\t\t\t<div class=\"elementor-element elementor-element-8f37b65 elementor-widget elementor-widget-html\" data-id=\"8f37b65\" data-element_type=\"widget\" data-e-type=\"widget\" data-widget_type=\"html.default\">\n\t\t\t\t<div class=\"elementor-widget-container\">\n\t\t\t\t\t<!--This titles will display on mobile, to change this go to Edit Section->Advanced->Responsive-->\r\n<div class=\"green-ribbon-mobile\">\r\n\t\t<h2>Nuestra Visi\u00f3n<\/h2>\r\n<\/div>\r\n\t\t\t\t<\/div>\n\t\t\t\t<\/div>\n\t\t\t\t\t<\/div>\n\t\t<\/div>\n\t\t\t\t\t<\/div>\n\t\t<\/section>\n\t\t\t\t<section class=\"elementor-section elementor-top-section elementor-element elementor-element-4621618 elementor-section-boxed elementor-section-height-default elementor-section-height-default\" data-id=\"4621618\" data-element_type=\"section\" data-e-type=\"section\" id=\"our-vision-div\">\n\t\t\t\t\t\t<div class=\"elementor-container elementor-column-gap-default\">\n\t\t\t\t\t<div class=\"elementor-column elementor-col-100 elementor-top-column elementor-element elementor-element-280391c\" data-id=\"280391c\" data-element_type=\"column\" data-e-type=\"column\">\n\t\t\t<div class=\"elementor-widget-wrap elementor-element-populated\">\n\t\t\t\t\t\t<div class=\"elementor-element elementor-element-f625d93 elementor-hidden-phone elementor-widget elementor-widget-html\" data-id=\"f625d93\" data-element_type=\"widget\" data-e-type=\"widget\" data-widget_type=\"html.default\">\n\t\t\t\t<div class=\"elementor-widget-container\">\n\t\t\t\t\t<div class=\"ribbon-wrapper\">\r\n\t<div class=\"ribbon-front\" style=\"width:300px;\">\r\n\t\t<h2 id =\"our-vision\">Nuestra Visi\u00f3n<\/h2>\r\n\t<\/div>\r\n\t<div class=\"ribbon-edge-bottomleft\"><\/div>\r\n\t<div class=\"ribbon-edge-bottomright\"><\/div>\r\n\t<div class=\"ribbon-back-left\"><\/div>\r\n\t<div class=\"ribbon-back-right\"><\/div>\r\n<\/div>\r\n\t\t\t\t<\/div>\n\t\t\t\t<\/div>\n\t\t\t\t<div class=\"elementor-element elementor-element-1fcef02 elementor-widget elementor-widget-text-editor\" data-id=\"1fcef02\" data-element_type=\"widget\" data-e-type=\"widget\" data-widget_type=\"text-editor.default\">\n\t\t\t\t<div class=\"elementor-widget-container\">\n\t\t\t\t\t\t\t\t\t<p class=\"our-mission-text\">\u200bBrindar a los j\u00f3venes y miembros innovadores de las comunidades de Am\u00e9rica del Norte el conocimiento y la experiencia necesarios para integrar las dimensiones econ\u00f3mica, ambiental y social en sus proyectos de emprendimiento e innovaci\u00f3n en favor del crecimiento sustentable.<\/p>\n<p><a class=\"our-mission-contact\" href=\"https:\/\/ecoinnovationnetwork.org\/es\/contacto\/\">Cont\u00e1ctanos para m\u00e1s informaci\u00f3n.<\/a><\/p>\n\t\t\t\t\t\t\t\t<\/div>\n\t\t\t\t<\/div>\n\t\t\t\t\t<\/div>\n\t\t<\/div>\n\t\t\t\t\t<\/div>\n\t\t<\/section>\n\t\t\t\t<section class=\"elementor-section elementor-top-section elementor-element elementor-element-0da6398 elementor-section-boxed elementor-section-height-default elementor-section-height-default\" data-id=\"0da6398\" data-element_type=\"section\" data-e-type=\"section\">\n\t\t\t\t\t\t<div class=\"elementor-container elementor-column-gap-default\">\n\t\t\t\t\t<div class=\"elementor-column elementor-col-100 elementor-top-column elementor-element elementor-element-a69578f\" data-id=\"a69578f\" data-element_type=\"column\" data-e-type=\"column\">\n\t\t\t<div class=\"elementor-widget-wrap elementor-element-populated\">\n\t\t\t\t\t\t<div class=\"elementor-element elementor-element-03e4a45 elementor-widget elementor-widget-image\" data-id=\"03e4a45\" data-element_type=\"widget\" data-e-type=\"widget\" id=\"mission-background-image\" data-widget_type=\"image.default\">\n\t\t\t\t<div class=\"elementor-widget-container\">\n\t\t\t\t\t\t\t\t\t\t\t\t\t\t\t<img fetchpriority=\"high\" decoding=\"async\" width=\"1094\" height=\"699\" src=\"https:\/\/ecoinnovationnetwork.org\/wp-content\/uploads\/2019\/06\/mission-background.png\" class=\"attachment-full size-full wp-image-565\" alt=\"\" srcset=\"https:\/\/ecoinnovationnetwork.org\/wp-content\/uploads\/2019\/06\/mission-background.png 1094w, https:\/\/ecoinnovationnetwork.org\/wp-content\/uploads\/2019\/06\/mission-background-300x192.png 300w, https:\/\/ecoinnovationnetwork.org\/wp-content\/uploads\/2019\/06\/mission-background-768x491.png 768w, https:\/\/ecoinnovationnetwork.org\/wp-content\/uploads\/2019\/06\/mission-background-1024x654.png 1024w, https:\/\/ecoinnovationnetwork.org\/wp-content\/uploads\/2019\/06\/mission-background-31x20.png 31w\" sizes=\"(max-width: 1094px) 100vw, 1094px\" \/>\t\t\t\t\t\t\t\t\t\t\t\t\t\t\t<\/div>\n\t\t\t\t<\/div>\n\t\t\t\t\t<\/div>\n\t\t<\/div>\n\t\t\t\t\t<\/div>\n\t\t<\/section>\n\t\t\t\t<section class=\"elementor-section elementor-top-section elementor-element elementor-element-73987da elementor-section-boxed elementor-section-height-default elementor-section-height-default\" data-id=\"73987da\" data-element_type=\"section\" data-e-type=\"section\">\n\t\t\t\t\t\t<div class=\"elementor-container elementor-column-gap-default\">\n\t\t\t\t\t<div class=\"elementor-column elementor-col-100 elementor-top-column elementor-element elementor-element-89d1ebe\" data-id=\"89d1ebe\" data-element_type=\"column\" data-e-type=\"column\">\n\t\t\t<div class=\"elementor-widget-wrap elementor-element-populated\">\n\t\t\t\t\t\t<div class=\"elementor-element elementor-element-1581466 elementor-widget elementor-widget-spacer\" data-id=\"1581466\" data-element_type=\"widget\" data-e-type=\"widget\" data-widget_type=\"spacer.default\">\n\t\t\t\t<div class=\"elementor-widget-container\">\n\t\t\t\t\t\t\t<div class=\"elementor-spacer\">\n\t\t\t<div class=\"elementor-spacer-inner\"><\/div>\n\t\t<\/div>\n\t\t\t\t\t\t<\/div>\n\t\t\t\t<\/div>\n\t\t\t\t\t<\/div>\n\t\t<\/div>\n\t\t\t\t\t<\/div>\n\t\t<\/section>\n\t\t\t\t<section class=\"elementor-section elementor-top-section elementor-element elementor-element-7bab5d3 elementor-section-boxed elementor-section-height-default elementor-section-height-default\" data-id=\"7bab5d3\" data-element_type=\"section\" data-e-type=\"section\">\n\t\t\t\t\t\t<div class=\"elementor-container elementor-column-gap-default\">\n\t\t\t\t\t<div class=\"elementor-column elementor-col-100 elementor-top-column elementor-element elementor-element-e2b5d97\" data-id=\"e2b5d97\" data-element_type=\"column\" data-e-type=\"column\">\n\t\t\t<div class=\"elementor-widget-wrap elementor-element-populated\">\n\t\t\t\t\t\t<div class=\"elementor-element elementor-element-c3b56eb elementor-widget elementor-widget-spacer\" data-id=\"c3b56eb\" data-element_type=\"widget\" data-e-type=\"widget\" data-widget_type=\"spacer.default\">\n\t\t\t\t<div class=\"elementor-widget-container\">\n\t\t\t\t\t\t\t<div class=\"elementor-spacer\">\n\t\t\t<div class=\"elementor-spacer-inner\"><\/div>\n\t\t<\/div>\n\t\t\t\t\t\t<\/div>\n\t\t\t\t<\/div>\n\t\t\t\t\t<\/div>\n\t\t<\/div>\n\t\t\t\t\t<\/div>\n\t\t<\/section>\n\t\t\t\t<section class=\"elementor-section elementor-top-section elementor-element elementor-element-cd85691 elementor-section-boxed elementor-section-height-default elementor-section-height-default\" data-id=\"cd85691\" data-element_type=\"section\" data-e-type=\"section\">\n\t\t\t\t\t\t<div class=\"elementor-container elementor-column-gap-default\">\n\t\t\t\t\t<div class=\"elementor-column elementor-col-100 elementor-top-column elementor-element elementor-element-6cc46dd\" data-id=\"6cc46dd\" data-element_type=\"column\" data-e-type=\"column\">\n\t\t\t<div class=\"elementor-widget-wrap elementor-element-populated\">\n\t\t\t\t\t\t\t<\/div>\n\t\t<\/div>\n\t\t\t\t\t<\/div>\n\t\t<\/section>\n\t\t\t\t<\/div>\n\t\t","protected":false},"excerpt":{"rendered":"<p>Nuestra Misi\u00f3n Nuestra Misi\u00f3n Facilitar la creaci\u00f3n, mejoramiento y trabajo en red de centros para la innovaci\u00f3n en instituciones acad\u00e9micas en toda Am\u00e9rica del Norte, con el prop\u00f3sito de fomentar el liderazgo juvenil y comunitario en los \u00e1mbitos de la innovaci\u00f3n, emprendimiento y el crecimiento sustentable. Nuestra Visi\u00f3n Nuestra Visi\u00f3n \u200bBrindar a los j\u00f3venes y [&hellip;]<\/p>\n","protected":false},"author":1,"featured_media":0,"parent":0,"menu_order":0,"comment_status":"closed","ping_status":"closed","template":"elementor_header_footer","meta":{"_acf_changed":false,"footnotes":""},"class_list":["post-699","page","type-page","status-publish","hentry"],"yoast_head":"<!-- This site is optimized with the Yoast SEO plugin v27.0 - https:\/\/yoast.com\/product\/yoast-seo-wordpress\/ -->\n<title>Nuestra misi\u00f3n - EcoInnovation Network - Where sustainability and entrepreneurship connect<\/title>\n<meta name=\"robots\" content=\"index, follow, max-snippet:-1, max-image-preview:large, max-video-preview:-1\" \/>\n<link rel=\"canonical\" href=\"https:\/\/ecoinnovationnetwork.org\/our-mission\/\" \/>\n<meta property=\"og:locale\" content=\"es_ES\" \/>\n<meta property=\"og:type\" content=\"article\" \/>\n<meta property=\"og:title\" content=\"Nuestra misi\u00f3n - EcoInnovation Network - Where sustainability and entrepreneurship connect\" \/>\n<meta property=\"og:description\" content=\"Nuestra Misi\u00f3n Nuestra Misi\u00f3n Facilitar la creaci\u00f3n, mejoramiento y trabajo en red de centros para la innovaci\u00f3n en instituciones acad\u00e9micas en toda Am\u00e9rica del Norte, con el prop\u00f3sito de fomentar el liderazgo juvenil y comunitario en los \u00e1mbitos de la innovaci\u00f3n, emprendimiento y el crecimiento sustentable. Nuestra Visi\u00f3n Nuestra Visi\u00f3n \u200bBrindar a los j\u00f3venes y [&hellip;]\" \/>\n<meta property=\"og:url\" content=\"https:\/\/ecoinnovationnetwork.org\/our-mission\/\" \/>\n<meta property=\"og:site_name\" content=\"EcoInnovation Network\" \/>\n<meta property=\"article:modified_time\" content=\"2019-07-24T18:41:16+00:00\" \/>\n<meta property=\"og:image\" content=\"http:\/\/ecoinnovationnetwork.org\/wp-content\/uploads\/2019\/06\/mission-background.png\" \/>\n<meta name=\"twitter:card\" content=\"summary_large_image\" \/>\n<meta name=\"twitter:label1\" content=\"Tiempo de lectura\" \/>\n\t<meta name=\"twitter:data1\" content=\"1 minuto\" \/>\n<script type=\"application\/ld+json\" class=\"yoast-schema-graph\">{\"@context\":\"https:\/\/schema.org\",\"@graph\":[{\"@type\":\"WebPage\",\"@id\":\"https:\/\/ecoinnovationnetwork.org\/our-mission\/\",\"url\":\"https:\/\/ecoinnovationnetwork.org\/our-mission\/\",\"name\":\"Nuestra misi\u00f3n - EcoInnovation Network - Where sustainability and entrepreneurship connect\",\"isPartOf\":{\"@id\":\"https:\/\/ecoinnovationnetwork.org\/#website\"},\"primaryImageOfPage\":{\"@id\":\"https:\/\/ecoinnovationnetwork.org\/our-mission\/#primaryimage\"},\"image\":{\"@id\":\"https:\/\/ecoinnovationnetwork.org\/our-mission\/#primaryimage\"},\"thumbnailUrl\":\"http:\/\/ecoinnovationnetwork.org\/wp-content\/uploads\/2019\/06\/mission-background.png\",\"datePublished\":\"2019-06-20T02:05:46+00:00\",\"dateModified\":\"2019-07-24T18:41:16+00:00\",\"breadcrumb\":{\"@id\":\"https:\/\/ecoinnovationnetwork.org\/our-mission\/#breadcrumb\"},\"inLanguage\":\"es\",\"potentialAction\":[{\"@type\":\"ReadAction\",\"target\":[\"https:\/\/ecoinnovationnetwork.org\/our-mission\/\"]}]},{\"@type\":\"ImageObject\",\"inLanguage\":\"es\",\"@id\":\"https:\/\/ecoinnovationnetwork.org\/our-mission\/#primaryimage\",\"url\":\"http:\/\/ecoinnovationnetwork.org\/wp-content\/uploads\/2019\/06\/mission-background.png\",\"contentUrl\":\"http:\/\/ecoinnovationnetwork.org\/wp-content\/uploads\/2019\/06\/mission-background.png\"},{\"@type\":\"BreadcrumbList\",\"@id\":\"https:\/\/ecoinnovationnetwork.org\/our-mission\/#breadcrumb\",\"itemListElement\":[{\"@type\":\"ListItem\",\"position\":1,\"name\":\"Home\",\"item\":\"https:\/\/ecoinnovationnetwork.org\/\"},{\"@type\":\"ListItem\",\"position\":2,\"name\":\"Nuestra misi\u00f3n\"}]},{\"@type\":\"WebSite\",\"@id\":\"https:\/\/ecoinnovationnetwork.org\/#website\",\"url\":\"https:\/\/ecoinnovationnetwork.org\/\",\"name\":\"EcoInnovation Network\",\"description\":\"Where sustainability and entrepreneurship connect\",\"publisher\":{\"@id\":\"https:\/\/ecoinnovationnetwork.org\/#organization\"},\"potentialAction\":[{\"@type\":\"SearchAction\",\"target\":{\"@type\":\"EntryPoint\",\"urlTemplate\":\"https:\/\/ecoinnovationnetwork.org\/?s={search_term_string}\"},\"query-input\":{\"@type\":\"PropertyValueSpecification\",\"valueRequired\":true,\"valueName\":\"search_term_string\"}}],\"inLanguage\":\"es\"},{\"@type\":\"Organization\",\"@id\":\"https:\/\/ecoinnovationnetwork.org\/#organization\",\"name\":\"EcoInnovation Network\",\"url\":\"https:\/\/ecoinnovationnetwork.org\/\",\"logo\":{\"@type\":\"ImageObject\",\"inLanguage\":\"es\",\"@id\":\"https:\/\/ecoinnovationnetwork.org\/#\/schema\/logo\/image\/\",\"url\":\"http:\/\/ecoinnovationnetwork.org\/wp-content\/uploads\/2019\/07\/CEC_EcoInnovation-Logo-Eng-RGB.png\",\"contentUrl\":\"http:\/\/ecoinnovationnetwork.org\/wp-content\/uploads\/2019\/07\/CEC_EcoInnovation-Logo-Eng-RGB.png\",\"width\":1462,\"height\":406,\"caption\":\"EcoInnovation Network\"},\"image\":{\"@id\":\"https:\/\/ecoinnovationnetwork.org\/#\/schema\/logo\/image\/\"}}]}<\/script>\n<!-- \/ Yoast SEO plugin. -->","yoast_head_json":{"title":"Nuestra misi\u00f3n - EcoInnovation Network - Where sustainability and entrepreneurship connect","robots":{"index":"index","follow":"follow","max-snippet":"max-snippet:-1","max-image-preview":"max-image-preview:large","max-video-preview":"max-video-preview:-1"},"canonical":"https:\/\/ecoinnovationnetwork.org\/our-mission\/","og_locale":"es_ES","og_type":"article","og_title":"Nuestra misi\u00f3n - EcoInnovation Network - Where sustainability and entrepreneurship connect","og_description":"Nuestra Misi\u00f3n Nuestra Misi\u00f3n Facilitar la creaci\u00f3n, mejoramiento y trabajo en red de centros para la innovaci\u00f3n en instituciones acad\u00e9micas en toda Am\u00e9rica del Norte, con el prop\u00f3sito de fomentar el liderazgo juvenil y comunitario en los \u00e1mbitos de la innovaci\u00f3n, emprendimiento y el crecimiento sustentable. Nuestra Visi\u00f3n Nuestra Visi\u00f3n \u200bBrindar a los j\u00f3venes y [&hellip;]","og_url":"https:\/\/ecoinnovationnetwork.org\/our-mission\/","og_site_name":"EcoInnovation Network","article_modified_time":"2019-07-24T18:41:16+00:00","og_image":[{"url":"http:\/\/ecoinnovationnetwork.org\/wp-content\/uploads\/2019\/06\/mission-background.png","type":"","width":"","height":""}],"twitter_card":"summary_large_image","twitter_misc":{"Tiempo de lectura":"1 minuto"},"schema":{"@context":"https:\/\/schema.org","@graph":[{"@type":"WebPage","@id":"https:\/\/ecoinnovationnetwork.org\/our-mission\/","url":"https:\/\/ecoinnovationnetwork.org\/our-mission\/","name":"Nuestra misi\u00f3n - EcoInnovation Network - Where sustainability and entrepreneurship connect","isPartOf":{"@id":"https:\/\/ecoinnovationnetwork.org\/#website"},"primaryImageOfPage":{"@id":"https:\/\/ecoinnovationnetwork.org\/our-mission\/#primaryimage"},"image":{"@id":"https:\/\/ecoinnovationnetwork.org\/our-mission\/#primaryimage"},"thumbnailUrl":"http:\/\/ecoinnovationnetwork.org\/wp-content\/uploads\/2019\/06\/mission-background.png","datePublished":"2019-06-20T02:05:46+00:00","dateModified":"2019-07-24T18:41:16+00:00","breadcrumb":{"@id":"https:\/\/ecoinnovationnetwork.org\/our-mission\/#breadcrumb"},"inLanguage":"es","potentialAction":[{"@type":"ReadAction","target":["https:\/\/ecoinnovationnetwork.org\/our-mission\/"]}]},{"@type":"ImageObject","inLanguage":"es","@id":"https:\/\/ecoinnovationnetwork.org\/our-mission\/#primaryimage","url":"http:\/\/ecoinnovationnetwork.org\/wp-content\/uploads\/2019\/06\/mission-background.png","contentUrl":"http:\/\/ecoinnovationnetwork.org\/wp-content\/uploads\/2019\/06\/mission-background.png"},{"@type":"BreadcrumbList","@id":"https:\/\/ecoinnovationnetwork.org\/our-mission\/#breadcrumb","itemListElement":[{"@type":"ListItem","position":1,"name":"Home","item":"https:\/\/ecoinnovationnetwork.org\/"},{"@type":"ListItem","position":2,"name":"Nuestra misi\u00f3n"}]},{"@type":"WebSite","@id":"https:\/\/ecoinnovationnetwork.org\/#website","url":"https:\/\/ecoinnovationnetwork.org\/","name":"EcoInnovation Network","description":"Where sustainability and entrepreneurship connect","publisher":{"@id":"https:\/\/ecoinnovationnetwork.org\/#organization"},"potentialAction":[{"@type":"SearchAction","target":{"@type":"EntryPoint","urlTemplate":"https:\/\/ecoinnovationnetwork.org\/?s={search_term_string}"},"query-input":{"@type":"PropertyValueSpecification","valueRequired":true,"valueName":"search_term_string"}}],"inLanguage":"es"},{"@type":"Organization","@id":"https:\/\/ecoinnovationnetwork.org\/#organization","name":"EcoInnovation Network","url":"https:\/\/ecoinnovationnetwork.org\/","logo":{"@type":"ImageObject","inLanguage":"es","@id":"https:\/\/ecoinnovationnetwork.org\/#\/schema\/logo\/image\/","url":"http:\/\/ecoinnovationnetwork.org\/wp-content\/uploads\/2019\/07\/CEC_EcoInnovation-Logo-Eng-RGB.png","contentUrl":"http:\/\/ecoinnovationnetwork.org\/wp-content\/uploads\/2019\/07\/CEC_EcoInnovation-Logo-Eng-RGB.png","width":1462,"height":406,"caption":"EcoInnovation Network"},"image":{"@id":"https:\/\/ecoinnovationnetwork.org\/#\/schema\/logo\/image\/"}}]}},"acf":[],"_links":{"self":[{"href":"https:\/\/ecoinnovationnetwork.org\/es\/wp-json\/wp\/v2\/pages\/699","targetHints":{"allow":["GET"]}}],"collection":[{"href":"https:\/\/ecoinnovationnetwork.org\/es\/wp-json\/wp\/v2\/pages"}],"about":[{"href":"https:\/\/ecoinnovationnetwork.org\/es\/wp-json\/wp\/v2\/types\/page"}],"author":[{"embeddable":true,"href":"https:\/\/ecoinnovationnetwork.org\/es\/wp-json\/wp\/v2\/users\/1"}],"replies":[{"embeddable":true,"href":"https:\/\/ecoinnovationnetwork.org\/es\/wp-json\/wp\/v2\/comments?post=699"}],"version-history":[{"count":8,"href":"https:\/\/ecoinnovationnetwork.org\/es\/wp-json\/wp\/v2\/pages\/699\/revisions"}],"predecessor-version":[{"id":1158,"href":"https:\/\/ecoinnovationnetwork.org\/es\/wp-json\/wp\/v2\/pages\/699\/revisions\/1158"}],"wp:attachment":[{"href":"https:\/\/ecoinnovationnetwork.org\/es\/wp-json\/wp\/v2\/media?parent=699"}],"curies":[{"name":"wp","href":"https:\/\/api.w.org\/{rel}","templated":true}]}}