{"id":697,"date":"2019-06-20T02:02:05","date_gmt":"2019-06-20T02:02:05","guid":{"rendered":"http:\/\/ecoinnovationnetwork.org\/contacto\/"},"modified":"2023-12-08T12:49:40","modified_gmt":"2023-12-08T17:49:40","slug":"contacto","status":"publish","type":"page","link":"https:\/\/ecoinnovationnetwork.org\/es\/contacto\/","title":{"rendered":"Contacto"},"content":{"rendered":"\t\t<div data-elementor-type=\"wp-post\" data-elementor-id=\"697\" class=\"elementor elementor-697 elementor-136\">\n\t\t\t\t\t\t<section class=\"elementor-section elementor-top-section elementor-element elementor-element-a1c2888 elementor-section-stretched elementor-section-full_width elementor-hidden-desktop elementor-hidden-tablet elementor-section-height-default elementor-section-height-default\" data-id=\"a1c2888\" data-element_type=\"section\" data-e-type=\"section\" data-settings=\"{&quot;stretch_section&quot;:&quot;section-stretched&quot;}\">\n\t\t\t\t\t\t<div class=\"elementor-container elementor-column-gap-no\">\n\t\t\t\t\t<div class=\"elementor-column elementor-col-100 elementor-top-column elementor-element elementor-element-d686e5f\" data-id=\"d686e5f\" data-element_type=\"column\" data-e-type=\"column\">\n\t\t\t<div class=\"elementor-widget-wrap elementor-element-populated\">\n\t\t\t\t\t\t<div class=\"elementor-element elementor-element-ed4ac1e elementor-widget elementor-widget-html\" data-id=\"ed4ac1e\" data-element_type=\"widget\" data-e-type=\"widget\" data-widget_type=\"html.default\">\n\t\t\t\t<div class=\"elementor-widget-container\">\n\t\t\t\t\t<!--This titles will display on mobile, to change this go to Edit Section->Advanced->Responsive-->\r\n<div class=\"green-ribbon-mobile\">\r\n\t\t<h2>Contacto<\/h2>\r\n<\/div>\t\t\t\t<\/div>\n\t\t\t\t<\/div>\n\t\t\t\t\t<\/div>\n\t\t<\/div>\n\t\t\t\t\t<\/div>\n\t\t<\/section>\n\t\t\t\t<section class=\"elementor-section elementor-top-section elementor-element elementor-element-0da6398 elementor-section-boxed elementor-section-height-default elementor-section-height-default\" data-id=\"0da6398\" data-element_type=\"section\" data-e-type=\"section\">\n\t\t\t\t\t\t<div class=\"elementor-container elementor-column-gap-default\">\n\t\t\t\t\t<div class=\"elementor-column elementor-col-100 elementor-top-column elementor-element elementor-element-a69578f\" data-id=\"a69578f\" data-element_type=\"column\" data-e-type=\"column\">\n\t\t\t<div class=\"elementor-widget-wrap elementor-element-populated\">\n\t\t\t\t\t\t<section class=\"elementor-section elementor-inner-section elementor-element elementor-element-af172e0 elementor-section-boxed elementor-section-height-default elementor-section-height-default\" data-id=\"af172e0\" data-element_type=\"section\" data-e-type=\"section\">\n\t\t\t\t\t\t<div class=\"elementor-container elementor-column-gap-default\">\n\t\t\t\t\t<div class=\"elementor-column elementor-col-33 elementor-inner-column elementor-element elementor-element-7aa02cf\" data-id=\"7aa02cf\" data-element_type=\"column\" data-e-type=\"column\">\n\t\t\t<div class=\"elementor-widget-wrap elementor-element-populated\">\n\t\t\t\t\t\t<div class=\"elementor-element elementor-element-89ffd10 elementor-hidden-phone elementor-widget elementor-widget-html\" data-id=\"89ffd10\" data-element_type=\"widget\" data-e-type=\"widget\" data-widget_type=\"html.default\">\n\t\t\t\t<div class=\"elementor-widget-container\">\n\t\t\t\t\t<!--This titles will display on tablet and desktop, to change this go to Edit Section->Advanced->Responsive-->\r\n<div class=\"ribbon-wrapper\">\r\n\t<div class=\"ribbon-front\" style=\"width:200px;\">\r\n\t\t<h2>Contacto<\/h2>\r\n\t<\/div>\r\n\t<div class=\"ribbon-edge-bottomleft\"><\/div>\r\n\t<div class=\"ribbon-edge-bottomright\"><\/div>\r\n\t<div class=\"ribbon-back-left\"><\/div>\r\n\t<div class=\"ribbon-back-right\"><\/div>\r\n<\/div>\r\n\t\t\t\t<\/div>\n\t\t\t\t<\/div>\n\t\t\t\t\t<\/div>\n\t\t<\/div>\n\t\t\t\t<div class=\"elementor-column elementor-col-33 elementor-inner-column elementor-element elementor-element-f2875d8\" data-id=\"f2875d8\" data-element_type=\"column\" data-e-type=\"column\">\n\t\t\t<div class=\"elementor-widget-wrap elementor-element-populated\">\n\t\t\t\t\t\t<div class=\"elementor-element elementor-element-af1d49b elementor-hidden-tablet elementor-hidden-phone elementor-widget elementor-widget-spacer\" data-id=\"af1d49b\" data-element_type=\"widget\" data-e-type=\"widget\" data-widget_type=\"spacer.default\">\n\t\t\t\t<div class=\"elementor-widget-container\">\n\t\t\t\t\t\t\t<div class=\"elementor-spacer\">\n\t\t\t<div class=\"elementor-spacer-inner\"><\/div>\n\t\t<\/div>\n\t\t\t\t\t\t<\/div>\n\t\t\t\t<\/div>\n\t\t\t\t<div class=\"elementor-element elementor-element-33121c8 elementor-widget elementor-widget-text-editor\" data-id=\"33121c8\" data-element_type=\"widget\" data-e-type=\"widget\" data-widget_type=\"text-editor.default\">\n\t\t\t\t<div class=\"elementor-widget-container\">\n\t\t\t\t\t\t\t\t\t<p>Para conocer m\u00e1s, o si tu centro para la innovaci\u00f3n est\u00e1 interesado en formar parte de la red, favor de contactar a: <\/p>\n\t\t\t\t\t\t\t\t<\/div>\n\t\t\t\t<\/div>\n\t\t\t\t<div class=\"elementor-element elementor-element-3161f28 elementor-view-framed elementor-position-inline-start elementor-shape-circle elementor-mobile-position-block-start elementor-widget elementor-widget-icon-box\" data-id=\"3161f28\" data-element_type=\"widget\" data-e-type=\"widget\" data-widget_type=\"icon-box.default\">\n\t\t\t\t<div class=\"elementor-widget-container\">\n\t\t\t\t\t\t\t<div class=\"elementor-icon-box-wrapper\">\n\n\t\t\t\t\t\t<div class=\"elementor-icon-box-icon\">\n\t\t\t\t<span  class=\"elementor-icon\">\n\t\t\t\t<i aria-hidden=\"true\" class=\"fas fa-envelope\"><\/i>\t\t\t\t<\/span>\n\t\t\t<\/div>\n\t\t\t\n\t\t\t\t\t\t<div class=\"elementor-icon-box-content\">\n\n\t\t\t\t\n\t\t\t\t\t\t\t\t\t<p class=\"elementor-icon-box-description\">\n\t\t\t\t\t\t<p><strong>Nicholas Palaschuk<\/strong><br>\n  <em>PhD Candidate, Sustainability Management<\/em><br>\n  <em>EIN Advisor- Partnerships &amp; Programs<\/em><br>\n  University of Waterloo<br>\n  <a href=\"mailto:npwpalas@uwaterloo.ca\">npwpalas@uwaterloo.ca<\/a><br>\n200 University Avenue West <br>\n  Waterloo, ON, Canada N2L 3G1<\/p>\t\t\t\t\t<\/p>\n\t\t\t\t\n\t\t\t<\/div>\n\t\t\t\n\t\t<\/div>\n\t\t\t\t\t\t<\/div>\n\t\t\t\t<\/div>\n\t\t\t\t<div class=\"elementor-element elementor-element-f2ef886 elementor-view-framed elementor-position-inline-start elementor-shape-circle elementor-mobile-position-block-start elementor-widget elementor-widget-icon-box\" data-id=\"f2ef886\" data-element_type=\"widget\" data-e-type=\"widget\" data-widget_type=\"icon-box.default\">\n\t\t\t\t<div class=\"elementor-widget-container\">\n\t\t\t\t\t\t\t<div class=\"elementor-icon-box-wrapper\">\n\n\t\t\t\t\t\t<div class=\"elementor-icon-box-icon\">\n\t\t\t\t<span  class=\"elementor-icon\">\n\t\t\t\t<i aria-hidden=\"true\" class=\"fas fa-envelope\"><\/i>\t\t\t\t<\/span>\n\t\t\t<\/div>\n\t\t\t\n\t\t\t\t\t\t<div class=\"elementor-icon-box-content\">\n\n\t\t\t\t\n\t\t\t\t\t\t\t\t\t<p class=\"elementor-icon-box-description\">\n\t\t\t\t\t\t<p><strong>M\u00f3nica  Valtierra Brestchneider<\/strong><br>\n<a href=\"mailto:mvaltierra@cec.org\">mvaltierra@cec.org<\/a><\/p>\t\t\t\t\t<\/p>\n\t\t\t\t\n\t\t\t<\/div>\n\t\t\t\n\t\t<\/div>\n\t\t\t\t\t\t<\/div>\n\t\t\t\t<\/div>\n\t\t\t\t<div class=\"elementor-element elementor-element-747a5ad elementor-widget-divider--view-line elementor-widget elementor-widget-divider\" data-id=\"747a5ad\" data-element_type=\"widget\" data-e-type=\"widget\" data-widget_type=\"divider.default\">\n\t\t\t\t<div class=\"elementor-widget-container\">\n\t\t\t\t\t\t\t<div class=\"elementor-divider\">\n\t\t\t<span class=\"elementor-divider-separator\">\n\t\t\t\t\t\t<\/span>\n\t\t<\/div>\n\t\t\t\t\t\t<\/div>\n\t\t\t\t<\/div>\n\t\t\t\t<div class=\"elementor-element elementor-element-4b9a8e5 elementor-view-framed elementor-position-inline-start elementor-shape-circle elementor-mobile-position-block-start elementor-widget elementor-widget-icon-box\" data-id=\"4b9a8e5\" data-element_type=\"widget\" data-e-type=\"widget\" data-widget_type=\"icon-box.default\">\n\t\t\t\t<div class=\"elementor-widget-container\">\n\t\t\t\t\t\t\t<div class=\"elementor-icon-box-wrapper\">\n\n\t\t\t\t\t\t<div class=\"elementor-icon-box-icon\">\n\t\t\t\t<span  class=\"elementor-icon\">\n\t\t\t\t<i aria-hidden=\"true\" class=\"fas fa-map-marker-alt\"><\/i>\t\t\t\t<\/span>\n\t\t\t<\/div>\n\t\t\t\n\t\t\t\t\t\t<div class=\"elementor-icon-box-content\">\n\n\t\t\t\t\n\t\t\t\t\t\t\t\t\t<p class=\"elementor-icon-box-description\">\n\t\t\t\t\t\t1001 Robert-Bourassa Boulevard<br>\nSuite 1620<br>\nMontr\u00e9al, Qu\u00e9bec, H3B 4L4<br>\t\t\t\t\t<\/p>\n\t\t\t\t\n\t\t\t<\/div>\n\t\t\t\n\t\t<\/div>\n\t\t\t\t\t\t<\/div>\n\t\t\t\t<\/div>\n\t\t\t\t<div class=\"elementor-element elementor-element-5c5f64e elementor-view-framed elementor-position-inline-start elementor-shape-circle elementor-mobile-position-block-start elementor-widget elementor-widget-icon-box\" data-id=\"5c5f64e\" data-element_type=\"widget\" data-e-type=\"widget\" data-widget_type=\"icon-box.default\">\n\t\t\t\t<div class=\"elementor-widget-container\">\n\t\t\t\t\t\t\t<div class=\"elementor-icon-box-wrapper\">\n\n\t\t\t\t\t\t<div class=\"elementor-icon-box-icon\">\n\t\t\t\t<span  class=\"elementor-icon\">\n\t\t\t\t<i aria-hidden=\"true\" class=\"fas fa-phone\"><\/i>\t\t\t\t<\/span>\n\t\t\t<\/div>\n\t\t\t\n\t\t\t\t\t\t<div class=\"elementor-icon-box-content\">\n\n\t\t\t\t\n\t\t\t\t\t\t\t\t\t<p class=\"elementor-icon-box-description\">\n\t\t\t\t\t\tTel:  +1 514.350.4300 <br>\nFax: +1 438.701.1434\t\t\t\t\t<\/p>\n\t\t\t\t\n\t\t\t<\/div>\n\t\t\t\n\t\t<\/div>\n\t\t\t\t\t\t<\/div>\n\t\t\t\t<\/div>\n\t\t\t\t\t<\/div>\n\t\t<\/div>\n\t\t\t\t<div class=\"elementor-column elementor-col-33 elementor-inner-column elementor-element elementor-element-9b5547d\" data-id=\"9b5547d\" data-element_type=\"column\" data-e-type=\"column\">\n\t\t\t<div class=\"elementor-widget-wrap elementor-element-populated\">\n\t\t\t\t\t\t<div class=\"elementor-element elementor-element-aa90366 elementor-hidden-tablet elementor-hidden-phone elementor-widget elementor-widget-spacer\" data-id=\"aa90366\" data-element_type=\"widget\" data-e-type=\"widget\" data-widget_type=\"spacer.default\">\n\t\t\t\t<div class=\"elementor-widget-container\">\n\t\t\t\t\t\t\t<div class=\"elementor-spacer\">\n\t\t\t<div class=\"elementor-spacer-inner\"><\/div>\n\t\t<\/div>\n\t\t\t\t\t\t<\/div>\n\t\t\t\t<\/div>\n\t\t\t\t<div class=\"elementor-element elementor-element-2bed442 elementor-widget elementor-widget-google_maps\" data-id=\"2bed442\" data-element_type=\"widget\" data-e-type=\"widget\" data-widget_type=\"google_maps.default\">\n\t\t\t\t<div class=\"elementor-widget-container\">\n\t\t\t\t\t\t\t<div class=\"elementor-custom-embed\">\n\t\t\t<iframe loading=\"lazy\"\n\t\t\t\t\tsrc=\"https:\/\/maps.google.com\/maps?q=700%20Rue%20de%20la%20Gaucheti%C3%A8re%20O%20Montr%C3%A9al%2C%20QC%20H3B%204L5%20Canada&#038;t=m&#038;z=16&#038;output=embed&#038;iwloc=near\"\n\t\t\t\t\ttitle=\"700 Rue de la Gaucheti\u00e8re O Montr\u00e9al, QC H3B 4L5 Canada\"\n\t\t\t\t\taria-label=\"700 Rue de la Gaucheti\u00e8re O Montr\u00e9al, QC H3B 4L5 Canada\"\n\t\t\t><\/iframe>\n\t\t<\/div>\n\t\t\t\t\t\t<\/div>\n\t\t\t\t<\/div>\n\t\t\t\t\t<\/div>\n\t\t<\/div>\n\t\t\t\t\t<\/div>\n\t\t<\/section>\n\t\t\t\t\t<\/div>\n\t\t<\/div>\n\t\t\t\t\t<\/div>\n\t\t<\/section>\n\t\t\t\t<\/div>\n\t\t","protected":false},"excerpt":{"rendered":"<p>Contacto Contacto Para conocer m\u00e1s, o si tu centro para la innovaci\u00f3n est\u00e1 interesado en formar parte de la red, favor de contactar a: Nicholas Palaschuk PhD Candidate, Sustainability Management EIN Advisor- Partnerships &#038; Programs University of Waterloo npwpalas@uwaterloo.ca 200 University Avenue West Waterloo, ON, Canada N2L 3G1 M\u00f3nica Valtierra Brestchneider mvaltierra@cec.org 1001 Robert-Bourassa Boulevard [&hellip;]<\/p>\n","protected":false},"author":1,"featured_media":0,"parent":0,"menu_order":0,"comment_status":"closed","ping_status":"closed","template":"elementor_header_footer","meta":{"_acf_changed":false,"footnotes":""},"class_list":["post-697","page","type-page","status-publish","hentry"],"yoast_head":"<!-- This site is optimized with the Yoast SEO plugin v27.0 - https:\/\/yoast.com\/product\/yoast-seo-wordpress\/ -->\n<title>Contacto - EcoInnovation Network - Where sustainability and entrepreneurship connect<\/title>\n<meta name=\"robots\" content=\"index, follow, max-snippet:-1, max-image-preview:large, max-video-preview:-1\" \/>\n<link rel=\"canonical\" href=\"https:\/\/ecoinnovationnetwork.org\/contact\/\" \/>\n<meta property=\"og:locale\" content=\"es_ES\" \/>\n<meta property=\"og:type\" content=\"article\" \/>\n<meta property=\"og:title\" content=\"Contacto - EcoInnovation Network - Where sustainability and entrepreneurship connect\" \/>\n<meta property=\"og:description\" content=\"Contacto Contacto Para conocer m\u00e1s, o si tu centro para la innovaci\u00f3n est\u00e1 interesado en formar parte de la red, favor de contactar a: Nicholas Palaschuk PhD Candidate, Sustainability Management EIN Advisor- Partnerships &#038; Programs University of Waterloo npwpalas@uwaterloo.ca 200 University Avenue West Waterloo, ON, Canada N2L 3G1 M\u00f3nica Valtierra Brestchneider mvaltierra@cec.org 1001 Robert-Bourassa Boulevard [&hellip;]\" \/>\n<meta property=\"og:url\" content=\"https:\/\/ecoinnovationnetwork.org\/contact\/\" \/>\n<meta property=\"og:site_name\" content=\"EcoInnovation Network\" \/>\n<meta property=\"article:modified_time\" content=\"2023-12-08T17:49:40+00:00\" \/>\n<meta property=\"og:image\" content=\"https:\/\/ecoinnovationnetwork.org\/wp-content\/uploads\/2019\/04\/06-e1556726484459.jpg\" \/>\n\t<meta property=\"og:image:width\" content=\"1920\" \/>\n\t<meta property=\"og:image:height\" content=\"1118\" \/>\n\t<meta property=\"og:image:type\" content=\"image\/jpeg\" \/>\n<meta name=\"twitter:card\" content=\"summary_large_image\" \/>\n<meta name=\"twitter:label1\" content=\"Tiempo de lectura\" \/>\n\t<meta name=\"twitter:data1\" content=\"1 minuto\" \/>\n<script type=\"application\/ld+json\" class=\"yoast-schema-graph\">{\"@context\":\"https:\/\/schema.org\",\"@graph\":[{\"@type\":\"WebPage\",\"@id\":\"https:\/\/ecoinnovationnetwork.org\/contact\/\",\"url\":\"https:\/\/ecoinnovationnetwork.org\/contact\/\",\"name\":\"Contacto - EcoInnovation Network - Where sustainability and entrepreneurship connect\",\"isPartOf\":{\"@id\":\"https:\/\/ecoinnovationnetwork.org\/#website\"},\"datePublished\":\"2019-06-20T02:02:05+00:00\",\"dateModified\":\"2023-12-08T17:49:40+00:00\",\"breadcrumb\":{\"@id\":\"https:\/\/ecoinnovationnetwork.org\/contact\/#breadcrumb\"},\"inLanguage\":\"es\",\"potentialAction\":[{\"@type\":\"ReadAction\",\"target\":[\"https:\/\/ecoinnovationnetwork.org\/contact\/\"]}]},{\"@type\":\"BreadcrumbList\",\"@id\":\"https:\/\/ecoinnovationnetwork.org\/contact\/#breadcrumb\",\"itemListElement\":[{\"@type\":\"ListItem\",\"position\":1,\"name\":\"Home\",\"item\":\"https:\/\/ecoinnovationnetwork.org\/\"},{\"@type\":\"ListItem\",\"position\":2,\"name\":\"Contacto\"}]},{\"@type\":\"WebSite\",\"@id\":\"https:\/\/ecoinnovationnetwork.org\/#website\",\"url\":\"https:\/\/ecoinnovationnetwork.org\/\",\"name\":\"EcoInnovation Network\",\"description\":\"Where sustainability and entrepreneurship connect\",\"publisher\":{\"@id\":\"https:\/\/ecoinnovationnetwork.org\/#organization\"},\"potentialAction\":[{\"@type\":\"SearchAction\",\"target\":{\"@type\":\"EntryPoint\",\"urlTemplate\":\"https:\/\/ecoinnovationnetwork.org\/?s={search_term_string}\"},\"query-input\":{\"@type\":\"PropertyValueSpecification\",\"valueRequired\":true,\"valueName\":\"search_term_string\"}}],\"inLanguage\":\"es\"},{\"@type\":\"Organization\",\"@id\":\"https:\/\/ecoinnovationnetwork.org\/#organization\",\"name\":\"EcoInnovation Network\",\"url\":\"https:\/\/ecoinnovationnetwork.org\/\",\"logo\":{\"@type\":\"ImageObject\",\"inLanguage\":\"es\",\"@id\":\"https:\/\/ecoinnovationnetwork.org\/#\/schema\/logo\/image\/\",\"url\":\"http:\/\/ecoinnovationnetwork.org\/wp-content\/uploads\/2019\/07\/CEC_EcoInnovation-Logo-Eng-RGB.png\",\"contentUrl\":\"http:\/\/ecoinnovationnetwork.org\/wp-content\/uploads\/2019\/07\/CEC_EcoInnovation-Logo-Eng-RGB.png\",\"width\":1462,\"height\":406,\"caption\":\"EcoInnovation Network\"},\"image\":{\"@id\":\"https:\/\/ecoinnovationnetwork.org\/#\/schema\/logo\/image\/\"}}]}<\/script>\n<!-- \/ Yoast SEO plugin. -->","yoast_head_json":{"title":"Contacto - EcoInnovation Network - Where sustainability and entrepreneurship connect","robots":{"index":"index","follow":"follow","max-snippet":"max-snippet:-1","max-image-preview":"max-image-preview:large","max-video-preview":"max-video-preview:-1"},"canonical":"https:\/\/ecoinnovationnetwork.org\/contact\/","og_locale":"es_ES","og_type":"article","og_title":"Contacto - EcoInnovation Network - Where sustainability and entrepreneurship connect","og_description":"Contacto Contacto Para conocer m\u00e1s, o si tu centro para la innovaci\u00f3n est\u00e1 interesado en formar parte de la red, favor de contactar a: Nicholas Palaschuk PhD Candidate, Sustainability Management EIN Advisor- Partnerships &#038; Programs University of Waterloo npwpalas@uwaterloo.ca 200 University Avenue West Waterloo, ON, Canada N2L 3G1 M\u00f3nica Valtierra Brestchneider mvaltierra@cec.org 1001 Robert-Bourassa Boulevard [&hellip;]","og_url":"https:\/\/ecoinnovationnetwork.org\/contact\/","og_site_name":"EcoInnovation Network","article_modified_time":"2023-12-08T17:49:40+00:00","og_image":[{"width":1920,"height":1118,"url":"https:\/\/ecoinnovationnetwork.org\/wp-content\/uploads\/2019\/04\/06-e1556726484459.jpg","type":"image\/jpeg"}],"twitter_card":"summary_large_image","twitter_misc":{"Tiempo de lectura":"1 minuto"},"schema":{"@context":"https:\/\/schema.org","@graph":[{"@type":"WebPage","@id":"https:\/\/ecoinnovationnetwork.org\/contact\/","url":"https:\/\/ecoinnovationnetwork.org\/contact\/","name":"Contacto - EcoInnovation Network - Where sustainability and entrepreneurship connect","isPartOf":{"@id":"https:\/\/ecoinnovationnetwork.org\/#website"},"datePublished":"2019-06-20T02:02:05+00:00","dateModified":"2023-12-08T17:49:40+00:00","breadcrumb":{"@id":"https:\/\/ecoinnovationnetwork.org\/contact\/#breadcrumb"},"inLanguage":"es","potentialAction":[{"@type":"ReadAction","target":["https:\/\/ecoinnovationnetwork.org\/contact\/"]}]},{"@type":"BreadcrumbList","@id":"https:\/\/ecoinnovationnetwork.org\/contact\/#breadcrumb","itemListElement":[{"@type":"ListItem","position":1,"name":"Home","item":"https:\/\/ecoinnovationnetwork.org\/"},{"@type":"ListItem","position":2,"name":"Contacto"}]},{"@type":"WebSite","@id":"https:\/\/ecoinnovationnetwork.org\/#website","url":"https:\/\/ecoinnovationnetwork.org\/","name":"EcoInnovation Network","description":"Where sustainability and entrepreneurship connect","publisher":{"@id":"https:\/\/ecoinnovationnetwork.org\/#organization"},"potentialAction":[{"@type":"SearchAction","target":{"@type":"EntryPoint","urlTemplate":"https:\/\/ecoinnovationnetwork.org\/?s={search_term_string}"},"query-input":{"@type":"PropertyValueSpecification","valueRequired":true,"valueName":"search_term_string"}}],"inLanguage":"es"},{"@type":"Organization","@id":"https:\/\/ecoinnovationnetwork.org\/#organization","name":"EcoInnovation Network","url":"https:\/\/ecoinnovationnetwork.org\/","logo":{"@type":"ImageObject","inLanguage":"es","@id":"https:\/\/ecoinnovationnetwork.org\/#\/schema\/logo\/image\/","url":"http:\/\/ecoinnovationnetwork.org\/wp-content\/uploads\/2019\/07\/CEC_EcoInnovation-Logo-Eng-RGB.png","contentUrl":"http:\/\/ecoinnovationnetwork.org\/wp-content\/uploads\/2019\/07\/CEC_EcoInnovation-Logo-Eng-RGB.png","width":1462,"height":406,"caption":"EcoInnovation Network"},"image":{"@id":"https:\/\/ecoinnovationnetwork.org\/#\/schema\/logo\/image\/"}}]}},"acf":[],"_links":{"self":[{"href":"https:\/\/ecoinnovationnetwork.org\/es\/wp-json\/wp\/v2\/pages\/697","targetHints":{"allow":["GET"]}}],"collection":[{"href":"https:\/\/ecoinnovationnetwork.org\/es\/wp-json\/wp\/v2\/pages"}],"about":[{"href":"https:\/\/ecoinnovationnetwork.org\/es\/wp-json\/wp\/v2\/types\/page"}],"author":[{"embeddable":true,"href":"https:\/\/ecoinnovationnetwork.org\/es\/wp-json\/wp\/v2\/users\/1"}],"replies":[{"embeddable":true,"href":"https:\/\/ecoinnovationnetwork.org\/es\/wp-json\/wp\/v2\/comments?post=697"}],"version-history":[{"count":21,"href":"https:\/\/ecoinnovationnetwork.org\/es\/wp-json\/wp\/v2\/pages\/697\/revisions"}],"predecessor-version":[{"id":2472,"href":"https:\/\/ecoinnovationnetwork.org\/es\/wp-json\/wp\/v2\/pages\/697\/revisions\/2472"}],"wp:attachment":[{"href":"https:\/\/ecoinnovationnetwork.org\/es\/wp-json\/wp\/v2\/media?parent=697"}],"curies":[{"name":"wp","href":"https:\/\/api.w.org\/{rel}","templated":true}]}}